{"id":2,"date":"2021-03-05T08:59:23","date_gmt":"2021-03-05T08:59:23","guid":{"rendered":"http:\/\/parcavs.com\/?page_id=2"},"modified":"2023-11-06T12:45:00","modified_gmt":"2023-11-06T10:45:00","slug":"iade-ve-teslimat-sartlari","status":"publish","type":"page","link":"https:\/\/parcavs.com\/index.php\/iade-ve-teslimat-sartlari\/","title":{"rendered":"\u0130ade ve Teslimat \u015eartlar\u0131"},"content":{"rendered":"<p>\n\n\n<\/p>\n<p>\u2022 Sat\u0131lan \u00fcr\u00fcn\u00fcn iade i\u015flemlerinin d\u00fczg\u00fcn bir \u015fekilde ger\u00e7ekle\u015ftirilebilmesi i\u00e7in m\u00fc\u015fteri sipari\u015fi kendisine teslim edildi\u011fi anda kargo yetkilisi nezdinde kontrol etmeli kargo paketinde ya da ambalaj\u0131nda herhangi bir k\u0131r\u0131lma, bozulma, kutunun a\u00e7\u0131lmas\u0131, ezilme gibi durumu varsa \u00fcr\u00fcn\u00fc teslim almadan tutanak tutturarak iade i\u015flemini yapmal\u0131d\u0131r. \u00dcr\u00fcn\u00fc teslim ald\u0131ktan sonra \u00fcr\u00fcne zarar verildi\u011fi iddias\u0131 ile yap\u0131lan iadeler kabul edilemez.<\/p>\n<p>\u2022 Sat\u0131lan \u00fcr\u00fcnlerin iadesi sadece a\u015fa\u011f\u0131daki durumlarda m\u00fcmk\u00fcnd\u00fcr:<\/p>\n<p>Firmam\u0131zdan kaynaklanan yanl\u0131\u015f g\u00f6nderilerde ve sat\u0131lan \u00fcr\u00fcnde fabrikasyon hatas\u0131 olmas\u0131 durumunda,<br>Sat\u0131lan \u00fcr\u00fcn\u00fcn nakliyat esnas\u0131nda zarar g\u00f6rmesinde,<\/p>\n<p>\u2022 \u0130ade i\u015flemi i\u00e7in ileti\u015fim b\u00f6l\u00fcm\u00fcnden mesaj g\u00f6ndererek veya 0(533)-324-57-83 nolu telefonlar\u0131m\u0131zdan bizimle irtibata ge\u00e7ip iade i\u015flemini ger\u00e7ekle\u015ftirebilirsiniz.<\/p>\n<p>\u2022 Sat\u0131n al\u0131nan \u00fcr\u00fcn\u00fcn iadesi teslim tarihinden itibaren 7 g\u00fcn i\u00e7inde ger\u00e7ekle\u015ftirilmelidir.<\/p>\n<p>\u2022 \u0130ade edilecek \u00fcr\u00fcn hasars\u0131z orijinal ambalaj\u0131nda ve tekrar sat\u0131labilecek durumda olmal\u0131d\u0131r.<\/p>\n<p>\u2022 \u0130adesi ger\u00e7ekle\u015ftirilen \u00fcr\u00fcnlerin m\u00fc\u015fteri hatalar\u0131ndan kaynakl\u0131 iadelerde kargo masraflar\u0131 m\u00fc\u015fteriye ait olup, kargo \u00fccreti \u00f6denmeyen \u00fcr\u00fcnler kesinlikle kabul edilmeyecektir. Ancak mal\u0131n kusurlu \u00e7\u0131kmas\u0131 durumunda iade masraflar\u0131 sat\u0131c\u0131 taraf\u0131ndan kar\u015f\u0131lan\u0131r.<\/p>\n<p>\u2022 Parcavs.com adresinden yap\u0131lan al\u0131\u015fveri\u015flerde ayd\u0131nlatma ve kaporta aksam\u0131 \u00fcr\u00fcnler yanl\u0131\u015f veya bozuk olmad\u0131k\u00e7a bu \u00fcr\u00fcnlerin iadesi kesinlikle kabul edilmeyecektir.<\/p>\n<p>\u2022 \u0130adesi yap\u0131lacak \u00fcr\u00fcn t\u00fcketiciye fatura edilmi\u015f ise, \u00fcr\u00fcnlerle ile birlikte g\u00f6nderilen 2 n\u00fcsha fatura, \u015fayet ticari i\u015fletmeye fatura edilmi\u015f ise kesilecek olan iade faturas\u0131 iade edilecek \u00fcr\u00fcnlerle birlikte g\u00f6nderilmek zorundad\u0131r.<\/p>\n<p>\u00d6nemli Uyar\u0131: Kar\u015f\u0131l\u0131kl\u0131 Mutabakat Sa\u011flanmaks\u0131z\u0131n Yap\u0131lan Tek Tarafl\u0131 \u0130adeler Kesinlikle Kabul Edilmeyecektir.&nbsp;<\/p>\n","protected":false},"excerpt":{"rendered":"<p>\u2022 Sat\u0131lan \u00fcr\u00fcn\u00fcn iade i\u015flemlerinin d\u00fczg\u00fcn bir \u015fekilde ger\u00e7ekle\u015ftirilebilmesi i\u00e7in m\u00fc\u015fteri sipari\u015fi kendisine teslim edildi\u011fi anda kargo yetkilisi nezdinde kontrol etmeli kargo paketinde ya da ambalaj\u0131nda herhangi bir k\u0131r\u0131lma, bozulma, kutunun a\u00e7\u0131lmas\u0131, ezilme gibi durumu varsa \u00fcr\u00fcn\u00fc teslim almadan tutanak tutturarak iade i\u015flemini yapmal\u0131d\u0131r. \u00dcr\u00fcn\u00fc teslim ald\u0131ktan sonra \u00fcr\u00fcne zarar verildi\u011fi iddias\u0131 ile yap\u0131lan iadeler [&hellip;]<\/p>\n","protected":false},"author":1,"featured_media":0,"parent":0,"menu_order":0,"comment_status":"closed","ping_status":"open","template":"","meta":{"_monsterinsights_skip_tracking":false,"_monsterinsights_sitenote_active":false,"_monsterinsights_sitenote_note":"","_monsterinsights_sitenote_category":0,"footnotes":""},"class_list":["post-2","page","type-page","status-publish","hentry"],"_links":{"self":[{"href":"https:\/\/parcavs.com\/index.php\/wp-json\/wp\/v2\/pages\/2","targetHints":{"allow":["GET"]}}],"collection":[{"href":"https:\/\/parcavs.com\/index.php\/wp-json\/wp\/v2\/pages"}],"about":[{"href":"https:\/\/parcavs.com\/index.php\/wp-json\/wp\/v2\/types\/page"}],"author":[{"embeddable":true,"href":"https:\/\/parcavs.com\/index.php\/wp-json\/wp\/v2\/users\/1"}],"replies":[{"embeddable":true,"href":"https:\/\/parcavs.com\/index.php\/wp-json\/wp\/v2\/comments?post=2"}],"version-history":[{"count":13,"href":"https:\/\/parcavs.com\/index.php\/wp-json\/wp\/v2\/pages\/2\/revisions"}],"predecessor-version":[{"id":23081,"href":"https:\/\/parcavs.com\/index.php\/wp-json\/wp\/v2\/pages\/2\/revisions\/23081"}],"wp:attachment":[{"href":"https:\/\/parcavs.com\/index.php\/wp-json\/wp\/v2\/media?parent=2"}],"curies":[{"name":"wp","href":"https:\/\/api.w.org\/{rel}","templated":true}]}}