{"id":3403,"date":"2021-04-30T21:09:27","date_gmt":"2021-04-30T18:09:27","guid":{"rendered":"https:\/\/parcavs.com\/?page_id=3403"},"modified":"2024-02-14T16:54:47","modified_gmt":"2024-02-14T14:54:47","slug":"urun-gonderimi-ve-saatleri","status":"publish","type":"page","link":"https:\/\/parcavs.com\/index.php\/urun-gonderimi-ve-saatleri\/","title":{"rendered":"\u00dcr\u00fcn G\u00f6nderimi ve Saatleri"},"content":{"rendered":"\n<p>Saat 16.00&#8217;ya kadar sipari\u015f etti\u011finiz \u00fcr\u00fcnler ayn\u0131 g\u00fcn kargoya verilir. <\/p>\n\n\n\n<p>Saat 16.00&#8217;dan sonra gelen sipari\u015fleriniz i\u00e7in ertesi g\u00fcn kargoya verilir.<\/p>\n\n\n\n<p>Anla\u015fmal\u0131 oldu\u011fumuz kargo \u015firketi PTT Kargo&#8217;dur. Sipari\u015f etmi\u015f<\/p>\n\n\n\n<p>oldu\u011funuz \u00fcr\u00fcnler PTT Kargo ile yapm\u0131\u015f oldu\u011fumuz anla\u015fmal\u0131 tarife <\/p>\n\n\n\n<p>\u00fczerinden &#8220;\u00dccret Al\u0131c\u0131&#8221; olarak taraf\u0131n\u0131za g\u00f6nderilecektir. Kargo ta\u015f\u0131ma<\/p>\n\n\n\n<p>\u00fccreti al\u0131c\u0131ya aittir.<\/p>\n","protected":false},"excerpt":{"rendered":"<p>Saat 16.00&#8217;ya kadar sipari\u015f etti\u011finiz \u00fcr\u00fcnler ayn\u0131 g\u00fcn kargoya verilir. Saat 16.00&#8217;dan sonra gelen sipari\u015fleriniz i\u00e7in ertesi g\u00fcn kargoya verilir. Anla\u015fmal\u0131 oldu\u011fumuz kargo \u015firketi PTT Kargo&#8217;dur. Sipari\u015f etmi\u015f oldu\u011funuz \u00fcr\u00fcnler PTT Kargo ile yapm\u0131\u015f oldu\u011fumuz anla\u015fmal\u0131 tarife \u00fczerinden &#8220;\u00dccret Al\u0131c\u0131&#8221; olarak taraf\u0131n\u0131za g\u00f6nderilecektir. Kargo ta\u015f\u0131ma \u00fccreti al\u0131c\u0131ya aittir.<\/p>\n","protected":false},"author":1,"featured_media":0,"parent":0,"menu_order":0,"comment_status":"closed","ping_status":"closed","template":"","meta":{"_monsterinsights_skip_tracking":false,"_monsterinsights_sitenote_active":false,"_monsterinsights_sitenote_note":"","_monsterinsights_sitenote_category":0,"footnotes":""},"class_list":["post-3403","page","type-page","status-publish","hentry"],"_links":{"self":[{"href":"https:\/\/parcavs.com\/index.php\/wp-json\/wp\/v2\/pages\/3403","targetHints":{"allow":["GET"]}}],"collection":[{"href":"https:\/\/parcavs.com\/index.php\/wp-json\/wp\/v2\/pages"}],"about":[{"href":"https:\/\/parcavs.com\/index.php\/wp-json\/wp\/v2\/types\/page"}],"author":[{"embeddable":true,"href":"https:\/\/parcavs.com\/index.php\/wp-json\/wp\/v2\/users\/1"}],"replies":[{"embeddable":true,"href":"https:\/\/parcavs.com\/index.php\/wp-json\/wp\/v2\/comments?post=3403"}],"version-history":[{"count":4,"href":"https:\/\/parcavs.com\/index.php\/wp-json\/wp\/v2\/pages\/3403\/revisions"}],"predecessor-version":[{"id":29411,"href":"https:\/\/parcavs.com\/index.php\/wp-json\/wp\/v2\/pages\/3403\/revisions\/29411"}],"wp:attachment":[{"href":"https:\/\/parcavs.com\/index.php\/wp-json\/wp\/v2\/media?parent=3403"}],"curies":[{"name":"wp","href":"https:\/\/api.w.org\/{rel}","templated":true}]}}