{"id":43,"date":"2017-12-17T10:06:43","date_gmt":"2017-12-17T10:06:43","guid":{"rendered":"http:\/\/parcavs.com\/index.php\/about\/"},"modified":"2024-01-26T14:55:04","modified_gmt":"2024-01-26T12:55:04","slug":"hakkimizda","status":"publish","type":"page","link":"https:\/\/parcavs.com\/index.php\/hakkimizda\/","title":{"rendered":"Hakk\u0131m\u0131zda"},"content":{"rendered":"<p><img fetchpriority=\"high\" decoding=\"async\" src=\"https:\/\/parcavs.com\/wp-content\/uploads\/2021\/03\/indir-1.png\" sizes=\"(max-width: 480px) 100vw, 480px\" srcset=\"https:\/\/parcavs.com\/wp-content\/uploads\/2021\/03\/indir-1.png 480w, https:\/\/parcavs.com\/wp-content\/uploads\/2021\/03\/indir-1-300x66.png 300w, https:\/\/parcavs.com\/wp-content\/uploads\/2021\/03\/indir-1-416x91.png 416w\" alt=\"iveco logo\" width=\"480\" height=\"105\" \/><\/p>\n<h4><strong>Hakk\u0131m\u0131zda<\/strong><\/h4>\n<p>IVECO marka kamyon, kamyonet, van ve \u00e7ekici\u00a0 orjinal yedek par\u00e7a ve ara\u00e7 \u00fcst\u00fc kasa ekipmanlar\u0131 online sat\u0131\u015f merkezimizde sipari\u015f etti\u011finiz \u00fcr\u00fcnler titizlikle haz\u0131rlan\u0131r ve ayn\u0131 g\u00fcn kargoya verilir.<\/p>\n<h4><strong>\u0130leti\u015fim:<\/strong><\/h4>\n<p>HASAN \u00d6ZER VE ORT KOLL \u015eT\u0130<\/p>\n<p>\u00c7ar\u015f\u0131 Mah. Sahil Cad. No:21\/A Ortahisar TRABZON<\/p>\n","protected":false},"excerpt":{"rendered":"<p>Hakk\u0131m\u0131zda IVECO marka kamyon, kamyonet, van ve \u00e7ekici\u00a0 orjinal yedek par\u00e7a ve ara\u00e7 \u00fcst\u00fc kasa ekipmanlar\u0131 online sat\u0131\u015f merkezimizde sipari\u015f etti\u011finiz \u00fcr\u00fcnler titizlikle haz\u0131rlan\u0131r ve ayn\u0131 g\u00fcn kargoya verilir. \u0130leti\u015fim: HASAN \u00d6ZER VE ORT KOLL \u015eT\u0130 \u00c7ar\u015f\u0131 Mah. Sahil Cad. No:21\/A Ortahisar TRABZON<\/p>\n","protected":false},"author":1,"featured_media":0,"parent":0,"menu_order":0,"comment_status":"closed","ping_status":"closed","template":"","meta":{"_monsterinsights_skip_tracking":false,"_monsterinsights_sitenote_active":false,"_monsterinsights_sitenote_note":"","_monsterinsights_sitenote_category":0,"footnotes":""},"class_list":["post-43","page","type-page","status-publish","hentry"],"_links":{"self":[{"href":"https:\/\/parcavs.com\/index.php\/wp-json\/wp\/v2\/pages\/43","targetHints":{"allow":["GET"]}}],"collection":[{"href":"https:\/\/parcavs.com\/index.php\/wp-json\/wp\/v2\/pages"}],"about":[{"href":"https:\/\/parcavs.com\/index.php\/wp-json\/wp\/v2\/types\/page"}],"author":[{"embeddable":true,"href":"https:\/\/parcavs.com\/index.php\/wp-json\/wp\/v2\/users\/1"}],"replies":[{"embeddable":true,"href":"https:\/\/parcavs.com\/index.php\/wp-json\/wp\/v2\/comments?post=43"}],"version-history":[{"count":18,"href":"https:\/\/parcavs.com\/index.php\/wp-json\/wp\/v2\/pages\/43\/revisions"}],"predecessor-version":[{"id":28299,"href":"https:\/\/parcavs.com\/index.php\/wp-json\/wp\/v2\/pages\/43\/revisions\/28299"}],"wp:attachment":[{"href":"https:\/\/parcavs.com\/index.php\/wp-json\/wp\/v2\/media?parent=43"}],"curies":[{"name":"wp","href":"https:\/\/api.w.org\/{rel}","templated":true}]}}