{"id":17274,"date":"2024-09-30T15:13:36","date_gmt":"2024-09-30T12:13:36","guid":{"rendered":"https:\/\/parcavs.com\/?post_type=product&#038;p=17274"},"modified":"2025-03-31T01:00:01","modified_gmt":"2025-03-30T22:00:01","slug":"mapo-segman-takimi-65mm-mh-65","status":"publish","type":"product","link":"https:\/\/parcavs.com\/index.php\/product\/mapo-segman-takimi-65mm-mh-65\/","title":{"rendered":"Mapo Segman Tak\u0131m\u0131 65mm MH-65"},"content":{"rendered":"<p>MH-65 Mapo Segman Tak\u0131m\u0131 65mm<br \/>\nKompres\u00f6r Segman Tak\u0131m\u0131<br \/>\n\u00dcretici Firma: Mapo<br \/>\nFiyatlar\u0131m\u0131za KDV \u00fccreti dahildir<br \/>\nAd\u0131n\u0131za fatural\u0131 olarak g\u00f6nderilecektir.<br \/>\nKargo ta\u015f\u0131ma \u00fccreti al\u0131c\u0131ya aittir.<br \/>\nAnla\u015fmal\u0131 oldu\u011fumuz kargo firmas\u0131 arac\u0131l\u0131\u011f\u0131yla<br \/>\n\u00dccret al\u0131c\u0131 olarak taraf\u0131n\u0131za g\u00f6nderilecektir.<\/p>\n<hr \/>\n<p>&nbsp;<\/p>\n<p>&nbsp;<\/p>\n","protected":false},"excerpt":{"rendered":"<p><strong>MH-65<\/strong> Mapo <strong>Segman<\/strong> Tak\u0131m\u0131 <strong>65mm<\/strong><br \/>\n<strong>Kompres\u00f6r Segman Tak\u0131m\u0131<\/strong><br \/>\n\u00dcretici Firma: <strong>Mapo<\/strong><br \/>\nFiyatlar\u0131m\u0131za KDV \u00fccreti dahildir<br \/>\nAd\u0131n\u0131za <strong>fatural\u0131<\/strong> olarak g\u00f6nderilecektir.<br \/>\n<strong>Kargo<\/strong> ta\u015f\u0131ma \u00fccreti <strong>al\u0131c\u0131ya<\/strong> aittir.<\/p>\n","protected":false},"featured_media":36358,"comment_status":"open","ping_status":"closed","template":"","meta":{"_monsterinsights_skip_tracking":false,"_monsterinsights_sitenote_active":false,"_monsterinsights_sitenote_note":"","_monsterinsights_sitenote_category":0},"product_brand":[],"product_cat":[15],"product_tag":[14808,14807,14810,14809],"class_list":{"0":"post-17274","1":"product","2":"type-product","3":"status-publish","4":"has-post-thumbnail","6":"product_cat-diger","7":"product_tag-kompresor-segman-takimi","8":"product_tag-mapo","9":"product_tag-mh-65","10":"product_tag-mh-65-mapo-segman-takimi-65mm","12":"first","13":"instock","14":"taxable","15":"shipping-taxable","16":"purchasable","17":"product-type-simple"},"_links":{"self":[{"href":"https:\/\/parcavs.com\/index.php\/wp-json\/wp\/v2\/product\/17274","targetHints":{"allow":["GET"]}}],"collection":[{"href":"https:\/\/parcavs.com\/index.php\/wp-json\/wp\/v2\/product"}],"about":[{"href":"https:\/\/parcavs.com\/index.php\/wp-json\/wp\/v2\/types\/product"}],"replies":[{"embeddable":true,"href":"https:\/\/parcavs.com\/index.php\/wp-json\/wp\/v2\/comments?post=17274"}],"version-history":[{"count":2,"href":"https:\/\/parcavs.com\/index.php\/wp-json\/wp\/v2\/product\/17274\/revisions"}],"predecessor-version":[{"id":36360,"href":"https:\/\/parcavs.com\/index.php\/wp-json\/wp\/v2\/product\/17274\/revisions\/36360"}],"wp:featuredmedia":[{"embeddable":true,"href":"https:\/\/parcavs.com\/index.php\/wp-json\/wp\/v2\/media\/36358"}],"wp:attachment":[{"href":"https:\/\/parcavs.com\/index.php\/wp-json\/wp\/v2\/media?parent=17274"}],"wp:term":[{"taxonomy":"product_brand","embeddable":true,"href":"https:\/\/parcavs.com\/index.php\/wp-json\/wp\/v2\/product_brand?post=17274"},{"taxonomy":"product_cat","embeddable":true,"href":"https:\/\/parcavs.com\/index.php\/wp-json\/wp\/v2\/product_cat?post=17274"},{"taxonomy":"product_tag","embeddable":true,"href":"https:\/\/parcavs.com\/index.php\/wp-json\/wp\/v2\/product_tag?post=17274"}],"curies":[{"name":"wp","href":"https:\/\/api.w.org\/{rel}","templated":true}]}}