{"id":1876,"date":"2021-03-11T15:48:48","date_gmt":"2021-03-11T13:48:48","guid":{"rendered":"https:\/\/parcavs.com\/?post_type=product&#038;p=1876"},"modified":"2025-04-27T00:00:13","modified_gmt":"2025-04-26T21:00:13","slug":"42555165-iveco-stralis-saft-askisi","status":"publish","type":"product","link":"https:\/\/parcavs.com\/index.php\/product\/42555165-iveco-stralis-saft-askisi\/","title":{"rendered":"Orjinal IVECO Stralis \u015eaft Ask\u0131s\u0131 (42555165)"},"content":{"rendered":"<p>Orjinal IVECO Stralis \u015eaft Ask\u0131s\u0131 &#8211; 42555165<br \/>\n\u015eaft Ask\u0131s\u0131, ML 180 E 25 4185 F EC\u00a0\u00a0EC FL ML 180 E 25 4185<br \/>\n%100 orjinal IVECO yedek par\u00e7a<br \/>\nOrjinal IVECO ambalaj\u0131nda g\u00f6nderilecektir.<br \/>\nFiyatlar\u0131m\u0131za KDV \u00fccreti dahildir<br \/>\nAd\u0131n\u0131za fatural\u0131 olarak g\u00f6nderilecektir.<br \/>\nKargo ta\u015f\u0131ma \u00fccreti al\u0131c\u0131ya aittir.<br \/>\nAnla\u015fmal\u0131 oldu\u011fumuz kargo firmas\u0131 arac\u0131l\u0131\u011f\u0131yla<br \/>\n\u00dccret al\u0131c\u0131 olarak taraf\u0131n\u0131za g\u00f6nderilecektir.<\/p>\n<hr \/>\n<p><strong>IVECO Markas\u0131 Hakk\u0131nda<\/strong><\/p>\n<p>IVECO, 1975 y\u0131l\u0131nda merkezi Torino, \u0130talya&#8217;da kurulmu\u015f kamyon, otob\u00fcs ve dizel motor \u00fcreticisidir. D\u00fcnyaca \u00fcnl\u00fc CNH Industrial \u015firketinin bir alt koludur.<\/p>\n<p>G\u00fc\u00e7l\u00fc y\u00f6netim yap\u0131s\u0131 ile IVECO karayolu ta\u015f\u0131mac\u0131l\u0131\u011f\u0131 alan\u0131ndaki d\u00fcnya liderleri aras\u0131na girmeyi ba\u015farm\u0131\u015ft\u0131r. Profesyonel karayolu ta\u015f\u0131mac\u0131\u011f\u0131n\u0131n gerektirdi\u011fi b\u00fct\u00fcn ihtiya\u00e7lar\u0131 kar\u015f\u0131lamaktad\u0131r.<\/p>\n<p>Iveco dizel serisinde turboyu kullanan ilk \u015firket, Common Rail motorlar\u0131n\u0131 ara\u00e7lar\u0131na dahil eden ilk \u015firket ve EuroV ara\u00e7lar\u0131n\u0131 piyasaya s\u00fcren ilk \u015firkettir. 1992, 1993 ve 2003 y\u0131l\u0131nda Y\u0131l\u0131n kamyonu \u00fcnvan\u0131n\u0131 ve 2000 y\u0131l\u0131nda Y\u0131l\u0131n panelvan\u0131 \u00fcnvan\u0131n\u0131 kazanm\u0131\u015ft\u0131r.<\/p>\n<p><strong>Sat\u0131\u015f ve hizmet a\u011f\u0131<\/strong><\/p>\n<p>Iveco\u2019nun be\u015f k\u0131taya da\u011f\u0131lm\u0131\u015f olan ve m\u00fc\u015fterilere 2.000&#8217;den fazla sat\u0131\u015f noktas\u0131 ile 5.000&#8217;i a\u015fk\u0131n servis noktas\u0131 sunan global da\u011f\u0131t\u0131m ve hizmet a\u011f\u0131 mevcuttur. G\u00fcn\u00fcm\u00fczde Avrupa, \u00c7in, Hindistan, Rusya, T\u00fcrkiye, Avustralya, Arjantin, Brezilya ve G\u00fcney Afrika&#8217;da \u00fcretim tesisleri mevcut olup 160&#8217;\u0131 a\u015fk\u0131n \u00fclkede faaliyet g\u00f6stermektedir.<\/p>\n<p><strong>IVECO T\u00fcrkiye<\/strong><\/p>\n<p>2008 y\u0131l\u0131na kadar IVECO, T\u00fcrkiye&#8217;de faaliyetlerini merkezi \u0130stanbul&#8217;da bulunan Otoyol Sanayi A.\u015e. \u015firketi b\u00fcnyesinden y\u00fcr\u00fctm\u00fc\u015ft\u00fcr.\u00a0 Bu tarihten sonra T\u00fcrkiye&#8217;de IVECO markas\u0131na ait \u00fcr\u00fcnlerin sat\u0131\u015f, pazarlama ve sat\u0131\u015f sonras\u0131 hizmetlerini % 100 hissesi Iveco S.P.A.&#8217;ya ait Iveco Iveco Ara\u00e7 Sanayi ve Ticaret A\u015e devam ettirmektedir.<\/p>\n<p><strong>Par\u00e7a Vesaire Hakk\u0131nda<\/strong><\/p>\n<p>Ba\u015fta IVECO, MAN, TATA, Mitsubishi, Subaru, HFK Kanuni, Karsan gibi markalar\u0131n orjinal ve yan sanayi par\u00e7alar\u0131n\u0131n ve \u0130klimsa klimalar\u0131n\u0131n T\u00fcrkiye genelinde online sat\u0131\u015f\u0131n\u0131n yap\u0131ld\u0131\u011f\u0131 bir al\u0131\u015fveri\u015f sitesi olarak 2021 y\u0131l\u0131nda faaliyetine ba\u015flam\u0131\u015ft\u0131r.<\/p>\n<p>\u0130lerleyen d\u00f6nemlerde di\u011fer otomotiv markalar\u0131n\u0131 ve otomotiv d\u0131\u015f\u0131 yedek par\u00e7a, makine,\u00a0ikince el sanayi \u00fcr\u00fcnleri ve servis aparatlar\u0131n\u0131 da ihtiva edecek \u015fekilde yap\u0131lanmay\u0131 hedeflemektedir. \u00d6nerileriniz ve i\u015fbirli\u011fi talepleriniz i\u00e7in bizimle irtibat kurabilirsiniz.<\/p>\n","protected":false},"excerpt":{"rendered":"<p><strong>42555165<\/strong> &#8211; Orjinal <strong>IVECO Stralis<\/strong> \u015eaft Ask\u0131s\u0131<br \/>\n\u015eaft Ask\u0131s\u0131, ML 180 E 25 4185 F EC\u00a0\u00a0EC FL ML 180 E 25 4185<br \/>\n<strong>%100 orjinal<\/strong> IVECO Stralis <strong>\u015faft ask\u0131s\u0131<\/strong><br \/>\nOrjinal IVECO <strong>ambalaj\u0131nda<\/strong> g\u00f6nderilecektir.<br \/>\nFiyatlar\u0131m\u0131za <strong>KDV<\/strong> \u00fccreti dahildir<br \/>\nAd\u0131n\u0131za <strong>fatural\u0131<\/strong> olarak g\u00f6nderilecektir.<br \/>\n<strong>Kargo<\/strong> ta\u015f\u0131ma \u00fccreti <strong>al\u0131c\u0131ya<\/strong> aittir.<\/p>\n","protected":false},"featured_media":1877,"comment_status":"open","ping_status":"closed","template":"","meta":{"_monsterinsights_skip_tracking":false,"_monsterinsights_sitenote_active":false,"_monsterinsights_sitenote_note":"","_monsterinsights_sitenote_category":0},"product_brand":[],"product_cat":[46],"product_tag":[13180,51,89,5240,59],"class_list":{"0":"post-1876","1":"product","2":"type-product","3":"status-publish","4":"has-post-thumbnail","6":"product_cat-iveco-yedek-parca","7":"product_tag-13180","8":"product_tag-iveco","9":"product_tag-saft","10":"product_tag-saft-askisi","11":"product_tag-stralis","13":"first","14":"instock","15":"taxable","16":"shipping-taxable","17":"purchasable","18":"product-type-simple"},"_links":{"self":[{"href":"https:\/\/parcavs.com\/index.php\/wp-json\/wp\/v2\/product\/1876","targetHints":{"allow":["GET"]}}],"collection":[{"href":"https:\/\/parcavs.com\/index.php\/wp-json\/wp\/v2\/product"}],"about":[{"href":"https:\/\/parcavs.com\/index.php\/wp-json\/wp\/v2\/types\/product"}],"replies":[{"embeddable":true,"href":"https:\/\/parcavs.com\/index.php\/wp-json\/wp\/v2\/comments?post=1876"}],"version-history":[{"count":5,"href":"https:\/\/parcavs.com\/index.php\/wp-json\/wp\/v2\/product\/1876\/revisions"}],"predecessor-version":[{"id":19618,"href":"https:\/\/parcavs.com\/index.php\/wp-json\/wp\/v2\/product\/1876\/revisions\/19618"}],"wp:featuredmedia":[{"embeddable":true,"href":"https:\/\/parcavs.com\/index.php\/wp-json\/wp\/v2\/media\/1877"}],"wp:attachment":[{"href":"https:\/\/parcavs.com\/index.php\/wp-json\/wp\/v2\/media?parent=1876"}],"wp:term":[{"taxonomy":"product_brand","embeddable":true,"href":"https:\/\/parcavs.com\/index.php\/wp-json\/wp\/v2\/product_brand?post=1876"},{"taxonomy":"product_cat","embeddable":true,"href":"https:\/\/parcavs.com\/index.php\/wp-json\/wp\/v2\/product_cat?post=1876"},{"taxonomy":"product_tag","embeddable":true,"href":"https:\/\/parcavs.com\/index.php\/wp-json\/wp\/v2\/product_tag?post=1876"}],"curies":[{"name":"wp","href":"https:\/\/api.w.org\/{rel}","templated":true}]}}