{"id":18840,"date":"2023-03-16T16:51:01","date_gmt":"2023-03-16T14:51:01","guid":{"rendered":"https:\/\/parcavs.com\/?post_type=product&#038;p=18840"},"modified":"2023-10-11T14:18:55","modified_gmt":"2023-10-11T11:18:55","slug":"yangin-sigortasi-teklifi-al","status":"publish","type":"product","link":"https:\/\/parcavs.com\/index.php\/product\/yangin-sigortasi-teklifi-al\/","title":{"rendered":"Yang\u0131n Sigortas\u0131 Fiyatlar\u0131"},"content":{"rendered":"<h2>Yang\u0131n Sigortas\u0131 Nedir?<\/h2>\n<p>Yang\u0131n sigortas\u0131 sigorta ettirilecek bina, konut veya i\u015f yerinin yang\u0131n, y\u0131ld\u0131r\u0131m ve infilak gibi durumlar\u0131n neden oldu\u011fu zararlara kar\u015f\u0131 g\u00fcvence alt\u0131na almay\u0131 ama\u00e7layan bir sigorta t\u00fcr\u00fcd\u00fcr.<\/p>\n<h2>Yang\u0131n Sigortas\u0131 Neleri Kapsar?<\/h2>\n<div class=\"text\">\n<div class=\"c-copy c-copy--large u-text-hyphen-manual\">\n<p>Yang\u0131n sigortas\u0131 temel olarak yang\u0131n\u0131n, y\u0131ld\u0131r\u0131m\u0131n ve infilak\u0131n veya bunlar\u0131n neden oldu\u011fu duman\u0131n, buhar\u0131n ve hararetin mallar \u00fczerinde yaratt\u0131\u011f\u0131 zarar\u0131 kaps\u0131yor.<\/p>\n<p>A\u015fa\u011f\u0131daki risk durumlar\u0131 kural olarak yang\u0131n sigortas\u0131 kapsam\u0131nda olmamakla birlikte ek teminatlar ile kapsama dahil edilebiliyor:<\/p>\n<ul class=\"c-list\">\n<li class=\"c-list__item\">Grev lokavt hareketleri<\/li>\n<li class=\"c-list__item\">Ter\u00f6r<\/li>\n<li class=\"c-list__item\">Deprem ve yanarda\u011f patlamalar\u0131<\/li>\n<li class=\"c-list__item\">Kar a\u011f\u0131rl\u0131\u011f\u0131<\/li>\n<li class=\"c-list__item\">Ara\u00e7 veya u\u00e7ak \u00e7arpmas\u0131<\/li>\n<li class=\"c-list__item\">Su bask\u0131n\u0131<\/li>\n<li class=\"c-list__item\">F\u0131rt\u0131na<\/li>\n<\/ul>\n<p>Yang\u0131n sigortas\u0131 kapsam\u0131na dahil edilemeyen riskli durumlar ise \u015fu \u015fekilde:<\/p>\n<ul class=\"c-list\">\n<li class=\"c-list__item\">Sava\u015f, isyan, darbe ve ayaklanma halleri<\/li>\n<li class=\"c-list__item\">Kamu otoritesinin sigortal\u0131 mallar \u00fczerinde ger\u00e7ekle\u015ftirdi\u011fi tasarruflar<\/li>\n<li class=\"c-list__item\">N\u00fckleer faaliyetler<\/li>\n<li class=\"c-list__item\">Sigortal\u0131 mal\u0131n kendi kusurlar\u0131<\/li>\n<li class=\"c-list__item\">Sigortal\u0131 mal\u0131n ate\u015fe maruz b\u0131rak\u0131lmas\u0131<\/li>\n<li class=\"c-list__item\">Elektrikle \u00e7al\u0131\u015fan aletlerin yang\u0131n \u00e7\u0131kmaks\u0131z\u0131n cereyana maruz kalmas\u0131<\/li>\n<li class=\"c-list__item\">Mekanik olaylar nedeniyle sigortal\u0131 cihazlarda zarar olu\u015fmas\u0131<\/li>\n<\/ul>\n<\/div>\n<\/div>\n","protected":false},"excerpt":{"rendered":"<h2 style=\"text-align: center;\"><\/h2>\n<p><img decoding=\"async\" class=\"size-medium wp-image-18883\" src=\"https:\/\/parcavs.com\/wp-content\/uploads\/2023\/03\/yangin-sigortasi-fiyat-teklif-al-300x129.jpeg\" alt=\"Yang\u0131n Sigortas\u0131 Teklifi Al\" width=\"300\" height=\"129\" srcset=\"https:\/\/parcavs.com\/wp-content\/uploads\/2023\/03\/yangin-sigortasi-fiyat-teklif-al-300x129.jpeg 300w, https:\/\/parcavs.com\/wp-content\/uploads\/2023\/03\/yangin-sigortasi-fiyat-teklif-al-416x178.jpeg 416w, https:\/\/parcavs.com\/wp-content\/uploads\/2023\/03\/yangin-sigortasi-fiyat-teklif-al.jpeg 420w\" sizes=\"(max-width: 300px) 100vw, 300px\" \/><\/p>\n<p>Yang\u0131n sigortan\u0131z i\u00e7in acenteli\u011fini yapt\u0131\u011f\u0131m\u0131z a\u015fa\u011f\u0131daki sigorta \u015firketleri fiyatlar\u0131 taran\u0131r ve size kar\u015f\u0131la\u015ft\u0131rmal\u0131 olarak bilgi verilir. Uygun g\u00f6rd\u00fc\u011f\u00fcn\u00fcz sigorta firmas\u0131nda poli\u00e7eniz d\u00fczenlenir.<\/p>\n[caption id=\"attachment_20539\" align=\"alignnone\" width=\"300\"]<img fetchpriority=\"high\" decoding=\"async\" class=\"size-full wp-image-20539\" src=\"https:\/\/parcavs.com\/wp-content\/uploads\/2023\/03\/sigorta-sirketleri-listesi-aksigorta-allianz-dogasigorta-hepiyisigorta-corpussigorta-mobilassistance.png\" alt=\"Sigorta \u015eirketleri Listesi: Aksigorta, Allianz, Do\u011fa Sigorta, Hepiyi Sigorta, Corpus Sigorta, Mobil Assistance Yol Arkada\u015f\u0131m\" width=\"300\" height=\"239\" \/> Sigorta \u015eirketleri Listesi: Aksigorta, Allianz, Do\u011fa Sigorta, Hepiyi Sigorta, Corpus Sigorta, Mobil Assistance Yol Arkada\u015f\u0131m[\/caption]\n","protected":false},"featured_media":18884,"comment_status":"open","ping_status":"closed","template":"","meta":{"_monsterinsights_skip_tracking":false,"_monsterinsights_sitenote_active":false,"_monsterinsights_sitenote_note":"","_monsterinsights_sitenote_category":0},"product_brand":[],"product_cat":[2839],"product_tag":[2857,2858,2860,2859],"class_list":{"0":"post-18840","1":"product","2":"type-product","3":"status-publish","4":"has-post-thumbnail","6":"product_cat-sigorta","7":"product_tag-yangin-sigortasi","8":"product_tag-yangin-sigortasi-fiyat-sorgula","9":"product_tag-yangin-sigortasi-fiyat-teklifi-al","10":"product_tag-yangin-sigortasi-teklif-al","12":"first","13":"instock","14":"taxable","15":"shipping-taxable","16":"product-type-simple"},"_links":{"self":[{"href":"https:\/\/parcavs.com\/index.php\/wp-json\/wp\/v2\/product\/18840","targetHints":{"allow":["GET"]}}],"collection":[{"href":"https:\/\/parcavs.com\/index.php\/wp-json\/wp\/v2\/product"}],"about":[{"href":"https:\/\/parcavs.com\/index.php\/wp-json\/wp\/v2\/types\/product"}],"replies":[{"embeddable":true,"href":"https:\/\/parcavs.com\/index.php\/wp-json\/wp\/v2\/comments?post=18840"}],"version-history":[{"count":7,"href":"https:\/\/parcavs.com\/index.php\/wp-json\/wp\/v2\/product\/18840\/revisions"}],"predecessor-version":[{"id":20547,"href":"https:\/\/parcavs.com\/index.php\/wp-json\/wp\/v2\/product\/18840\/revisions\/20547"}],"wp:featuredmedia":[{"embeddable":true,"href":"https:\/\/parcavs.com\/index.php\/wp-json\/wp\/v2\/media\/18884"}],"wp:attachment":[{"href":"https:\/\/parcavs.com\/index.php\/wp-json\/wp\/v2\/media?parent=18840"}],"wp:term":[{"taxonomy":"product_brand","embeddable":true,"href":"https:\/\/parcavs.com\/index.php\/wp-json\/wp\/v2\/product_brand?post=18840"},{"taxonomy":"product_cat","embeddable":true,"href":"https:\/\/parcavs.com\/index.php\/wp-json\/wp\/v2\/product_cat?post=18840"},{"taxonomy":"product_tag","embeddable":true,"href":"https:\/\/parcavs.com\/index.php\/wp-json\/wp\/v2\/product_tag?post=18840"}],"curies":[{"name":"wp","href":"https:\/\/api.w.org\/{rel}","templated":true}]}}