{"id":18848,"date":"2023-03-21T13:47:06","date_gmt":"2023-03-21T11:47:06","guid":{"rendered":"https:\/\/parcavs.com\/?post_type=product&#038;p=18848"},"modified":"2023-10-11T14:14:12","modified_gmt":"2023-10-11T11:14:12","slug":"dask-zorunlu-deprem-sigortasi-teklif-al","status":"publish","type":"product","link":"https:\/\/parcavs.com\/index.php\/product\/dask-zorunlu-deprem-sigortasi-teklif-al\/","title":{"rendered":"DASK Zorunlu Deprem Sigortas\u0131 Fiyatlar\u0131"},"content":{"rendered":"<h2>DASK (Do\u011fal Afet Sigortalar\u0131 Kurumu) Zorunlu Deprem Sigortas\u0131 Nedir?<\/h2>\n<div>Zorunlu Deprem Sigortas\u0131 ile deprem ve deprem kaynakl\u0131 yang\u0131n, infilak, tsunami veya yer kaymas\u0131 risklerinin poli\u00e7edeki limitler dahilinde binan\u0131za verece\u011fi maddi kay\u0131plar kar\u015f\u0131lanmaktad\u0131r. \u00dcstelik binan\u0131z tamamen ya da k\u0131smen olarak zarar g\u00f6rm\u00fc\u015f olsa da teminat alt\u0131ndad\u0131r.<\/div>\n<div>Zorunlu Deprem Sigortas\u0131 ya da daha bilinen ad\u0131yla DASK, \u00fclkemizin deprem ku\u015fa\u011f\u0131nda bulunmas\u0131 ve buna ba\u011fl\u0131 b\u00fcy\u00fck kay\u0131plar\u0131n ya\u015fanmas\u0131 sonras\u0131nda g\u00fcndeme gelmi\u015f olan zorunlu bir sigorta t\u00fcr\u00fcd\u00fcr.<\/div>\n<div><\/div>\n<h2>DASK Zorunlu Deprem Sigortas\u0131ndan Kimler Yararlanabilir?<\/h2>\n<p class=\"c-copy c-teaser__text u-text-hyphen-manual\">DASK Zorunlu Deprem Sigortas\u0131, kirac\u0131 ya da ev sahibi taraf\u0131ndan yapt\u0131r\u0131labilir.\u00a0 Ancak DASK; ev sahipleri ad\u0131na yapt\u0131r\u0131lan bir sigorta t\u00fcr\u00fc oldu\u011fu i\u00e7in kirac\u0131lar\u00a0 sadece \u201cSigorta Ettiren\u201d olarak ev sahibi ad\u0131na bu i\u015flemi yapabilirler. Sigorta tazminat\u0131 her durumda tapuda \u201cHak Sahibi\u201d olan ki\u015fiye \u00f6denmektedir.<\/p>\n<h2>Zorunlu Deprem Sigortas\u0131 Teminat Kapsam\u0131nda Olan K\u0131s\u0131mlar<\/h2>\n<p>DASK poli\u00e7esi ile binan\u0131z k\u0131smi ya da tamamen zarar g\u00f6rm\u00fc\u015f olsa da teminat alt\u0131ndad\u0131r. Teminat kapsam\u0131nda olan k\u0131s\u0131mlar a\u015fa\u011f\u0131daki gibidir;<\/p>\n<ul>\n<li>Temeller<\/li>\n<li>Ana duvarlar<\/li>\n<li>\u00c7at\u0131lar<\/li>\n<li>Koridorlar<\/li>\n<li>Sahanl\u0131klar<\/li>\n<li>Bacalar<\/li>\n<li>Asans\u00f6rler<\/li>\n<li>Bah\u00e7e duvar\u0131<\/li>\n<li>\u0130stinat duvar\u0131<\/li>\n<li>Ba\u011f\u0131ms\u0131z b\u00f6l\u00fcmleri ay\u0131ran ortak duvarlar<\/li>\n<li>Tavan ve tabanlar<\/li>\n<li>Yap\u0131n\u0131n yukar\u0131dakilere benzeyen ta\u015f\u0131y\u0131c\u0131 b\u00f6l\u00fcmleri<\/li>\n<\/ul>\n","protected":false},"excerpt":{"rendered":"<p><img decoding=\"async\" class=\"size-medium wp-image-18912\" src=\"https:\/\/parcavs.com\/wp-content\/uploads\/2023\/03\/dask-zorunlu-deprem-sigortasi-dogal-afet-fiyat-teklifi-al-sorgula-300x140.jpg\" alt=\"DASK Zorunlu Deprem Sigortas\u0131\" width=\"300\" height=\"140\" srcset=\"https:\/\/parcavs.com\/wp-content\/uploads\/2023\/03\/dask-zorunlu-deprem-sigortasi-dogal-afet-fiyat-teklifi-al-sorgula-300x140.jpg 300w, https:\/\/parcavs.com\/wp-content\/uploads\/2023\/03\/dask-zorunlu-deprem-sigortasi-dogal-afet-fiyat-teklifi-al-sorgula-416x194.jpg 416w, https:\/\/parcavs.com\/wp-content\/uploads\/2023\/03\/dask-zorunlu-deprem-sigortasi-dogal-afet-fiyat-teklifi-al-sorgula.jpg 450w\" sizes=\"(max-width: 300px) 100vw, 300px\" \/><\/p>\n<p>DASK Zorunlu Deprem Sigortan\u0131z i\u00e7in acenteli\u011fini yapt\u0131\u011f\u0131m\u0131z a\u015fa\u011f\u0131daki sigorta \u015firketleri fiyatlar\u0131 taran\u0131r ve size kar\u015f\u0131la\u015ft\u0131rmal\u0131 olarak bilgi verilir. Uygun g\u00f6rd\u00fc\u011f\u00fcn\u00fcz sigorta firmas\u0131nda poli\u00e7eniz d\u00fczenlenir.<\/p>\n<p><img fetchpriority=\"high\" decoding=\"async\" class=\"size-full wp-image-20539\" src=\"https:\/\/parcavs.com\/wp-content\/uploads\/2023\/03\/sigorta-sirketleri-listesi-aksigorta-allianz-dogasigorta-hepiyisigorta-corpussigorta-mobilassistance.png\" alt=\"Sigorta \u015eirketleri Listesi: Aksigorta, Allianz, Do\u011fa Sigorta, Hepiyi Sigorta, Corpus Sigorta, Mobil Assistance Yol Arkada\u015f\u0131m\" width=\"300\" height=\"239\" \/><\/p>\n","protected":false},"featured_media":20539,"comment_status":"open","ping_status":"closed","template":"","meta":{"_monsterinsights_skip_tracking":false,"_monsterinsights_sitenote_active":false,"_monsterinsights_sitenote_note":"","_monsterinsights_sitenote_category":0},"product_brand":[],"product_cat":[2839],"product_tag":[2892,2893,2886,2887,2889,2894,2891,2888,2890],"class_list":{"0":"post-18848","1":"product","2":"type-product","3":"status-publish","4":"has-post-thumbnail","6":"product_cat-sigorta","7":"product_tag-aksigorta-dask-fiyat-teklifi-al","8":"product_tag-allianz-dask-fiyat-teklifi-al","9":"product_tag-dask","10":"product_tag-dask-sigortasi","11":"product_tag-dask-teklifi-al","12":"product_tag-doga-sigorta-dask-teklifi-al","13":"product_tag-dogal-afet-sigortasi-teklifi-al","14":"product_tag-zorunlu-deprem-sigortasi","15":"product_tag-zorunlu-deprem-sigortasi-teklifi-al","17":"first","18":"instock","19":"taxable","20":"shipping-taxable","21":"product-type-simple"},"_links":{"self":[{"href":"https:\/\/parcavs.com\/index.php\/wp-json\/wp\/v2\/product\/18848","targetHints":{"allow":["GET"]}}],"collection":[{"href":"https:\/\/parcavs.com\/index.php\/wp-json\/wp\/v2\/product"}],"about":[{"href":"https:\/\/parcavs.com\/index.php\/wp-json\/wp\/v2\/types\/product"}],"replies":[{"embeddable":true,"href":"https:\/\/parcavs.com\/index.php\/wp-json\/wp\/v2\/comments?post=18848"}],"version-history":[{"count":6,"href":"https:\/\/parcavs.com\/index.php\/wp-json\/wp\/v2\/product\/18848\/revisions"}],"predecessor-version":[{"id":20540,"href":"https:\/\/parcavs.com\/index.php\/wp-json\/wp\/v2\/product\/18848\/revisions\/20540"}],"wp:featuredmedia":[{"embeddable":true,"href":"https:\/\/parcavs.com\/index.php\/wp-json\/wp\/v2\/media\/20539"}],"wp:attachment":[{"href":"https:\/\/parcavs.com\/index.php\/wp-json\/wp\/v2\/media?parent=18848"}],"wp:term":[{"taxonomy":"product_brand","embeddable":true,"href":"https:\/\/parcavs.com\/index.php\/wp-json\/wp\/v2\/product_brand?post=18848"},{"taxonomy":"product_cat","embeddable":true,"href":"https:\/\/parcavs.com\/index.php\/wp-json\/wp\/v2\/product_cat?post=18848"},{"taxonomy":"product_tag","embeddable":true,"href":"https:\/\/parcavs.com\/index.php\/wp-json\/wp\/v2\/product_tag?post=18848"}],"curies":[{"name":"wp","href":"https:\/\/api.w.org\/{rel}","templated":true}]}}