{"id":18850,"date":"2023-03-21T14:56:56","date_gmt":"2023-03-21T12:56:56","guid":{"rendered":"https:\/\/parcavs.com\/?post_type=product&#038;p=18850"},"modified":"2023-10-11T14:22:23","modified_gmt":"2023-10-11T11:22:23","slug":"konut-sigortasi-ev-ve-esya-sigortasi-fiyatlari","status":"publish","type":"product","link":"https:\/\/parcavs.com\/index.php\/product\/konut-sigortasi-ev-ve-esya-sigortasi-fiyatlari\/","title":{"rendered":"Konut Sigortas\u0131: Ev ve E\u015fya Sigortas\u0131 Fiyatlar\u0131"},"content":{"rendered":"<h2>Konut Sigortas\u0131 Nedir<\/h2>\n<p>Konut sigortas\u0131 evinde ya\u015fanmas\u0131 muhtemel olumsuz durumlar\u0131n yaratabilece\u011fi maddi hasarlar\u0131 teminat alt\u0131na al\u0131r. B\u00f6ylelikle hem evini hem de ev i\u00e7indeki e\u015fyalar\u0131 teminat alt\u0131na alan konut sigortalar\u0131 sayesinde maddi kay\u0131p ya\u015fanmas\u0131n\u0131n \u00f6n\u00fcne ge\u00e7ilmi\u015f olunur.<\/p>\n<h2>Konut Sigortas\u0131n\u0131n Kapsam\u0131 Nedir?<\/h2>\n<p>Konut sigortas\u0131 teminatlar\u0131 poli\u00e7eden poli\u00e7eye farkl\u0131l\u0131k g\u00f6sterir. Genellikle, evin duvarlar\u0131nda, camlar\u0131nda, elektrik ve su tesisat\u0131nda olu\u015fabilecek hasarlar\u0131 kar\u015f\u0131lar. E\u015fya teminat bulunmas\u0131 halinde konut sigortalar\u0131 e\u015fyalar\u0131n g\u00f6rd\u00fc\u011f\u00fc zararlar\u0131 da tazmin eder.<\/p>\n<h2>Konut Sigortas\u0131 Paketleri Nelerdir?<\/h2>\n<p>Ev ve e\u015fya poli\u00e7esinin kapsad\u0131\u011f\u0131 teminatlar ve genelde \u00fccretsiz olarak sunulan asistans hizmetleri sigorta \u015firketlerine g\u00f6re de\u011fi\u015fir. Aksigorta, Allianz ve Do\u011fa Sigorta taraf\u0131ndan sunulam konut sigortas\u0131 paketleri \u015fu \u015fekildedir:<\/p>\n<h3>Aksigorta Evim Sigorta Paketleri<\/h3>\n<ul>\n<li>Aksigorta Ev ve E\u015fya Sigortas\u0131<\/li>\n<li>Aksigorta Zorunlu Deprem Sigortas\u0131<\/li>\n<li>Aksigorta Site Apartman Paket Sigortas\u0131<\/li>\n<\/ul>\n<h3>Allianz Ev Sigorta Paketleri<\/h3>\n<ul>\n<li>Allianz Yuvam Sigortas\u0131<\/li>\n<li>Alianz DASK &#8211; Zorunlu Deprem Sigortas\u0131<\/li>\n<li>Allianz G\u00fcvenli Evim Sigortas\u0131<\/li>\n<li>Allianz Site \/ Apartman Ortak Alanlar Sigortas\u0131<\/li>\n<\/ul>\n<h3>Do\u011fa Sigorta Konut Sigorta Paketleri<\/h3>\n<p>Do\u011fa Konut Paket Poli\u00e7esi<\/p>\n<p>E\u015fya Paket Poli\u00e7esi<\/p>\n<p>Ortak Alan Paket Poli\u00e7esi<\/p>\n<p>Do\u011fa Sigorta DASK<\/p>\n","protected":false},"excerpt":{"rendered":"<p><img decoding=\"async\" class=\"size-medium wp-image-18931\" src=\"https:\/\/parcavs.com\/wp-content\/uploads\/2023\/03\/konut-sigortasi-ev-esya-fiyat-sorgula-teklif-al-300x111.jpg\" alt=\"Konut Sigortas\u0131 Ev ve E\u015fya Sigortas\u0131 Fiyat Teklifi Al\" width=\"300\" height=\"111\" srcset=\"https:\/\/parcavs.com\/wp-content\/uploads\/2023\/03\/konut-sigortasi-ev-esya-fiyat-sorgula-teklif-al-300x111.jpg 300w, https:\/\/parcavs.com\/wp-content\/uploads\/2023\/03\/konut-sigortasi-ev-esya-fiyat-sorgula-teklif-al-416x153.jpg 416w, https:\/\/parcavs.com\/wp-content\/uploads\/2023\/03\/konut-sigortasi-ev-esya-fiyat-sorgula-teklif-al.jpg 450w\" sizes=\"(max-width: 300px) 100vw, 300px\" \/><\/p>\n<p>Konut sigortan\u0131z i\u00e7in acenteli\u011fini yapt\u0131\u011f\u0131m\u0131z a\u015fa\u011f\u0131daki sigorta \u015firketleri fiyatlar\u0131 taran\u0131r ve size kar\u015f\u0131la\u015ft\u0131rmal\u0131 olarak bilgi verilir. Uygun g\u00f6rd\u00fc\u011f\u00fcn\u00fcz sigorta firmas\u0131nda poli\u00e7eniz d\u00fczenlenir.<\/p>\n[caption id=\"attachment_20539\" align=\"alignnone\" width=\"300\"]<img fetchpriority=\"high\" decoding=\"async\" class=\"size-full wp-image-20539\" src=\"https:\/\/parcavs.com\/wp-content\/uploads\/2023\/03\/sigorta-sirketleri-listesi-aksigorta-allianz-dogasigorta-hepiyisigorta-corpussigorta-mobilassistance.png\" alt=\"Sigorta \u015eirketleri Listesi: Aksigorta, Allianz, Do\u011fa Sigorta, Hepiyi Sigorta, Corpus Sigorta, Mobil Assistance Yol Arkada\u015f\u0131m\" width=\"300\" height=\"239\" \/> Sigorta \u015eirketleri Listesi: Aksigorta, Allianz, Do\u011fa Sigorta, Hepiyi Sigorta, Corpus Sigorta, Mobil Assistance Yol Arkada\u015f\u0131m[\/caption]\n","protected":false},"featured_media":18930,"comment_status":"open","ping_status":"closed","template":"","meta":{"_monsterinsights_skip_tracking":false,"_monsterinsights_sitenote_active":false,"_monsterinsights_sitenote_note":"","_monsterinsights_sitenote_category":0},"product_brand":[],"product_cat":[2839],"product_tag":[2901,2902,2903,2897,2896,2899,2900,2895,2898],"class_list":{"0":"post-18850","1":"product","2":"type-product","3":"status-publish","4":"has-post-thumbnail","6":"product_cat-sigorta","7":"product_tag-aksigorta-konut-sigortasi","8":"product_tag-allianz-konut-sigortasi","9":"product_tag-doga-sigorta-konut-sigortasi","10":"product_tag-esya-sigortasi","11":"product_tag-ev-sigortasi","12":"product_tag-ev-sigortasi-fiyat-teklifi-al","13":"product_tag-ev-ve-esya-sigortasi-fiyat-teklifi-al","14":"product_tag-konut-sigortasi","15":"product_tag-konut-sigortasi-fiyat-teklifi-al","17":"first","18":"instock","19":"taxable","20":"shipping-taxable","21":"product-type-simple"},"_links":{"self":[{"href":"https:\/\/parcavs.com\/index.php\/wp-json\/wp\/v2\/product\/18850","targetHints":{"allow":["GET"]}}],"collection":[{"href":"https:\/\/parcavs.com\/index.php\/wp-json\/wp\/v2\/product"}],"about":[{"href":"https:\/\/parcavs.com\/index.php\/wp-json\/wp\/v2\/types\/product"}],"replies":[{"embeddable":true,"href":"https:\/\/parcavs.com\/index.php\/wp-json\/wp\/v2\/comments?post=18850"}],"version-history":[{"count":3,"href":"https:\/\/parcavs.com\/index.php\/wp-json\/wp\/v2\/product\/18850\/revisions"}],"predecessor-version":[{"id":20551,"href":"https:\/\/parcavs.com\/index.php\/wp-json\/wp\/v2\/product\/18850\/revisions\/20551"}],"wp:featuredmedia":[{"embeddable":true,"href":"https:\/\/parcavs.com\/index.php\/wp-json\/wp\/v2\/media\/18930"}],"wp:attachment":[{"href":"https:\/\/parcavs.com\/index.php\/wp-json\/wp\/v2\/media?parent=18850"}],"wp:term":[{"taxonomy":"product_brand","embeddable":true,"href":"https:\/\/parcavs.com\/index.php\/wp-json\/wp\/v2\/product_brand?post=18850"},{"taxonomy":"product_cat","embeddable":true,"href":"https:\/\/parcavs.com\/index.php\/wp-json\/wp\/v2\/product_cat?post=18850"},{"taxonomy":"product_tag","embeddable":true,"href":"https:\/\/parcavs.com\/index.php\/wp-json\/wp\/v2\/product_tag?post=18850"}],"curies":[{"name":"wp","href":"https:\/\/api.w.org\/{rel}","templated":true}]}}