{"id":18954,"date":"2023-03-30T12:05:47","date_gmt":"2023-03-30T09:05:47","guid":{"rendered":"https:\/\/parcavs.com\/?post_type=product&#038;p=18954"},"modified":"2024-01-13T00:00:13","modified_gmt":"2024-01-12T22:00:13","slug":"mitsubishi-heavy-srk71zm-s-m-inverter-diamond-klima","status":"publish","type":"product","link":"https:\/\/parcavs.com\/index.php\/product\/mitsubishi-heavy-srk71zm-s-m-inverter-diamond-klima\/","title":{"rendered":"Mitsubishi Heavy SRK71ZM-S\/M Inverter Diamond Klima"},"content":{"rendered":"<p class=\"custom-h2\">Mitsubishi Heavy Inverter Klima Diamond Eco Serisi 24000 BTU\/h A++ Enerji S\u0131n\u0131f\u0131-S\/M\u00a0SRK71ZM-S\/M<\/p>\n<p>\u00dccretsiz kargo ve \u00fccretsiz montaj f\u0131rsat\u0131yla<\/p>\n<p>Ad\u0131n\u0131za fatural\u0131 olarak g\u00f6nderilecektir.<\/p>\n<p>&nbsp;<\/p>\n<p>&nbsp;<\/p>\n","protected":false},"excerpt":{"rendered":"<p class=\"custom-h2\">Mitsubishi Heavy Inverter Klima Diamond Eco Serisi 24000 BTU\/h A++ Enerji S\u0131n\u0131f\u0131-S\/M\u00a0SRK71ZM-S\/M<\/p>\n<p>MitsubishiSRK 71 ZM-S\/M Duvar Tipi Klima \u00d6zellikleri:<\/p>\n<p>Y\u0131ll\u0131k Is\u0131tma G\u00fc\u00e7 T\u00fcketimi: 1.88 kW<br \/>\nKlima Tipi: Duvar<br \/>\nIs\u0131tma Kapasitesi: 24.225(3.412-24.225) BTU\/h<br \/>\nSo\u011futma Kapasitesi: 24.225(4.776-24.225) BTU\/h<br \/>\nMarka: Mitsubishi<br \/>\nEnerji S\u0131n\u0131f\u0131-Is\u0131tma A+<br \/>\nEnerji S\u0131n\u0131f\u0131-So\u011futma A++<br \/>\nY\u0131ll\u0131k So\u011futma G\u00fc\u00e7 T\u00fcketimi: 2.36 kW<br \/>\nRenk: Beyaz<\/p>\n<p>Fiyatlar\u0131m\u0131za KDV ve kargo \u00fccreti dahildir.<\/p>\n","protected":false},"featured_media":18957,"comment_status":"open","ping_status":"closed","template":"","meta":{"_monsterinsights_skip_tracking":false,"_monsterinsights_sitenote_active":false,"_monsterinsights_sitenote_note":"","_monsterinsights_sitenote_category":0},"product_brand":[],"product_cat":[40],"product_tag":[2913,2912,2909,2911,253,2914],"class_list":{"0":"post-18954","1":"product","2":"type-product","3":"status-publish","4":"has-post-thumbnail","6":"product_cat-klima","7":"product_tag-24000-btu","8":"product_tag-diamond-eco","9":"product_tag-duvar-tipi-klima","10":"product_tag-heavy","11":"product_tag-mitsubishi","12":"product_tag-srk71zm-s-m","14":"first","15":"outofstock","16":"taxable","17":"shipping-taxable","18":"purchasable","19":"product-type-simple"},"_links":{"self":[{"href":"https:\/\/parcavs.com\/index.php\/wp-json\/wp\/v2\/product\/18954","targetHints":{"allow":["GET"]}}],"collection":[{"href":"https:\/\/parcavs.com\/index.php\/wp-json\/wp\/v2\/product"}],"about":[{"href":"https:\/\/parcavs.com\/index.php\/wp-json\/wp\/v2\/types\/product"}],"replies":[{"embeddable":true,"href":"https:\/\/parcavs.com\/index.php\/wp-json\/wp\/v2\/comments?post=18954"}],"version-history":[{"count":1,"href":"https:\/\/parcavs.com\/index.php\/wp-json\/wp\/v2\/product\/18954\/revisions"}],"predecessor-version":[{"id":18958,"href":"https:\/\/parcavs.com\/index.php\/wp-json\/wp\/v2\/product\/18954\/revisions\/18958"}],"wp:featuredmedia":[{"embeddable":true,"href":"https:\/\/parcavs.com\/index.php\/wp-json\/wp\/v2\/media\/18957"}],"wp:attachment":[{"href":"https:\/\/parcavs.com\/index.php\/wp-json\/wp\/v2\/media?parent=18954"}],"wp:term":[{"taxonomy":"product_brand","embeddable":true,"href":"https:\/\/parcavs.com\/index.php\/wp-json\/wp\/v2\/product_brand?post=18954"},{"taxonomy":"product_cat","embeddable":true,"href":"https:\/\/parcavs.com\/index.php\/wp-json\/wp\/v2\/product_cat?post=18954"},{"taxonomy":"product_tag","embeddable":true,"href":"https:\/\/parcavs.com\/index.php\/wp-json\/wp\/v2\/product_tag?post=18954"}],"curies":[{"name":"wp","href":"https:\/\/api.w.org\/{rel}","templated":true}]}}