{"id":18970,"date":"2023-04-05T12:03:35","date_gmt":"2023-04-05T09:03:35","guid":{"rendered":"https:\/\/parcavs.com\/?post_type=product&#038;p=18970"},"modified":"2025-03-25T00:00:12","modified_gmt":"2025-03-24T22:00:12","slug":"sigma-comfort-24-000-btu-h-a-inverter-klima-r32","status":"publish","type":"product","link":"https:\/\/parcavs.com\/index.php\/product\/sigma-comfort-24-000-btu-h-a-inverter-klima-r32\/","title":{"rendered":"Sigma Comfort 24.000 BTU\/h A++ Inverter Klima R32"},"content":{"rendered":"<p class=\"custom-h2\">Sigma Comfort 24.000 BTU\/h A++ Inverter Klima R32 SGM24INVDHD<br \/>\n\u00dccretsiz kargo \u2013 \u00dccretsiz montaj \u2013 KDV dahil olarak<br \/>\nAd\u0131n\u0131za fatural\u0131 olarak g\u00f6nderilecektir.<\/p>\n<p>Kapasite\/ Is\u0131tma 23.200(8180-32410) BTU\/h<br \/>\nKapasite\/ So\u011futma 23.200(7500-29000) BTU\/h<br \/>\nSEER\/SCOP(Ortalama) 6.80\/4.00<br \/>\nG\u00fc\u00e7 Kayna\u011f\u0131\/ D\u0131\u015f \u00dcniteden 220-240V, 1Ph, 50Hz V, Faz, Hz<br \/>\nEnerji S\u0131n\u0131f\u0131\/ So\u011futma \/ Is\u0131tma (Ortalama) A++\/A+<br \/>\nEnerji T\u00fcketimi\/ Is\u0131tma 1.83(0.60-2.90) kW<br \/>\nEnerji T\u00fcketimi\/ So\u011futma 2.10 (0.7- 2.90) kW<br \/>\n\u00c7al\u0131\u015fma Ak\u0131m\u0131\/ So\u011futma 13.0 A<br \/>\nHava Debisi\/ \u0130\u00e7 \u00dcnite 1100 m3\/h<br \/>\nSes Seviyesi\/ D\u0131\u015f \u00dcnite 57 dB(A)<br \/>\nSes Seviyesi\/ \u0130\u00e7 \u00dcnite 48\/44\/38\/33 dB(A)(EY\/Y\/O\/D)<br \/>\nBoyutlar (GxYxD)\/ D\u0131\u015f \u00dcnite 890\/340\/705 mm<br \/>\nBoyutlar (GxYxD)\/ \u0130\u00e7 \u00dcnite 1008\/225\/318 mm<br \/>\nNet A\u011f\u0131rl\u0131k\/ D\u0131\u015f \u00dcnite 44 kg<br \/>\nNet A\u011f\u0131rl\u0131k\/ \u0130\u00e7 \u00dcnite 11.6 kg<br \/>\nBa\u011flant\u0131 Boru \u00c7aplar\u0131\/ Gaz \u03c612.7(1\/2&#8243;) mm(inch)<br \/>\nBa\u011flant\u0131 Boru \u00c7aplar\u0131\/ S\u0131v\u0131 \u03c66.35(1\/4&#8243;) mm(inch)<br \/>\nMaksimum Borulama Uzunlu\u011fu 25 m<br \/>\nFiyatlar\u0131m\u0131za KDV \u00fccreti dahildir<br \/>\nAd\u0131n\u0131za fatural\u0131 olarak g\u00f6nderilecektir.<br \/>\n\u00dccretsiz kargo ve \u00dccretsiz montaj<\/p>\n","protected":false},"excerpt":{"rendered":"<p class=\"custom-h2\">Sigma Comfort 24.000 BTU\/h A++ Inverter Klima R32 SGM24INVDHD<\/p>\n<p>Kapasite\/ Is\u0131tma 23.200(8180-32410) BTU\/h<br \/>\nKapasite\/ So\u011futma 23.200(7500-29000) BTU\/h<br \/>\nSEER\/SCOP(Ortalama) 6.80\/4.00<br \/>\nG\u00fc\u00e7 Kayna\u011f\u0131\/ D\u0131\u015f \u00dcniteden 220-240V, 1Ph, 50Hz V, Faz, Hz<br \/>\nEnerji S\u0131n\u0131f\u0131\/ So\u011futma \/ Is\u0131tma (Ortalama) A++\/A+<br \/>\nEnerji T\u00fcketimi\/ Is\u0131tma 1.83(0.60-2.90) kW<br \/>\nEnerji T\u00fcketimi\/ So\u011futma 2.10 (0.7- 2.90) kW<br \/>\n\u00c7al\u0131\u015fma Ak\u0131m\u0131\/ So\u011futma 13.0 A<br \/>\nHava Debisi\/ \u0130\u00e7 \u00dcnite 1100 m3\/h<br \/>\nSes Seviyesi\/ D\u0131\u015f \u00dcnite 57 dB(A)<br \/>\nSes Seviyesi\/ \u0130\u00e7 \u00dcnite 48\/44\/38\/33 dB(A)(EY\/Y\/O\/D)<br \/>\nBoyutlar (GxYxD)\/ D\u0131\u015f \u00dcnite 890\/340\/705 mm<br \/>\nBoyutlar (GxYxD)\/ \u0130\u00e7 \u00dcnite 1008\/225\/318 mm<br \/>\nNet A\u011f\u0131rl\u0131k\/ D\u0131\u015f \u00dcnite 44 kg<br \/>\nNet A\u011f\u0131rl\u0131k\/ \u0130\u00e7 \u00dcnite 11.6 kg<br \/>\nBa\u011flant\u0131 Boru \u00c7aplar\u0131\/ Gaz \u03c612.7(1\/2&#8243;) mm(inch)<br \/>\nBa\u011flant\u0131 Boru \u00c7aplar\u0131\/ S\u0131v\u0131 \u03c66.35(1\/4&#8243;) mm(inch)<br \/>\nMaksimum Borulama Uzunlu\u011fu 25 m<br \/>\nFiyatlar\u0131m\u0131za KDV \u00fccreti dahildir<br \/>\nAd\u0131n\u0131za fatural\u0131 olarak g\u00f6nderilecektir.<br \/>\n\u00dccretsiz kargo ve \u00dccretsiz montaj<\/p>\n","protected":false},"featured_media":18971,"comment_status":"open","ping_status":"closed","template":"","meta":{"_monsterinsights_skip_tracking":false,"_monsterinsights_sitenote_active":false,"_monsterinsights_sitenote_note":"","_monsterinsights_sitenote_category":0},"product_brand":[],"product_cat":[40],"product_tag":[14256,14257,14258],"class_list":{"0":"post-18970","1":"product","2":"type-product","3":"status-publish","4":"has-post-thumbnail","6":"product_cat-klima","7":"product_tag-sigma-24000-btu-klima","8":"product_tag-sigma-comfort-24000-btu","9":"product_tag-sigma-comfort-24000-btu-duvar-tipi-klima","11":"first","12":"instock","13":"taxable","14":"shipping-taxable","15":"purchasable","16":"product-type-simple"},"_links":{"self":[{"href":"https:\/\/parcavs.com\/index.php\/wp-json\/wp\/v2\/product\/18970","targetHints":{"allow":["GET"]}}],"collection":[{"href":"https:\/\/parcavs.com\/index.php\/wp-json\/wp\/v2\/product"}],"about":[{"href":"https:\/\/parcavs.com\/index.php\/wp-json\/wp\/v2\/types\/product"}],"replies":[{"embeddable":true,"href":"https:\/\/parcavs.com\/index.php\/wp-json\/wp\/v2\/comments?post=18970"}],"version-history":[{"count":5,"href":"https:\/\/parcavs.com\/index.php\/wp-json\/wp\/v2\/product\/18970\/revisions"}],"predecessor-version":[{"id":35669,"href":"https:\/\/parcavs.com\/index.php\/wp-json\/wp\/v2\/product\/18970\/revisions\/35669"}],"wp:featuredmedia":[{"embeddable":true,"href":"https:\/\/parcavs.com\/index.php\/wp-json\/wp\/v2\/media\/18971"}],"wp:attachment":[{"href":"https:\/\/parcavs.com\/index.php\/wp-json\/wp\/v2\/media?parent=18970"}],"wp:term":[{"taxonomy":"product_brand","embeddable":true,"href":"https:\/\/parcavs.com\/index.php\/wp-json\/wp\/v2\/product_brand?post=18970"},{"taxonomy":"product_cat","embeddable":true,"href":"https:\/\/parcavs.com\/index.php\/wp-json\/wp\/v2\/product_cat?post=18970"},{"taxonomy":"product_tag","embeddable":true,"href":"https:\/\/parcavs.com\/index.php\/wp-json\/wp\/v2\/product_tag?post=18970"}],"curies":[{"name":"wp","href":"https:\/\/api.w.org\/{rel}","templated":true}]}}