{"id":19119,"date":"2023-05-13T16:05:47","date_gmt":"2023-05-13T13:05:47","guid":{"rendered":"https:\/\/parcavs.com\/?post_type=product&#038;p=19119"},"modified":"2023-05-13T16:36:36","modified_gmt":"2023-05-13T13:36:36","slug":"continental-premium-contact-205-55r16-91v-yaz-lastigi","status":"publish","type":"product","link":"https:\/\/parcavs.com\/index.php\/product\/continental-premium-contact-205-55r16-91v-yaz-lastigi\/","title":{"rendered":"Continental Premium Contact 205\/55R16 91V Yaz Lasti\u011fi"},"content":{"rendered":"<p>Continental Premium Contact 205\/55R16 91V Yaz Lasti\u011fi Stok ve Fiyat Bilgisi i\u00e7in:<\/p>\n<p><img fetchpriority=\"high\" decoding=\"async\" class=\"size-medium wp-image-19101\" src=\"https:\/\/parcavs.com\/wp-content\/uploads\/2023\/05\/yildiz-oto-market-aydin-nazilli-continental-barum-oto-lastik-fiyatlari-300x189.jpg\" alt=\"Continental Premium Contact 205\/55R16 91V Yaz Lasti\u011fiLasti\u011fi\" width=\"300\" height=\"189\" srcset=\"https:\/\/parcavs.com\/wp-content\/uploads\/2023\/05\/yildiz-oto-market-aydin-nazilli-continental-barum-oto-lastik-fiyatlari-300x189.jpg 300w, https:\/\/parcavs.com\/wp-content\/uploads\/2023\/05\/yildiz-oto-market-aydin-nazilli-continental-barum-oto-lastik-fiyatlari.jpg 386w\" sizes=\"(max-width: 300px) 100vw, 300px\" \/><\/p>\n<hr \/>\n<p><strong>Continental\u00a0 Markas\u0131 Hakk\u0131nda<\/strong><\/p>\n<p>Continental markas\u0131 Almanya\u2019n\u0131n Hannover kentine bir kau\u00e7uk \u00fcretim merkezi olarak kuruldu. \u0130lerleyen d\u00f6nemlerde d\u00fcnyada oluklu ara\u00e7 lastikleri \u00fcreten ilk \u015firket ve s\u00f6k\u00fclebilir tekerlek lasti\u011fini \u00fcreten ilk firmad\u0131r. Bug\u00fcn Continental \u00a0markas\u0131 d\u00fcnyan\u0131n en b\u00fcy\u00fck d\u00f6rd\u00fcnd\u00fc lastik \u00fcreticisi konumuna eri\u015fmi\u015f \u00e7ok uluslu bir \u015firket durumundad\u0131r.<\/p>\n<p>&nbsp;<\/p>\n<p><strong>Continental\u00a0 T\u00fcrkiye Hakk\u0131nda<\/strong><\/p>\n<p>D\u00fcnyan\u0131n lider lastik \u00fcreticilerinden biri olan Continental, T\u00fcrkiye\u2019de distrib\u00fct\u00f6r ve yayg\u0131n bayi a\u011f\u0131yla geli\u015fen T\u00fcrkiye pazar\u0131nda sa\u011flam bir yere sahiptir.<\/p>\n<p>T\u00fcrkiye\u2019de Bursa ilinde 1996 y\u0131l\u0131nda \u00fcretime ba\u015flayan Continental firmas\u0131, burada hava s\u00fcspansiyon sistemi \u00fcretimi gerekle\u015ftirmektedir. M\u00fc\u015fterilerinin ihtiya\u00e7lar\u0131n\u0131 g\u00f6z \u00f6n\u00fcnde bulundurarak \u015firket, Avrupa ve uluslararas\u0131 ticari ara\u00e7 \u00fcreticileri ile Avrupa ana aks \u00fcreticileri i\u00e7in \u00e7\u00f6z\u00fcmler sunmaktad\u0131r. Continental verimlili\u011fini art\u0131rmak ayn\u0131 zamanda yerel ve sosyal sorumlulu\u011funu yerine getirmek i\u00e7in d\u00fczenli olarak modern teknolojiye yat\u0131r\u0131m yapmaktad\u0131r.<\/p>\n<p><strong>Par\u00e7a Vesaire Hakk\u0131nda<\/strong><\/p>\n<p>Ba\u015fta IVECO, MAN, TATA, Mitsubishi, Subaru, HFK Kanuni, Karsan gibi markalar\u0131n orjinal ve yan sanayi par\u00e7alar\u0131n\u0131n ve \u0130klimsa klimalar\u0131n\u0131n T\u00fcrkiye genelinde online sat\u0131\u015f\u0131n\u0131n yap\u0131ld\u0131\u011f\u0131 bir al\u0131\u015fveri\u015f sitesi olarak 2021 y\u0131l\u0131nda faaliyetine ba\u015flam\u0131\u015ft\u0131r.<\/p>\n<p>\u0130lerleyen d\u00f6nemlerde di\u011fer otomotiv markalar\u0131n\u0131 ve otomotiv d\u0131\u015f\u0131 yedek par\u00e7a, makine, ikince el sanayi \u00fcr\u00fcnleri ve servis aparatlar\u0131n\u0131 da ihtiva edecek \u015fekilde yap\u0131lanmay\u0131 hedeflemektedir. \u00d6nerileriniz ve i\u015fbirli\u011fi talepleriniz i\u00e7in bizimle irtibat kurabilirsiniz.<\/p>\n","protected":false},"excerpt":{"rendered":"<p>Mevsim: Yaz<\/p>\n<p>Ara\u00e7 T\u00fcr\u00fc: Otomobil<\/p>\n<p>Ebat: 205 55 R16<\/p>\n<p>H\u0131z S\u0131n\u0131f\u0131: V<\/p>\n<p>Y\u00fck Endeksi: 91<\/p>\n<p>G\u00fcr\u00fclt\u00fc: 70 dB<\/p>\n<p>Islak Yol Tutu\u015fu: A<\/p>\n<p>Yak\u0131t Verimlili\u011fi: C<\/p>\n","protected":false},"featured_media":19120,"comment_status":"open","ping_status":"closed","template":"","meta":{"_monsterinsights_skip_tracking":false,"_monsterinsights_sitenote_active":false,"_monsterinsights_sitenote_note":"","_monsterinsights_sitenote_category":0},"product_brand":[],"product_cat":[2469],"product_tag":[2975,2977,2976,2964,2974],"class_list":{"0":"post-19119","1":"product","2":"type-product","3":"status-publish","4":"has-post-thumbnail","6":"product_cat-oto-lastik","7":"product_tag-205-55r16-91v","8":"product_tag-205-55r16-continental","9":"product_tag-205-55r16-yaz-lastigi","10":"product_tag-continental","11":"product_tag-premium-contact","13":"first","14":"instock","15":"taxable","16":"shipping-taxable","17":"product-type-simple"},"_links":{"self":[{"href":"https:\/\/parcavs.com\/index.php\/wp-json\/wp\/v2\/product\/19119","targetHints":{"allow":["GET"]}}],"collection":[{"href":"https:\/\/parcavs.com\/index.php\/wp-json\/wp\/v2\/product"}],"about":[{"href":"https:\/\/parcavs.com\/index.php\/wp-json\/wp\/v2\/types\/product"}],"replies":[{"embeddable":true,"href":"https:\/\/parcavs.com\/index.php\/wp-json\/wp\/v2\/comments?post=19119"}],"version-history":[{"count":1,"href":"https:\/\/parcavs.com\/index.php\/wp-json\/wp\/v2\/product\/19119\/revisions"}],"predecessor-version":[{"id":19121,"href":"https:\/\/parcavs.com\/index.php\/wp-json\/wp\/v2\/product\/19119\/revisions\/19121"}],"wp:featuredmedia":[{"embeddable":true,"href":"https:\/\/parcavs.com\/index.php\/wp-json\/wp\/v2\/media\/19120"}],"wp:attachment":[{"href":"https:\/\/parcavs.com\/index.php\/wp-json\/wp\/v2\/media?parent=19119"}],"wp:term":[{"taxonomy":"product_brand","embeddable":true,"href":"https:\/\/parcavs.com\/index.php\/wp-json\/wp\/v2\/product_brand?post=19119"},{"taxonomy":"product_cat","embeddable":true,"href":"https:\/\/parcavs.com\/index.php\/wp-json\/wp\/v2\/product_cat?post=19119"},{"taxonomy":"product_tag","embeddable":true,"href":"https:\/\/parcavs.com\/index.php\/wp-json\/wp\/v2\/product_tag?post=19119"}],"curies":[{"name":"wp","href":"https:\/\/api.w.org\/{rel}","templated":true}]}}