{"id":19689,"date":"2023-09-21T13:31:33","date_gmt":"2023-09-21T10:31:33","guid":{"rendered":"https:\/\/parcavs.com\/?post_type=product&#038;p=19689"},"modified":"2025-03-25T00:00:12","modified_gmt":"2025-03-24T22:00:12","slug":"fujitsu-prime-asyg09kpce-inverter-duvar-tipi-klima-set-9000btu-r32","status":"publish","type":"product","link":"https:\/\/parcavs.com\/index.php\/product\/fujitsu-prime-asyg09kpce-inverter-duvar-tipi-klima-set-9000btu-r32\/","title":{"rendered":"Fujitsu Prime ASYG09KPCE Inverter Duvar Tipi Klima Set 9000BTU R32"},"content":{"rendered":"<p>Fujitsu Prime 9.000 BTU\/h A++ Inverter Klima R32 ASYG09KPCE<br \/>\n\u00dccretsiz kargo \u2013 \u00dccretsiz montaj \u2013 KDV dahil olarak<br \/>\nKapasite\/ Is\u0131tma 8,530 (3,070 &#8211; 11,940) BTU\/h<br \/>\nKapasite\/ So\u011futma 8,530 (3,070 &#8211; 10,235) BTU\/h<br \/>\nSEER\/SCOP(Ortalama) 6.80\/4.10<br \/>\nEnerji S\u0131n\u0131f\u0131\/ So\u011futma \/ Is\u0131tma (Ortalama) A++\/A+<br \/>\nEnerji T\u00fcketimi\/ Is\u0131tma 0.67 kW<br \/>\nEnerji T\u00fcketimi\/ So\u011futma 0.76 kW<br \/>\n\u00c7al\u0131\u015fma Ak\u0131m\u0131\/ Is\u0131tma 6.0 A<br \/>\n\u00c7al\u0131\u015fma Ak\u0131m\u0131\/ So\u011futma 6.0 A<br \/>\nHava Debisi\/ D\u0131\u015f \u00dcnite &#8211; Is\u0131tma 24.16 m3\/dak<br \/>\nHava Debisi\/ D\u0131\u015f \u00dcnite &#8211; So\u011futma 27.50 m3\/dak<br \/>\nHava Debisi\/ Is\u0131tma 10.33 m3\/dak<br \/>\nHava Debisi\/ So\u011futma 10.33 m3\/dak<br \/>\nBoyutlar (GxYxD)\/ D\u0131\u015f \u00dcnite 663x541x290 mm<br \/>\nBoyutlar (GxYxD)\/ \u0130\u00e7 \u00dcnite 770x250x218 mm<br \/>\nNet A\u011f\u0131rl\u0131k\/ D\u0131\u015f \u00dcnite 19 kg<br \/>\nNet A\u011f\u0131rl\u0131k\/ \u0130\u00e7 \u00dcnite 7 kg<br \/>\nG\u00fc\u00e7 Kayna\u011f\u0131 230V,1Ph,50Hz V, Faz, Hz<br \/>\nBa\u011flant\u0131 Boru \u00c7aplar\u0131\/ Gaz 9.52 mm(inch)<br \/>\nBa\u011flant\u0131 Boru \u00c7aplar\u0131\/ S\u0131v\u0131 6.35 mm(inch)<br \/>\nMaksimum Borulama Uzunlu\u011fu 20 m<br \/>\nMaksimum Kot Fark\u0131 15 m<br \/>\nD\u0131\u015f Ortam \u00c7al\u0131\u015fma S\u0131cakl\u0131k Aral\u0131\u011f\u0131\/ Is\u0131tma -15 \/ 24 \u00b0 C<br \/>\nD\u0131\u015f Ortam \u00c7al\u0131\u015fma S\u0131cakl\u0131k Aral\u0131\u011f\u0131\/ So\u011futma 10 \/ 52 \u00b0 C<br \/>\nSes G\u00fc\u00e7 Seviyesi\/ Is\u0131tma 55\/57 dB(A)<br \/>\nSes G\u00fc\u00e7 Seviyesi\/ So\u011futma 55\/58 dB(A)<br \/>\nSes Bas\u0131n\u00e7 Seviyesi\/ Is\u0131tma 43\/37\/32\/23 dB(A)<br \/>\nSes Bas\u0131n\u00e7 Seviyesi\/ So\u011futma 43\/36\/29\/21 dB(A)<br \/>\nSes Bas\u0131n\u00e7 Seviyesi\/ D\u0131\u015f \u00dcnite \/ So\u011futma 47 dB(A)<br \/>\nSes Bas\u0131n\u00e7 Seviyesi\/ D\u0131\u015f \u00dcnite \/ Is\u0131tma 47 dB(A)<br \/>\nSo\u011futucu R32\/675<br \/>\nFiyatlar\u0131m\u0131za KDV \u00fccreti dahildir<br \/>\nAd\u0131n\u0131za fatural\u0131 olarak g\u00f6nderilecektir.<br \/>\n\u00dccretsiz kargo ve \u00dccretsiz montaj<\/p>\n","protected":false},"excerpt":{"rendered":"<p>Fujitsu Prime ASYG09KPCE Inverter Duvar Tipi Klima Set 9000BTU R32<br \/>\nKapasite\/ Is\u0131tma 8,530 (3,070 &#8211; 11,940) BTU\/h<br \/>\nKapasite\/ So\u011futma 8,530 (3,070 &#8211; 10,235) BTU\/h<br \/>\nSEER\/SCOP(Ortalama) 6.80\/4.10<br \/>\nEnerji S\u0131n\u0131f\u0131\/ So\u011futma \/ Is\u0131tma (Ortalama) A++\/A+<br \/>\nEnerji T\u00fcketimi\/ Is\u0131tma 0.67 kW<br \/>\nEnerji T\u00fcketimi\/ So\u011futma 0.76 kW<br \/>\n\u00c7al\u0131\u015fma Ak\u0131m\u0131\/ Is\u0131tma 6.0 A<br \/>\n\u00c7al\u0131\u015fma Ak\u0131m\u0131\/ So\u011futma 6.0 A<br \/>\nHava Debisi\/ D\u0131\u015f \u00dcnite &#8211; Is\u0131tma 24.16 m3\/dak<br \/>\nHava Debisi\/ D\u0131\u015f \u00dcnite &#8211; So\u011futma 27.50 m3\/dak<br \/>\nHava Debisi\/ Is\u0131tma 10.33 m3\/dak<br \/>\nHava Debisi\/ So\u011futma 10.33 m3\/dak<br \/>\nBoyutlar (GxYxD)\/ D\u0131\u015f \u00dcnite 663x541x290 mm<br \/>\nBoyutlar (GxYxD)\/ \u0130\u00e7 \u00dcnite 770x250x218 mm<br \/>\nNet A\u011f\u0131rl\u0131k\/ D\u0131\u015f \u00dcnite 19 kg<br \/>\nNet A\u011f\u0131rl\u0131k\/ \u0130\u00e7 \u00dcnite 7 kg<br \/>\nG\u00fc\u00e7 Kayna\u011f\u0131 230V,1Ph,50Hz V, Faz, Hz<br \/>\nBa\u011flant\u0131 Boru \u00c7aplar\u0131\/ Gaz 9.52 mm(inch)<br \/>\nBa\u011flant\u0131 Boru \u00c7aplar\u0131\/ S\u0131v\u0131 6.35 mm(inch)<br \/>\nMaksimum Borulama Uzunlu\u011fu 20 m<br \/>\nMaksimum Kot Fark\u0131 15 m<br \/>\nD\u0131\u015f Ortam \u00c7al\u0131\u015fma S\u0131cakl\u0131k Aral\u0131\u011f\u0131\/ Is\u0131tma -15 \/ 24 \u00b0 C<br \/>\nD\u0131\u015f Ortam \u00c7al\u0131\u015fma S\u0131cakl\u0131k Aral\u0131\u011f\u0131\/ So\u011futma 10 \/ 52 \u00b0 C<br \/>\nSes G\u00fc\u00e7 Seviyesi\/ Is\u0131tma 55\/57 dB(A)<br \/>\nSes G\u00fc\u00e7 Seviyesi\/ So\u011futma 55\/58 dB(A)<br \/>\nSes Bas\u0131n\u00e7 Seviyesi\/ Is\u0131tma 43\/37\/32\/23 dB(A)<br \/>\nSes Bas\u0131n\u00e7 Seviyesi\/ So\u011futma 43\/36\/29\/21 dB(A)<br \/>\nSes Bas\u0131n\u00e7 Seviyesi\/ D\u0131\u015f \u00dcnite \/ So\u011futma 47 dB(A)<br \/>\nSes Bas\u0131n\u00e7 Seviyesi\/ D\u0131\u015f \u00dcnite \/ Is\u0131tma 47 dB(A)<br \/>\nSo\u011futucu R32\/675<br \/>\nFiyatlar\u0131m\u0131za KDV \u00fccreti dahildir<br \/>\nAd\u0131n\u0131za fatural\u0131 olarak g\u00f6nderilecektir.<br \/>\n\u00dccretsiz kargo ve \u00dccretsiz montaj<\/p>\n","protected":false},"featured_media":19691,"comment_status":"open","ping_status":"closed","template":"","meta":{"_monsterinsights_skip_tracking":false,"_monsterinsights_sitenote_active":false,"_monsterinsights_sitenote_note":"","_monsterinsights_sitenote_category":0},"product_brand":[],"product_cat":[40],"product_tag":[14643,3108,3105,3104,3107,3106],"class_list":{"0":"post-19689","1":"product","2":"type-product","3":"status-publish","4":"has-post-thumbnail","6":"product_cat-klima","7":"product_tag-asyg09kpce","8":"product_tag-fujitsu-duvar-tipi-klima","9":"product_tag-fujitsu-klima","10":"product_tag-fujitsu-prime","11":"product_tag-fujitsu-prime-inverter-klima","12":"product_tag-fujitsu-prime-klima","14":"first","15":"instock","16":"taxable","17":"shipping-taxable","18":"purchasable","19":"product-type-simple"},"_links":{"self":[{"href":"https:\/\/parcavs.com\/index.php\/wp-json\/wp\/v2\/product\/19689","targetHints":{"allow":["GET"]}}],"collection":[{"href":"https:\/\/parcavs.com\/index.php\/wp-json\/wp\/v2\/product"}],"about":[{"href":"https:\/\/parcavs.com\/index.php\/wp-json\/wp\/v2\/types\/product"}],"replies":[{"embeddable":true,"href":"https:\/\/parcavs.com\/index.php\/wp-json\/wp\/v2\/comments?post=19689"}],"version-history":[{"count":4,"href":"https:\/\/parcavs.com\/index.php\/wp-json\/wp\/v2\/product\/19689\/revisions"}],"predecessor-version":[{"id":36486,"href":"https:\/\/parcavs.com\/index.php\/wp-json\/wp\/v2\/product\/19689\/revisions\/36486"}],"wp:featuredmedia":[{"embeddable":true,"href":"https:\/\/parcavs.com\/index.php\/wp-json\/wp\/v2\/media\/19691"}],"wp:attachment":[{"href":"https:\/\/parcavs.com\/index.php\/wp-json\/wp\/v2\/media?parent=19689"}],"wp:term":[{"taxonomy":"product_brand","embeddable":true,"href":"https:\/\/parcavs.com\/index.php\/wp-json\/wp\/v2\/product_brand?post=19689"},{"taxonomy":"product_cat","embeddable":true,"href":"https:\/\/parcavs.com\/index.php\/wp-json\/wp\/v2\/product_cat?post=19689"},{"taxonomy":"product_tag","embeddable":true,"href":"https:\/\/parcavs.com\/index.php\/wp-json\/wp\/v2\/product_tag?post=19689"}],"curies":[{"name":"wp","href":"https:\/\/api.w.org\/{rel}","templated":true}]}}