{"id":19709,"date":"2023-09-22T12:38:45","date_gmt":"2023-09-22T09:38:45","guid":{"rendered":"https:\/\/parcavs.com\/?post_type=product&#038;p=19709"},"modified":"2024-03-23T00:00:31","modified_gmt":"2024-03-22T22:00:31","slug":"fujitsu-cool-asyg24kmte-inverter-duvar-tipi-klima-24000btu-sogutma-r32","status":"publish","type":"product","link":"https:\/\/parcavs.com\/index.php\/product\/fujitsu-cool-asyg24kmte-inverter-duvar-tipi-klima-24000btu-sogutma-r32\/","title":{"rendered":"Fujitsu Cool ASYG24KMTE Inverter Duvar Tipi Klima 24000BTU So\u011futma R32"},"content":{"rendered":"<p>Fujitsu Cool ASYG24KMTE Inverter Duvar Tipi Klima 24000BTU So\u011futma R32<\/p>\n<p>\u00dccretsiz kargo \u2013 \u00dccretsiz montaj \u2013 KDV dahil olarak<\/p>\n<p>Ad\u0131n\u0131za fatural\u0131 olarak g\u00f6nderilecektir.<\/p>\n","protected":false},"excerpt":{"rendered":"<p>Fujitsu Cool 24.000 BTU\/h A++ Inverter Klima R32 ASYG24KMTE<\/p>\n<p>Fujitsu Cool ASYG24KMTE 24000 BTU\/h A++ Inverter Duvar Tipi Klima R32 \u00d6zellikleri<\/p>\n<p>Klima Tipi: Duvar<br \/>\nIs\u0131tma Kapasitesi: 27296 (3070-34461) BTU\/h<br \/>\nSo\u011futma Kapasitesi: 24225 (3070-28319) BTU\/h<br \/>\nKlima Teknolojisi: Inverter<br \/>\nMarka: Fujitsu<br \/>\nEnerji S\u0131n\u0131f\u0131-Is\u0131tma A++<br \/>\nGaz Tipi R32<br \/>\nEnerji S\u0131n\u0131f\u0131-So\u011futma A+<br \/>\nEnerji T\u00fcketimi\/ Is\u0131tma 1.91 kW<br \/>\nEnerji T\u00fcketimi\/ So\u011futma 2.08 kW<\/p>\n<p>Fiyatlar\u0131m\u0131za KDV ve kargo \u00fccreti dahildir.<\/p>\n","protected":false},"featured_media":19710,"comment_status":"open","ping_status":"closed","template":"","meta":{"_monsterinsights_skip_tracking":false,"_monsterinsights_sitenote_active":false,"_monsterinsights_sitenote_note":"","_monsterinsights_sitenote_category":0},"product_brand":[],"product_cat":[40],"product_tag":[3115,3117,3116,3118],"class_list":{"0":"post-19709","1":"product","2":"type-product","3":"status-publish","4":"has-post-thumbnail","6":"product_cat-klima","7":"product_tag-fujitsu-24000-btu","8":"product_tag-fujitsu-24000-duvar-tipi-klima","9":"product_tag-fujitsu-cool-24000-btu","10":"product_tag-fujitsu-duvar-tipi-klima-24000-btu","12":"first","13":"outofstock","14":"taxable","15":"shipping-taxable","16":"purchasable","17":"product-type-simple"},"_links":{"self":[{"href":"https:\/\/parcavs.com\/index.php\/wp-json\/wp\/v2\/product\/19709","targetHints":{"allow":["GET"]}}],"collection":[{"href":"https:\/\/parcavs.com\/index.php\/wp-json\/wp\/v2\/product"}],"about":[{"href":"https:\/\/parcavs.com\/index.php\/wp-json\/wp\/v2\/types\/product"}],"replies":[{"embeddable":true,"href":"https:\/\/parcavs.com\/index.php\/wp-json\/wp\/v2\/comments?post=19709"}],"version-history":[{"count":1,"href":"https:\/\/parcavs.com\/index.php\/wp-json\/wp\/v2\/product\/19709\/revisions"}],"predecessor-version":[{"id":19711,"href":"https:\/\/parcavs.com\/index.php\/wp-json\/wp\/v2\/product\/19709\/revisions\/19711"}],"wp:featuredmedia":[{"embeddable":true,"href":"https:\/\/parcavs.com\/index.php\/wp-json\/wp\/v2\/media\/19710"}],"wp:attachment":[{"href":"https:\/\/parcavs.com\/index.php\/wp-json\/wp\/v2\/media?parent=19709"}],"wp:term":[{"taxonomy":"product_brand","embeddable":true,"href":"https:\/\/parcavs.com\/index.php\/wp-json\/wp\/v2\/product_brand?post=19709"},{"taxonomy":"product_cat","embeddable":true,"href":"https:\/\/parcavs.com\/index.php\/wp-json\/wp\/v2\/product_cat?post=19709"},{"taxonomy":"product_tag","embeddable":true,"href":"https:\/\/parcavs.com\/index.php\/wp-json\/wp\/v2\/product_tag?post=19709"}],"curies":[{"name":"wp","href":"https:\/\/api.w.org\/{rel}","templated":true}]}}