{"id":20948,"date":"2023-10-14T15:55:29","date_gmt":"2023-10-14T12:55:29","guid":{"rendered":"https:\/\/parcavs.com\/?post_type=product&#038;p=20948"},"modified":"2025-03-24T00:00:17","modified_gmt":"2025-03-23T22:00:17","slug":"mitsubishi-l300-hyundai-h100-diyot-tablasi-md607616","status":"publish","type":"product","link":"https:\/\/parcavs.com\/index.php\/product\/mitsubishi-l300-hyundai-h100-diyot-tablasi-md607616\/","title":{"rendered":"Mitsubishi L300 Hyundai H100 Diyot Tablas\u0131 MD607616"},"content":{"rendered":"<p>MD607616 Mitsubishi L300 Hyundai H100 Diyot Tablas\u0131<br \/>\nTabla Diyot L200 L300<br \/>\n\u00dcretici Firma: UniPoint<br \/>\nFiyatlar\u0131m\u0131za KDV \u00fccreti dahildir<br \/>\nAd\u0131n\u0131za fatural\u0131 olarak g\u00f6nderilecektir.<br \/>\nKargo ta\u015f\u0131ma \u00fccreti al\u0131c\u0131ya aittir.<br \/>\nAnla\u015fmal\u0131 oldu\u011fumuz kargo firmas\u0131 arac\u0131l\u0131\u011f\u0131yla<br \/>\n\u00dccret al\u0131c\u0131 olarak taraf\u0131n\u0131za g\u00f6nderilecektir.<\/p>\n","protected":false},"excerpt":{"rendered":"<p>MD607616 <strong>Mitsubishi<\/strong> L300 Hyundai H100 Diyot Tablas\u0131<br \/>\nTabla Diyot <strong>L200<\/strong> <strong>L300<\/strong><br \/>\n\u00dcretici Firma: <strong>UniPoint<\/strong><br \/>\nFiyatlar\u0131m\u0131za <strong>KDV<\/strong> \u00fccreti dahildir<br \/>\nAd\u0131n\u0131za <strong>fatural\u0131<\/strong> olarak g\u00f6nderilecektir.<br \/>\n<strong>Kargo<\/strong> ta\u015f\u0131ma <strong>\u00fccreti<\/strong> al\u0131c\u0131ya aittir.<\/p>\n","protected":false},"featured_media":20949,"comment_status":"open","ping_status":"closed","template":"","meta":{"_monsterinsights_skip_tracking":false,"_monsterinsights_sitenote_active":false,"_monsterinsights_sitenote_note":"","_monsterinsights_sitenote_category":0},"product_brand":[],"product_cat":[43],"product_tag":[3619,2123,2929,1245,3620,253],"class_list":{"0":"post-20948","1":"product","2":"type-product","3":"status-publish","4":"has-post-thumbnail","6":"product_cat-mitsubishi-yedek-parca","7":"product_tag-diyot-tablasi","8":"product_tag-h100","9":"product_tag-hyundai","10":"product_tag-l300","11":"product_tag-md607616","12":"product_tag-mitsubishi","14":"first","15":"instock","16":"taxable","17":"shipping-taxable","18":"purchasable","19":"product-type-simple"},"_links":{"self":[{"href":"https:\/\/parcavs.com\/index.php\/wp-json\/wp\/v2\/product\/20948","targetHints":{"allow":["GET"]}}],"collection":[{"href":"https:\/\/parcavs.com\/index.php\/wp-json\/wp\/v2\/product"}],"about":[{"href":"https:\/\/parcavs.com\/index.php\/wp-json\/wp\/v2\/types\/product"}],"replies":[{"embeddable":true,"href":"https:\/\/parcavs.com\/index.php\/wp-json\/wp\/v2\/comments?post=20948"}],"version-history":[{"count":1,"href":"https:\/\/parcavs.com\/index.php\/wp-json\/wp\/v2\/product\/20948\/revisions"}],"predecessor-version":[{"id":20950,"href":"https:\/\/parcavs.com\/index.php\/wp-json\/wp\/v2\/product\/20948\/revisions\/20950"}],"wp:featuredmedia":[{"embeddable":true,"href":"https:\/\/parcavs.com\/index.php\/wp-json\/wp\/v2\/media\/20949"}],"wp:attachment":[{"href":"https:\/\/parcavs.com\/index.php\/wp-json\/wp\/v2\/media?parent=20948"}],"wp:term":[{"taxonomy":"product_brand","embeddable":true,"href":"https:\/\/parcavs.com\/index.php\/wp-json\/wp\/v2\/product_brand?post=20948"},{"taxonomy":"product_cat","embeddable":true,"href":"https:\/\/parcavs.com\/index.php\/wp-json\/wp\/v2\/product_cat?post=20948"},{"taxonomy":"product_tag","embeddable":true,"href":"https:\/\/parcavs.com\/index.php\/wp-json\/wp\/v2\/product_tag?post=20948"}],"curies":[{"name":"wp","href":"https:\/\/api.w.org\/{rel}","templated":true}]}}