{"id":21047,"date":"2023-10-17T15:32:12","date_gmt":"2023-10-17T12:32:12","guid":{"rendered":"https:\/\/parcavs.com\/?post_type=product&#038;p=21047"},"modified":"2025-05-14T00:00:11","modified_gmt":"2025-05-13T21:00:11","slug":"tum-araclar-icin-uzaktan-kilitleme-sistemi-automix","status":"publish","type":"product","link":"https:\/\/parcavs.com\/index.php\/product\/tum-araclar-icin-uzaktan-kilitleme-sistemi-automix\/","title":{"rendered":"T\u00fcm Ara\u00e7lar \u0130\u00e7in Uzaktan Kilitleme Sistemi Automix"},"content":{"rendered":"<p>T\u00fcm Ara\u00e7lar \u0130\u00e7in Uzaktan Kilitleme Sistemi<br \/>\nMerkezi Kilit Anahtar\u0131 (B\u00fct\u00fcn Ara\u00e7lara Uygundur)<br \/>\n\u00dcretici Firma: Automix Accessories<br \/>\nFiyatlar\u0131m\u0131za KDV \u00fccreti dahildir<br \/>\nAd\u0131n\u0131za fatural\u0131 olarak g\u00f6nderilecektir.<br \/>\nKargo ta\u015f\u0131ma \u00fccreti al\u0131c\u0131ya aittir.<br \/>\nAnla\u015fmal\u0131 oldu\u011fumuz kargo firmas\u0131 arac\u0131l\u0131\u011f\u0131yla<br \/>\n\u00dccret al\u0131c\u0131 olarak taraf\u0131n\u0131za g\u00f6nderilecektir.<\/p>\n<p>NOT:<\/p>\n<p>\u00dcr\u00fcnde anahtar bulunmamaktad\u0131r.<\/p>\n<p>Hi\u00e7 kullan\u0131lmam\u0131\u015f durumdad\u0131r.<\/p>\n<hr \/>\n<p><strong>Automix Firmas\u0131 Faaliyet Alanlar\u0131 Hakk\u0131nda<\/strong><\/p>\n<p><strong>Oto Shoplar<\/strong><br \/>\nT\u00fcrkiye genelindeki 1700\u2019\u00fc a\u015fk\u0131n sat\u0131\u015f noktas\u0131na 2000\u2019in \u00fczerindeki \u00fcr\u00fcn \u00e7e\u015fidi ile hizmet vermektedir.<\/p>\n<p><strong>Akaryak\u0131t \u0130stasyonlar\u0131<\/strong><br \/>\n1995 y\u0131l\u0131 sonlar\u0131na do\u011fru al\u0131nan kararla akaryak\u0131t istasyonlar\u0131 projesine girme karar\u0131 alarak 1996 y\u0131l\u0131nda SHELL \u201cSelect\u201d projesine ba\u015fland\u0131. Shell\u2019in deste\u011fini de alarak Hollanda\u2019daki merkezde \u2018mercandising\u2019(\u00fcr\u00fcn sunum y\u00f6netimi) e\u011fitimi ile\u00a0 projedeki ilk senenin sonunda en \u00e7ok kazand\u0131ran 3. firma oldu. Bu at\u0131l\u0131m\u0131 T\u00fcrkpetrol, Petrol Ofisi ve Opet projeleri izledi. 2011 y\u0131l\u0131nda istasyonlara \u00f6zel kozmetik \u00fcr\u00fcnleri ve sarf malzemeleri tedari\u011fine ba\u015flad\u0131.<\/p>\n<p><strong>Tuning ve Performans<\/strong><br \/>\n2002 y\u0131l\u0131nda de\u011fi\u015fen Avrupa aksesuar sekt\u00f6r\u00fcne ayak uydurarak \u2018JSV RACING\u2019 markas\u0131yla tuning sekt\u00f6r\u00fcndeki ilk T\u00fcrk markas\u0131 oldu. Kendi tasarlad\u0131\u011f\u0131 \u00fcr\u00fcnlerle k\u0131sa s\u00fcrede i\u00e7 piyasadaki ba\u015far\u0131s\u0131n\u0131 yurtd\u0131\u015f\u0131na da ta\u015f\u0131d\u0131. Halen a\u011f\u0131rl\u0131kl\u0131 olarak Avrupa\u2019ya ihraacat yapmaktad\u0131r.<\/p>\n<p><strong>\u0130hracat<\/strong><br \/>\nJSV Racing, AUTOMIX, VETTE AROMAGIC markal\u0131 \u00fcr\u00fcnlerini yurtd\u0131\u015f\u0131na da pazarlad\u0131. Halen Avrupa\u2019daki da\u011f\u0131t\u0131m \u015firketlerine \u00f6zel proje \u00fcretmektedir. Avrupa \u00fclkelerine ihracat\u0131 devam etmektedir.<\/p>\n<p><strong>Zincir Ma\u011fazalar<\/strong><br \/>\nAkaryak\u0131t istasyonlar\u0131 projelerindeki ba\u015far\u0131lar\u0131n\u0131 peki\u015ftirmek i\u00e7in ulusal zincir ma\u011fazalarla da \u00e7al\u0131\u015fmaya ba\u015flad\u0131.\u00a0 Zincir ma\u011fazalarla ortakla\u015fa y\u00fcr\u00fctt\u00fc\u011f\u00fc \u201cPrivate Label \u201d projeleri devam etmektedir.<\/p>\n<p><strong>Cam Filmleri ve Folyolar<\/strong><br \/>\n1995 y\u0131l\u0131ndan beri yapt\u0131\u011f\u0131 cam filmi koleksiyonunu 2004 y\u0131l\u0131ndan itibaren daha da geli\u015ftirdi. Profesyonel cam filmi, uygulama ve te\u015fhir ekipmanlar\u0131n\u0131 m\u00fc\u015fterilerine sundu. 2010 y\u0131l\u0131nda bu \u00fcr\u00fcn gam\u0131na karbon filmleri ve dekorasyon filmlerini de dahil etti. 2012\u2019de Cam filmi montaj ekipmanlar\u0131n\u0131 sekt\u00f6r\u00fcn be\u011fenisine sundu. 2013 te ise ilk \u201cJant Folyosu\u201d ile piyasaya girmi\u015ftir.<\/p>\n","protected":false},"excerpt":{"rendered":"<p>L450 T\u00fcm Ara\u00e7lar \u0130\u00e7in <strong>Uzaktan Kilitleme Sistemi<\/strong><br \/>\n<strong>Merkezi Kilit Anahtar\u0131<\/strong> (B\u00fcr\u00fcn Ara\u00e7lara Uygundur)<br \/>\n\u00dcretici Firma: <strong>Automix Accessories<\/strong><br \/>\nFiyatlar\u0131m\u0131za <strong>KDV<\/strong> \u00fccreti dahildir<br \/>\nAd\u0131n\u0131za <strong>fatural\u0131<\/strong> olarak g\u00f6nderilecektir.<br \/>\n<strong>Kargo<\/strong> ta\u015f\u0131ma \u00fccreti <strong>al\u0131c\u0131ya<\/strong> aittir.<\/p>\n","protected":false},"featured_media":21162,"comment_status":"open","ping_status":"closed","template":"","meta":{"_monsterinsights_skip_tracking":false,"_monsterinsights_sitenote_active":false,"_monsterinsights_sitenote_note":"","_monsterinsights_sitenote_category":0},"product_brand":[],"product_cat":[41],"product_tag":[3674,3675,3676],"class_list":{"0":"post-21047","1":"product","2":"type-product","3":"status-publish","4":"has-post-thumbnail","6":"product_cat-ikinci-el","7":"product_tag-automix-accessories","8":"product_tag-merkezi-kilit-anahtari","9":"product_tag-uzaktan-kilitleme-sistemi","11":"first","12":"instock","13":"taxable","14":"shipping-taxable","15":"purchasable","16":"product-type-simple"},"_links":{"self":[{"href":"https:\/\/parcavs.com\/index.php\/wp-json\/wp\/v2\/product\/21047","targetHints":{"allow":["GET"]}}],"collection":[{"href":"https:\/\/parcavs.com\/index.php\/wp-json\/wp\/v2\/product"}],"about":[{"href":"https:\/\/parcavs.com\/index.php\/wp-json\/wp\/v2\/types\/product"}],"replies":[{"embeddable":true,"href":"https:\/\/parcavs.com\/index.php\/wp-json\/wp\/v2\/comments?post=21047"}],"version-history":[{"count":6,"href":"https:\/\/parcavs.com\/index.php\/wp-json\/wp\/v2\/product\/21047\/revisions"}],"predecessor-version":[{"id":37221,"href":"https:\/\/parcavs.com\/index.php\/wp-json\/wp\/v2\/product\/21047\/revisions\/37221"}],"wp:featuredmedia":[{"embeddable":true,"href":"https:\/\/parcavs.com\/index.php\/wp-json\/wp\/v2\/media\/21162"}],"wp:attachment":[{"href":"https:\/\/parcavs.com\/index.php\/wp-json\/wp\/v2\/media?parent=21047"}],"wp:term":[{"taxonomy":"product_brand","embeddable":true,"href":"https:\/\/parcavs.com\/index.php\/wp-json\/wp\/v2\/product_brand?post=21047"},{"taxonomy":"product_cat","embeddable":true,"href":"https:\/\/parcavs.com\/index.php\/wp-json\/wp\/v2\/product_cat?post=21047"},{"taxonomy":"product_tag","embeddable":true,"href":"https:\/\/parcavs.com\/index.php\/wp-json\/wp\/v2\/product_tag?post=21047"}],"curies":[{"name":"wp","href":"https:\/\/api.w.org\/{rel}","templated":true}]}}