{"id":21675,"date":"2023-10-21T15:20:04","date_gmt":"2023-10-21T12:20:04","guid":{"rendered":"https:\/\/parcavs.com\/?post_type=product&#038;p=21675"},"modified":"2025-04-18T00:00:03","modified_gmt":"2025-04-17T21:00:03","slug":"mitutoyo-dis-cap-mekanik-mikrometre-seti-0-150-mm-10391331","status":"publish","type":"product","link":"https:\/\/parcavs.com\/index.php\/product\/mitutoyo-dis-cap-mekanik-mikrometre-seti-0-150-mm-10391331\/","title":{"rendered":"Mitutoyo D\u0131\u015f \u00c7ap Mekanik Mikrometre Seti (0-150 mm) 10391331"},"content":{"rendered":"<p>10391331 Mitutoyo Hafif ve At\u00f6lye Tipi D\u0131\u015f \u00c7ap Mikrometreleri 0-150 mm<br \/>\n\u00dcretici Firma: Mitutoyo (Japonya)<br \/>\nFiyatlar\u0131m\u0131za KDV \u00fccreti dahildir<br \/>\nAd\u0131n\u0131za fatural\u0131 olarak g\u00f6nderilecektir.<br \/>\nKargo ta\u015f\u0131ma \u00fccreti al\u0131c\u0131ya aittir.<br \/>\nAnla\u015fmal\u0131 oldu\u011fumuz kargo firmas\u0131 arac\u0131l\u0131\u011f\u0131yla<br \/>\n\u00dccret al\u0131c\u0131 olarak taraf\u0131n\u0131za g\u00f6nderilecektir.<\/p>\n<hr \/>\n<p>Mitutoyo Hafif ve At\u00f6lye Ti\u011fi D\u0131\u015f \u00c7ap Mekanik Mikrometre Seti \u00d6zellikleri<br \/>\n&#8211; 0-150 mm aral\u0131\u011f\u0131nda 0.01 hassasiyette \u00f6l\u00e7\u00fcm imkan\u0131<br \/>\n&#8211; Kilitleme anahtar\u0131 bulunmaktad\u0131r.<br \/>\n&#8211; Dayan\u0131kl\u0131 d\u0131\u015f g\u00f6vdeye sahiptir.<br \/>\n&#8211; Herhangi bir g\u00fc\u00e7 kayna\u011f\u0131 gerektirmeden \u00e7al\u0131\u015fma imkan\u0131<br \/>\n&#8211; Darbelere dayan\u0131kl\u0131 tahta sand\u0131k ambalaj\u0131<br \/>\n&#8211; \u0130\u00e7indekiler: 102-701 (1), 103-138, 103-139-10, 103-140-10, 103-141-10, 103-142-10, 5 ayar mastar\u0131.<\/p>\n<hr \/>\n<p><strong>Par\u00e7a Vesaire Hakk\u0131nda<\/strong><\/p>\n<p>Ba\u015fta IVECO, MAN, TATA, Mitsubishi, Subaru, HFK Kanuni, Karsan gibi markalar\u0131n orjinal ve yan sanayi par\u00e7alar\u0131n\u0131n ve \u0130klimsa klimalar\u0131n\u0131n T\u00fcrkiye genelinde online sat\u0131\u015f\u0131n\u0131n yap\u0131ld\u0131\u011f\u0131 bir al\u0131\u015fveri\u015f sitesi olarak 2021 y\u0131l\u0131nda faaliyetine ba\u015flam\u0131\u015ft\u0131r.<\/p>\n<p>\u0130lerleyen d\u00f6nemlerde di\u011fer otomotiv markalar\u0131n\u0131 ve otomotiv d\u0131\u015f\u0131 yedek par\u00e7a, makine, ikince el sanayi \u00fcr\u00fcnleri ve servis aparatlar\u0131n\u0131 da ihtiva edecek \u015fekilde yap\u0131lanmay\u0131 hedeflemektedir. \u00d6nerileriniz ve i\u015fbirli\u011fi talepleriniz i\u00e7in bizimle irtibat kurabilirsiniz.<\/p>\n","protected":false},"excerpt":{"rendered":"<p><strong>10391331<\/strong> Mitutoyo Hafif ve At\u00f6lye Tipi <strong>D\u0131\u015f \u00c7ap Mikrometre Seti<\/strong> 0-150 mm<br \/>\n\u00dcretici Firma: <strong>Mitutoyo<\/strong> (Japonya)<br \/>\nFiyatlar\u0131m\u0131za <strong>KDV<\/strong> \u00fccreti dahildir<br \/>\nAd\u0131n\u0131za <strong>fatural\u0131<\/strong> olarak g\u00f6nderilecektir.<br \/>\n<strong>Kargo<\/strong> ta\u015f\u0131ma \u00fccreti <strong>al\u0131c\u0131ya<\/strong> aittir.<\/p>\n","protected":false},"featured_media":21676,"comment_status":"open","ping_status":"closed","template":"","meta":{"_monsterinsights_skip_tracking":false,"_monsterinsights_sitenote_active":false,"_monsterinsights_sitenote_note":"","_monsterinsights_sitenote_category":0},"product_brand":[],"product_cat":[50],"product_tag":[3948,3947,3946,3949,3950],"class_list":{"0":"post-21675","1":"product","2":"type-product","3":"status-publish","4":"has-post-thumbnail","6":"product_cat-aparat-ozel-takim","7":"product_tag-dis-cap-mikrometre-seti","8":"product_tag-mikrometre-seti","9":"product_tag-mitutoyo","10":"product_tag-mitutoyo-103-913-31","11":"product_tag-mitutoyo-mikrometre-seti","13":"first","14":"instock","15":"taxable","16":"shipping-taxable","17":"purchasable","18":"product-type-simple"},"_links":{"self":[{"href":"https:\/\/parcavs.com\/index.php\/wp-json\/wp\/v2\/product\/21675","targetHints":{"allow":["GET"]}}],"collection":[{"href":"https:\/\/parcavs.com\/index.php\/wp-json\/wp\/v2\/product"}],"about":[{"href":"https:\/\/parcavs.com\/index.php\/wp-json\/wp\/v2\/types\/product"}],"replies":[{"embeddable":true,"href":"https:\/\/parcavs.com\/index.php\/wp-json\/wp\/v2\/comments?post=21675"}],"version-history":[{"count":2,"href":"https:\/\/parcavs.com\/index.php\/wp-json\/wp\/v2\/product\/21675\/revisions"}],"predecessor-version":[{"id":37613,"href":"https:\/\/parcavs.com\/index.php\/wp-json\/wp\/v2\/product\/21675\/revisions\/37613"}],"wp:featuredmedia":[{"embeddable":true,"href":"https:\/\/parcavs.com\/index.php\/wp-json\/wp\/v2\/media\/21676"}],"wp:attachment":[{"href":"https:\/\/parcavs.com\/index.php\/wp-json\/wp\/v2\/media?parent=21675"}],"wp:term":[{"taxonomy":"product_brand","embeddable":true,"href":"https:\/\/parcavs.com\/index.php\/wp-json\/wp\/v2\/product_brand?post=21675"},{"taxonomy":"product_cat","embeddable":true,"href":"https:\/\/parcavs.com\/index.php\/wp-json\/wp\/v2\/product_cat?post=21675"},{"taxonomy":"product_tag","embeddable":true,"href":"https:\/\/parcavs.com\/index.php\/wp-json\/wp\/v2\/product_tag?post=21675"}],"curies":[{"name":"wp","href":"https:\/\/api.w.org\/{rel}","templated":true}]}}