{"id":22672,"date":"2023-11-02T14:17:07","date_gmt":"2023-11-02T12:17:07","guid":{"rendered":"https:\/\/parcavs.com\/?post_type=product&#038;p=22672"},"modified":"2025-01-13T16:05:02","modified_gmt":"2025-01-13T14:05:02","slug":"osaka-opt-p318-1-inc-havali-somun-sikma-sokme-2714-nm-2-el","status":"publish","type":"product","link":"https:\/\/parcavs.com\/index.php\/product\/osaka-opt-p318-1-inc-havali-somun-sikma-sokme-2714-nm-2-el\/","title":{"rendered":"Osaka OPT-P318 1 in\u00e7 Haval\u0131 Somun S\u0131kma S\u00f6kme 2714 NM (2.El)"},"content":{"rendered":"<p>\u0130kinci El Osaka OPT-P318 1 in\u00e7 Haval\u0131 Somun S\u0131kma S\u00f6kme 2714 NM<br \/>\n\u00dcretici Firma: OSAKA 3500 R.P.M 90-115 psi (2714 NM) 6.3 cm2<br \/>\nFiyatlar\u0131m\u0131za KDV \u00fccreti dahildir<br \/>\nAd\u0131n\u0131za fatural\u0131 olarak g\u00f6nderilecektir.<br \/>\nKargo ta\u015f\u0131ma \u00fccreti al\u0131c\u0131ya aittir.<br \/>\nAnla\u015fmal\u0131 oldu\u011fumuz kargo firmas\u0131 arac\u0131l\u0131\u011f\u0131yla<br \/>\n\u00dccret al\u0131c\u0131 olarak taraf\u0131n\u0131za g\u00f6nderilecektir.<\/p>\n<hr \/>\n<p><strong>Osaka Somun S\u0131kmalar<\/strong><\/p>\n<p>Haval\u0131 aletler i\u00e7erisinde yer alan el aleti modellerinden biridir.<\/p>\n<p>Y\u00fcksek kaliteli yap\u0131ya sahip olan somun s\u00f6kme makinesidir.<\/p>\n<p>Hem somun s\u0131kma hem de s\u00f6kme i\u015flemlerinde kullan\u0131m\u0131 tercih edilen olduk\u00e7a kullan\u0131\u015fl\u0131 bir \u00fcr\u00fcnd\u00fcr.<\/p>\n<p>Haval\u0131 sisteme sahip olan ikiz \u00e7eki\u00e7 Osaka somun s\u0131kma s\u00f6kme y\u00fcksek performansl\u0131d\u0131r.<\/p>\n<p>Haval\u0131 \u00e7al\u0131\u015fma prensibine sahip olup, hava bas\u0131nc\u0131 ile \u00e7al\u0131\u015fmaktad\u0131r.<\/p>\n<p>Kullan\u0131c\u0131n\u0131n y\u00fcksek verimde, kaliteli \u00e7al\u0131\u015fmalar yapabilmesini kolayla\u015ft\u0131r\u0131r.<\/p>\n<p>2714 Nm torku ile olduk\u00e7a g\u00fc\u00e7l\u00fc bir \u00fcr\u00fcnd\u00fcr.<\/p>\n<p>Osaka haval\u0131 somun s\u0131kma ve s\u00f6kme, 1 in\u00e7 soketlidir.<\/p>\n<p>Yap\u0131s\u0131 bak\u0131m\u0131ndan sa\u011flam ve dayan\u0131kl\u0131 bir \u00fcr\u00fcnd\u00fcr.<\/p>\n<p>Ergonomik tasar\u0131m\u0131 sayesinde kullan\u0131c\u0131ya \u00e7al\u0131\u015fma konforu sa\u011flar.<\/p>\n<p>Uzun s\u00fcreli kullan\u0131m \u00f6mr\u00fc bulunmaktad\u0131r.<\/p>\n<hr \/>\n<p><strong>Par\u00e7a Vesaire Hakk\u0131nda<\/strong><\/p>\n<p>Ba\u015fta IVECO, MAN, TATA, Mitsubishi, Subaru, HFK Kanuni, Karsan gibi markalar\u0131n orjinal ve yan sanayi par\u00e7alar\u0131n\u0131n ve \u0130klimsa klimalar\u0131n\u0131n T\u00fcrkiye genelinde online sat\u0131\u015f\u0131n\u0131n yap\u0131ld\u0131\u011f\u0131 bir al\u0131\u015fveri\u015f sitesi olarak 2021 y\u0131l\u0131nda faaliyetine ba\u015flam\u0131\u015ft\u0131r.<\/p>\n<p>\u0130lerleyen d\u00f6nemlerde di\u011fer otomotiv markalar\u0131n\u0131 ve otomotiv d\u0131\u015f\u0131 yedek par\u00e7a, makine,\u00a0ikince el sanayi \u00fcr\u00fcnleri ve servis aparatlar\u0131n\u0131 da ihtiva edecek \u015fekilde yap\u0131lanmay\u0131 hedeflemektedir. \u00d6nerileriniz ve i\u015fbirli\u011fi talepleriniz i\u00e7in bizimle irtibat kurabilirsiniz.<\/p>\n","protected":false},"excerpt":{"rendered":"<p>1&#8243; <strong>Haval\u0131 Somun S\u0131kma S\u00f6kme<\/strong> Osaka <strong>OPT-P318<\/strong>\u00a0 (\u0130kinci El)<br \/>\n\u00dcretici Firma: <strong>OSAKA<\/strong> 3500 R.P.M 90-115 psi (<strong>2714 NM<\/strong>) 6.3 cm2<br \/>\nFiyatlar\u0131m\u0131za <strong>KDV<\/strong> \u00fccreti dahildir<br \/>\nAd\u0131n\u0131za <strong>fatural\u0131<\/strong> olarak g\u00f6nderilecektir.<br \/>\n<strong>Kargo<\/strong> ta\u015f\u0131ma \u00fccreti <strong>al\u0131c\u0131ya<\/strong> aittir.<\/p>\n","protected":false},"featured_media":22677,"comment_status":"open","ping_status":"closed","template":"","meta":{"_monsterinsights_skip_tracking":false,"_monsterinsights_sitenote_active":false,"_monsterinsights_sitenote_note":"","_monsterinsights_sitenote_category":0},"product_brand":[],"product_cat":[41],"product_tag":[4408,4402,4401],"class_list":{"0":"post-22672","1":"product","2":"type-product","3":"status-publish","4":"has-post-thumbnail","6":"product_cat-ikinci-el","7":"product_tag-2714-nm-havali-somun-sikma-sokme","8":"product_tag-havali-somun-sikma-sokme","9":"product_tag-osaka-opt-p318","11":"first","12":"outofstock","13":"taxable","14":"shipping-taxable","15":"purchasable","16":"product-type-simple"},"_links":{"self":[{"href":"https:\/\/parcavs.com\/index.php\/wp-json\/wp\/v2\/product\/22672","targetHints":{"allow":["GET"]}}],"collection":[{"href":"https:\/\/parcavs.com\/index.php\/wp-json\/wp\/v2\/product"}],"about":[{"href":"https:\/\/parcavs.com\/index.php\/wp-json\/wp\/v2\/types\/product"}],"replies":[{"embeddable":true,"href":"https:\/\/parcavs.com\/index.php\/wp-json\/wp\/v2\/comments?post=22672"}],"version-history":[{"count":1,"href":"https:\/\/parcavs.com\/index.php\/wp-json\/wp\/v2\/product\/22672\/revisions"}],"predecessor-version":[{"id":22680,"href":"https:\/\/parcavs.com\/index.php\/wp-json\/wp\/v2\/product\/22672\/revisions\/22680"}],"wp:featuredmedia":[{"embeddable":true,"href":"https:\/\/parcavs.com\/index.php\/wp-json\/wp\/v2\/media\/22677"}],"wp:attachment":[{"href":"https:\/\/parcavs.com\/index.php\/wp-json\/wp\/v2\/media?parent=22672"}],"wp:term":[{"taxonomy":"product_brand","embeddable":true,"href":"https:\/\/parcavs.com\/index.php\/wp-json\/wp\/v2\/product_brand?post=22672"},{"taxonomy":"product_cat","embeddable":true,"href":"https:\/\/parcavs.com\/index.php\/wp-json\/wp\/v2\/product_cat?post=22672"},{"taxonomy":"product_tag","embeddable":true,"href":"https:\/\/parcavs.com\/index.php\/wp-json\/wp\/v2\/product_tag?post=22672"}],"curies":[{"name":"wp","href":"https:\/\/api.w.org\/{rel}","templated":true}]}}