{"id":22896,"date":"2023-11-04T13:20:03","date_gmt":"2023-11-04T11:20:03","guid":{"rendered":"https:\/\/parcavs.com\/?post_type=product&#038;p=22896"},"modified":"2024-08-02T00:00:11","modified_gmt":"2024-08-01T21:00:11","slug":"zimmermann-volvo-s60-on-fren-diski-takim-610-3702-20","status":"publish","type":"product","link":"https:\/\/parcavs.com\/index.php\/product\/zimmermann-volvo-s60-on-fren-diski-takim-610-3702-20\/","title":{"rendered":"Zimmermann Volvo S60 \u00d6n Fren Diski Tak\u0131m 610.3702.20"},"content":{"rendered":"<p>610.3702.20 Fren Diski \u00d6n Standart Volvo S60 &gt;10 07- (16 JANT)<br \/>\nOEM KODLARI: 272 404 5 &#8211; 272404 &#8211; 274 170 0\u00a0 &#8211; 274170 &#8211; 274 559<br \/>\n%100 Orjinal Zimmermann \u00fcr\u00fcn\u00fcd\u00fcr<br \/>\nTak\u0131m Fiyat\u0131d\u0131r.<br \/>\nFiyatlar\u0131m\u0131za KDV dahildir<br \/>\nAd\u0131n\u0131za fatural\u0131 olarak g\u00f6nderilecektir.<br \/>\nKargo ta\u015f\u0131ma \u00fccreti al\u0131c\u0131ya aittir.<br \/>\nAnla\u015fmal\u0131 oldu\u011fumuz kargo firmas\u0131 arac\u0131l\u0131\u011f\u0131yla<br \/>\n\u00dccret al\u0131c\u0131 olarak taraf\u0131n\u0131za g\u00f6nderilecektir.<br \/>\nArac\u0131n\u0131za uyumlulu\u011fu i\u00e7in 0532 3252607 nolu telefona \u015fasi no bilginizi g\u00f6nderip sorgulatabilirsiniz.<\/p>\n","protected":false},"excerpt":{"rendered":"<p><strong>610.3702.20<\/strong> Fren Diski \u00d6n Standart <strong>Volvo<\/strong> S60 &gt;10 07- (<strong>16 JANT<\/strong>)<br \/>\nOEM KODLARI: 272 404 5 &#8211; 272404 &#8211; 274 170 0\u00a0 &#8211; 274170 &#8211; 274 559<br \/>\n%100 <strong>Orjinal<\/strong> Zimmermann \u00fcr\u00fcn\u00fcd\u00fcr<br \/>\n<strong>Tak\u0131m<\/strong> Fiyat\u0131d\u0131r.<br \/>\nFiyatlar\u0131m\u0131za <strong>KDV<\/strong> dahildir<br \/>\nAd\u0131n\u0131za <strong>fatural\u0131<\/strong> olarak g\u00f6nderilecektir.<br \/>\n<strong>Kargo<\/strong> ta\u015f\u0131ma \u00fccreti <strong>al\u0131c\u0131ya<\/strong> aittir.<br \/>\nArac\u0131n\u0131za uyumlulu\u011fu i\u00e7in 0532 3252607 nolu telefona \u015fasi no bilginizi g\u00f6nderip sorgulatabilirsiniz.<\/p>\n<p>&nbsp;<\/p>\n<p>&nbsp;<\/p>\n","protected":false},"featured_media":22976,"comment_status":"open","ping_status":"closed","template":"","meta":{"_monsterinsights_skip_tracking":false,"_monsterinsights_sitenote_active":false,"_monsterinsights_sitenote_note":"","_monsterinsights_sitenote_category":0},"product_brand":[],"product_cat":[4489],"product_tag":[4500,4501,4497,4493,4492,4496,4494,4495,4502],"class_list":{"0":"post-22896","1":"product","2":"type-product","3":"status-publish","4":"has-post-thumbnail","6":"product_cat-zimmermann","7":"product_tag-4500","8":"product_tag-4501","9":"product_tag-610-3702-20","10":"product_tag-610-3702-20-fren-diski-on","11":"product_tag-4492","12":"product_tag-s60","13":"product_tag-standart","14":"product_tag-volvo","15":"product_tag-zimmermann","17":"first","18":"instock","19":"taxable","20":"shipping-taxable","21":"purchasable","22":"product-type-simple"},"_links":{"self":[{"href":"https:\/\/parcavs.com\/index.php\/wp-json\/wp\/v2\/product\/22896","targetHints":{"allow":["GET"]}}],"collection":[{"href":"https:\/\/parcavs.com\/index.php\/wp-json\/wp\/v2\/product"}],"about":[{"href":"https:\/\/parcavs.com\/index.php\/wp-json\/wp\/v2\/types\/product"}],"replies":[{"embeddable":true,"href":"https:\/\/parcavs.com\/index.php\/wp-json\/wp\/v2\/comments?post=22896"}],"version-history":[{"count":6,"href":"https:\/\/parcavs.com\/index.php\/wp-json\/wp\/v2\/product\/22896\/revisions"}],"predecessor-version":[{"id":28607,"href":"https:\/\/parcavs.com\/index.php\/wp-json\/wp\/v2\/product\/22896\/revisions\/28607"}],"wp:featuredmedia":[{"embeddable":true,"href":"https:\/\/parcavs.com\/index.php\/wp-json\/wp\/v2\/media\/22976"}],"wp:attachment":[{"href":"https:\/\/parcavs.com\/index.php\/wp-json\/wp\/v2\/media?parent=22896"}],"wp:term":[{"taxonomy":"product_brand","embeddable":true,"href":"https:\/\/parcavs.com\/index.php\/wp-json\/wp\/v2\/product_brand?post=22896"},{"taxonomy":"product_cat","embeddable":true,"href":"https:\/\/parcavs.com\/index.php\/wp-json\/wp\/v2\/product_cat?post=22896"},{"taxonomy":"product_tag","embeddable":true,"href":"https:\/\/parcavs.com\/index.php\/wp-json\/wp\/v2\/product_tag?post=22896"}],"curies":[{"name":"wp","href":"https:\/\/api.w.org\/{rel}","templated":true}]}}