{"id":22948,"date":"2023-11-04T14:40:26","date_gmt":"2023-11-04T12:40:26","guid":{"rendered":"https:\/\/parcavs.com\/?post_type=product&#038;p=22948"},"modified":"2024-08-02T00:00:11","modified_gmt":"2024-08-01T21:00:11","slug":"zimmermann-volvo-xc90-14-land-rover-discovery-sport-14-range-rover-evoque-11-jaguar-f-pace-x761-x760-x260-15-disk-fren-balatasi-22141-160-1","status":"publish","type":"product","link":"https:\/\/parcavs.com\/index.php\/product\/zimmermann-volvo-xc90-14-land-rover-discovery-sport-14-range-rover-evoque-11-jaguar-f-pace-x761-x760-x260-15-disk-fren-balatasi-22141-160-1\/","title":{"rendered":"Zimmermann Volvo XC90 14\/- Land Rover D\u0131scovery Sport 14\/&#8211; Range Rover Evoque 11\/&#8211; Jaguar F-Pace X761-X760-X260 15\/&#8211; Disk Fren Balatas\u0131 22141.160.1"},"content":{"rendered":"<p>Zimmermann Volvo XC90 14\/- Land Rover D\u0131scovery Sport 14\/&#8211; Range Rover Evoque 11\/&#8211; Jaguar F-Pace X761-X760-X260 15\/&#8211; Disk Fren Balatas\u0131 22141.160.1<br \/>\nOEM KODLARI: LR-090707 &#8211; LR-095295 &#8211; 22141-22142 &#8211; 31471265 &#8211; 31471266<br \/>\n%100 Orjinal Zimmermann \u00fcr\u00fcn\u00fcd\u00fcr<br \/>\nTak\u0131m Fiyat\u0131d\u0131r.<br \/>\nFiyatlar\u0131m\u0131za KDV dahildir<br \/>\nAd\u0131n\u0131za fatural\u0131 olarak g\u00f6nderilecektir.<br \/>\nKargo ta\u015f\u0131ma \u00fccreti al\u0131c\u0131ya aittir.<br \/>\nAnla\u015fmal\u0131 oldu\u011fumuz kargo firmas\u0131 arac\u0131l\u0131\u011f\u0131yla<br \/>\n\u00dccret al\u0131c\u0131 olarak taraf\u0131n\u0131za g\u00f6nderilecektir.<br \/>\nArac\u0131n\u0131za uyumlulu\u011fu i\u00e7in 0532 3252607 nolu telefona \u015fasi no bilginizi g\u00f6nderip sorgulatabilirsiniz.<\/p>\n<hr \/>\n<p>ZIMMERMANN<br \/>\nOtto Zimmermann, 60 y\u0131l\u0131 a\u015fk\u0131n s\u00fcredir otomobil \u00fcreticilerine yedek par\u00e7a pazar\u0131 i\u00e7in y\u00fcksek kalite fren sistemleri geli\u015ftirmekte, \u00fcretmekte ve satmaktad\u0131r.<\/p>\n<p>\u00dcr\u00fcn \u00c7e\u015fitleri (Binek ve Hafif Ticari i\u00e7in):<br \/>\n&#8211; Fren Balatalar\u0131<br \/>\n&#8211; Fren Kampanalar\u0131<br \/>\n&#8211; Fren Pabu\u00e7lar\u0131<br \/>\n&#8211; Hafif Ticari Ara\u00e7lar i\u00e7in Monte Edilmi\u015f Fren Pabucu Kitleri<br \/>\n&#8211; \u00c7apraz Delikli Spor Fren Diskleri ve Birle\u015fik Fren Diskleri<\/p>\n","protected":false},"excerpt":{"rendered":"<p><strong>Zimmermann<\/strong> Volvo <strong>XC90<\/strong> 14\/- <strong>Land Rover<\/strong> D\u0131scovery Sport 14\/&#8211; <strong>Range Rove<\/strong>r Evoque 11\/&#8211; <strong>Jaguar<\/strong> F-Pace X761-X760-X260 15\/&#8211; <strong>Disk Fren Balatas\u0131<\/strong> 22141.160.1<br \/>\nOEM KODLARI: LR-090707 &#8211; LR-095295 &#8211; 22141-22142 &#8211; 31471265 &#8211; 31471266<br \/>\n%100 <strong>Orjinal<\/strong> Zimmermann \u00fcr\u00fcn\u00fcd\u00fcr<br \/>\n<strong>Tak\u0131m<\/strong> Fiyat\u0131d\u0131r.<br \/>\nFiyatlar\u0131m\u0131za <strong>KDV<\/strong> dahildir<br \/>\nAd\u0131n\u0131za <strong>fatural\u0131<\/strong> olarak g\u00f6nderilecektir.<br \/>\n<strong>Kargo<\/strong> ta\u015f\u0131ma \u00fccreti <strong>al\u0131c\u0131ya<\/strong> aittir.<br \/>\nArac\u0131n\u0131za uyumlulu\u011fu i\u00e7in 0532 3252607 nolu telefona \u015fasi no bilginizi g\u00f6nderip sorgulatabilirsiniz.<\/p>\n","protected":false},"featured_media":22952,"comment_status":"open","ping_status":"closed","template":"","meta":{"_monsterinsights_skip_tracking":false,"_monsterinsights_sitenote_active":false,"_monsterinsights_sitenote_note":"","_monsterinsights_sitenote_category":0},"product_brand":[],"product_cat":[4489],"product_tag":[3672,3246,4495,4502],"class_list":{"0":"post-22948","1":"product","2":"type-product","3":"status-publish","4":"has-post-thumbnail","6":"product_cat-zimmermann","7":"product_tag-arka-balata","8":"product_tag-fren-balatasi","9":"product_tag-volvo","10":"product_tag-zimmermann","12":"first","13":"instock","14":"taxable","15":"shipping-taxable","16":"purchasable","17":"product-type-simple"},"_links":{"self":[{"href":"https:\/\/parcavs.com\/index.php\/wp-json\/wp\/v2\/product\/22948","targetHints":{"allow":["GET"]}}],"collection":[{"href":"https:\/\/parcavs.com\/index.php\/wp-json\/wp\/v2\/product"}],"about":[{"href":"https:\/\/parcavs.com\/index.php\/wp-json\/wp\/v2\/types\/product"}],"replies":[{"embeddable":true,"href":"https:\/\/parcavs.com\/index.php\/wp-json\/wp\/v2\/comments?post=22948"}],"version-history":[{"count":5,"href":"https:\/\/parcavs.com\/index.php\/wp-json\/wp\/v2\/product\/22948\/revisions"}],"predecessor-version":[{"id":28608,"href":"https:\/\/parcavs.com\/index.php\/wp-json\/wp\/v2\/product\/22948\/revisions\/28608"}],"wp:featuredmedia":[{"embeddable":true,"href":"https:\/\/parcavs.com\/index.php\/wp-json\/wp\/v2\/media\/22952"}],"wp:attachment":[{"href":"https:\/\/parcavs.com\/index.php\/wp-json\/wp\/v2\/media?parent=22948"}],"wp:term":[{"taxonomy":"product_brand","embeddable":true,"href":"https:\/\/parcavs.com\/index.php\/wp-json\/wp\/v2\/product_brand?post=22948"},{"taxonomy":"product_cat","embeddable":true,"href":"https:\/\/parcavs.com\/index.php\/wp-json\/wp\/v2\/product_cat?post=22948"},{"taxonomy":"product_tag","embeddable":true,"href":"https:\/\/parcavs.com\/index.php\/wp-json\/wp\/v2\/product_tag?post=22948"}],"curies":[{"name":"wp","href":"https:\/\/api.w.org\/{rel}","templated":true}]}}