{"id":22967,"date":"2023-11-04T15:21:03","date_gmt":"2023-11-04T13:21:03","guid":{"rendered":"https:\/\/parcavs.com\/?post_type=product&#038;p=22967"},"modified":"2024-08-02T00:00:11","modified_gmt":"2024-08-01T21:00:11","slug":"zimmermann-volvo-xc90ii-17-v90ii-16-s90ii-16-xc60-ii-17-xc40-17-v60-ii-18-s60-iii-19-fren-disk-on-standart-610-3725-20","status":"publish","type":"product","link":"https:\/\/parcavs.com\/index.php\/product\/zimmermann-volvo-xc90ii-17-v90ii-16-s90ii-16-xc60-ii-17-xc40-17-v60-ii-18-s60-iii-19-fren-disk-on-standart-610-3725-20\/","title":{"rendered":"Zimmermann Volvo XC90II 17\/&#8211; V90II 16\/&#8211; S90II 16\/&#8211; XC60 II 17\/&#8211; XC40 17\/&#8211; V60 II 18\/&#8211; S60 III 19\/&#8211; Fren Disk \u00d6n Standart 610.3725.20"},"content":{"rendered":"<p>Zimmermann Volvo XC90II 17\/&#8211; V90II 16\/&#8211; S90II 16\/&#8211; XC60 II 17\/&#8211; XC40 17\/&#8211; V60 II 18\/&#8211; S60 III 19\/&#8211; Fren Disk \u00d6n Standart 610.3725.20<br \/>\nOEM KODLARI: 32300122 &#8211; 32217561 &#8211; 31423724 &#8211; 31665446\u00a0 &#8211; 32254356<br \/>\n%100 Orjinal Zimmermann \u00fcr\u00fcn\u00fcd\u00fcr<br \/>\nTak\u0131m Fiyat\u0131d\u0131r.<br \/>\nFiyatlar\u0131m\u0131za KDV dahildir<br \/>\nAd\u0131n\u0131za fatural\u0131 olarak g\u00f6nderilecektir.<br \/>\nKargo ta\u015f\u0131ma \u00fccreti al\u0131c\u0131ya aittir.<br \/>\nAnla\u015fmal\u0131 oldu\u011fumuz kargo firmas\u0131 arac\u0131l\u0131\u011f\u0131yla<br \/>\n\u00dccret al\u0131c\u0131 olarak taraf\u0131n\u0131za g\u00f6nderilecektir.<br \/>\nArac\u0131n\u0131za uyumlulu\u011fu i\u00e7in 0532 3252607 nolu telefona \u015fasi no bilginizi g\u00f6nderip sorgulatabilirsiniz.<\/p>\n<hr \/>\n<p>ZIMMERMANN<br \/>\nOtto Zimmermann, 60 y\u0131l\u0131 a\u015fk\u0131n s\u00fcredir otomobil \u00fcreticilerine yedek par\u00e7a pazar\u0131 i\u00e7in y\u00fcksek kalite fren sistemleri geli\u015ftirmekte, \u00fcretmekte ve satmaktad\u0131r.<\/p>\n<p>\u00dcr\u00fcn \u00c7e\u015fitleri (Binek ve Hafif Ticari i\u00e7in):<br \/>\n&#8211; Fren Balatalar\u0131<br \/>\n&#8211; Fren Kampanalar\u0131<br \/>\n&#8211; Fren Pabu\u00e7lar\u0131<br \/>\n&#8211; Hafif Ticari Ara\u00e7lar i\u00e7in Monte Edilmi\u015f Fren Pabucu Kitleri<br \/>\n&#8211; \u00c7apraz Delikli Spor Fren Diskleri ve Birle\u015fik Fren Diskleri<\/p>\n","protected":false},"excerpt":{"rendered":"<p><strong>Zimmermann<\/strong> Volvo <strong>XC90II<\/strong> 17\/&#8211; <strong>V90II<\/strong> 16\/&#8211; <strong>S90II<\/strong> 16\/&#8211; <strong>XC60<\/strong> II 17\/&#8211; <strong>XC40<\/strong> 17\/&#8211; <strong>V60<\/strong> II 18\/&#8211; <strong>S60<\/strong> III 19\/&#8211; <strong>Fren Disk \u00d6<\/strong>n Standart <strong>610.3725.20<\/strong><br \/>\nOEM KODLARI: 32300122 &#8211; 32217561 &#8211; 31423724 &#8211; 31665446\u00a0 &#8211; 32254356<br \/>\n%100 <strong>Orjinal<\/strong> Zimmermann \u00fcr\u00fcn\u00fcd\u00fcr<br \/>\n<strong>Tak\u0131m<\/strong> Fiyat\u0131d\u0131r.<br \/>\nFiyatlar\u0131m\u0131za <strong>KDV<\/strong> dahildir<br \/>\nAd\u0131n\u0131za <strong>fatural\u0131<\/strong> olarak g\u00f6nderilecektir.<br \/>\n<strong>Kargo<\/strong> ta\u015f\u0131ma \u00fccreti <strong>al\u0131c\u0131ya<\/strong> aittir.<br \/>\nArac\u0131n\u0131za uyumlulu\u011fu i\u00e7in 0532 3252607 nolu telefona \u015fasi no bilginizi g\u00f6nderip sorgulatabilirsiniz.<\/p>\n","protected":false},"featured_media":22968,"comment_status":"open","ping_status":"closed","template":"","meta":{"_monsterinsights_skip_tracking":false,"_monsterinsights_sitenote_active":false,"_monsterinsights_sitenote_note":"","_monsterinsights_sitenote_category":0},"product_brand":[],"product_cat":[4489],"product_tag":[4528,4529,4527,4530,4526,4525,4531,4518,4519,4496,4521,4524,4520,4523,4522,4502],"class_list":{"0":"post-22967","1":"product","2":"type-product","3":"status-publish","4":"has-post-thumbnail","6":"product_cat-zimmermann","7":"product_tag-4528","8":"product_tag-4529","9":"product_tag-4527","10":"product_tag-4530","11":"product_tag-4526","12":"product_tag-610-3725-20","13":"product_tag-4531","14":"product_tag-frendiski","15":"product_tag-on-standart-volvo-xc90-ii-17","16":"product_tag-s60","17":"product_tag-s90-ii-16","18":"product_tag-v60","19":"product_tag-v90-ii-16","20":"product_tag-xc40","21":"product_tag-xc60-ii-17","22":"product_tag-zimmermann","24":"first","25":"instock","26":"taxable","27":"shipping-taxable","28":"purchasable","29":"product-type-simple"},"_links":{"self":[{"href":"https:\/\/parcavs.com\/index.php\/wp-json\/wp\/v2\/product\/22967","targetHints":{"allow":["GET"]}}],"collection":[{"href":"https:\/\/parcavs.com\/index.php\/wp-json\/wp\/v2\/product"}],"about":[{"href":"https:\/\/parcavs.com\/index.php\/wp-json\/wp\/v2\/types\/product"}],"replies":[{"embeddable":true,"href":"https:\/\/parcavs.com\/index.php\/wp-json\/wp\/v2\/comments?post=22967"}],"version-history":[{"count":3,"href":"https:\/\/parcavs.com\/index.php\/wp-json\/wp\/v2\/product\/22967\/revisions"}],"predecessor-version":[{"id":28612,"href":"https:\/\/parcavs.com\/index.php\/wp-json\/wp\/v2\/product\/22967\/revisions\/28612"}],"wp:featuredmedia":[{"embeddable":true,"href":"https:\/\/parcavs.com\/index.php\/wp-json\/wp\/v2\/media\/22968"}],"wp:attachment":[{"href":"https:\/\/parcavs.com\/index.php\/wp-json\/wp\/v2\/media?parent=22967"}],"wp:term":[{"taxonomy":"product_brand","embeddable":true,"href":"https:\/\/parcavs.com\/index.php\/wp-json\/wp\/v2\/product_brand?post=22967"},{"taxonomy":"product_cat","embeddable":true,"href":"https:\/\/parcavs.com\/index.php\/wp-json\/wp\/v2\/product_cat?post=22967"},{"taxonomy":"product_tag","embeddable":true,"href":"https:\/\/parcavs.com\/index.php\/wp-json\/wp\/v2\/product_tag?post=22967"}],"curies":[{"name":"wp","href":"https:\/\/api.w.org\/{rel}","templated":true}]}}