{"id":22980,"date":"2023-11-04T15:44:11","date_gmt":"2023-11-04T13:44:11","guid":{"rendered":"https:\/\/parcavs.com\/?post_type=product&#038;p=22980"},"modified":"2024-02-02T00:00:17","modified_gmt":"2024-02-01T22:00:17","slug":"zimmermann-vw-touareg-04-10-audi-q7-06-15-porsche-cayenne-02-fren-disk-on-sol-standart-600-3226-20","status":"publish","type":"product","link":"https:\/\/parcavs.com\/index.php\/product\/zimmermann-vw-touareg-04-10-audi-q7-06-15-porsche-cayenne-02-fren-disk-on-sol-standart-600-3226-20\/","title":{"rendered":"Zimmermann VW Touareg 04\/10 Audi Q7 06\/15 Porsche Cayenne 02\/&#8211; Fren Disk \u00d6n Sol Standart 600.3226.20"},"content":{"rendered":"<p>600.3226.20 Zimmermann VW Touareg 04\/10 Audi Q7 06\/15 Porsche Cayenne 02\/&#8211; Fren Disk \u00d6n Sol Standart<br \/>\nOEM KODLARI: 95535140150 &#8211; 95535140151 &#8211; 7L6615301E &#8211; 7L6615301K<br \/>\n%100 Orjinal Zimmermann \u00fcr\u00fcn\u00fcd\u00fcr<br \/>\nTak\u0131m Fiyat\u0131d\u0131r.<br \/>\nFiyatlar\u0131m\u0131za KDV dahildir<br \/>\nAd\u0131n\u0131za fatural\u0131 olarak g\u00f6nderilecektir.<br \/>\nKargo ta\u015f\u0131ma \u00fccreti al\u0131c\u0131ya aittir.<br \/>\nAnla\u015fmal\u0131 oldu\u011fumuz kargo firmas\u0131 arac\u0131l\u0131\u011f\u0131yla<br \/>\n\u00dccret al\u0131c\u0131 olarak taraf\u0131n\u0131za g\u00f6nderilecektir.<br \/>\nArac\u0131n\u0131za uyumlulu\u011fu i\u00e7in 0532 3252607 nolu telefona \u015fasi no bilginizi g\u00f6nderip sorgulatabilirsiniz.<\/p>\n<hr \/>\n<p>ZIMMERMANN<br \/>\nOtto Zimmermann, 60 y\u0131l\u0131 a\u015fk\u0131n s\u00fcredir otomobil \u00fcreticilerine yedek par\u00e7a pazar\u0131 i\u00e7in y\u00fcksek kalite fren sistemleri geli\u015ftirmekte, \u00fcretmekte ve satmaktad\u0131r.<\/p>\n<p>\u00dcr\u00fcn \u00c7e\u015fitleri (Binek ve Hafif Ticari i\u00e7in):<br \/>\n&#8211; Fren Balatalar\u0131<br \/>\n&#8211; Fren Kampanalar\u0131<br \/>\n&#8211; Fren Pabu\u00e7lar\u0131<br \/>\n&#8211; Hafif Ticari Ara\u00e7lar i\u00e7in Monte Edilmi\u015f Fren Pabucu Kitleri<br \/>\n&#8211; \u00c7apraz Delikli Spor Fren Diskleri ve Birle\u015fik Fren Diskleri<\/p>\n","protected":false},"excerpt":{"rendered":"<p><strong>600.3226.20<\/strong> Zimmermann <strong>VW<\/strong> Touareg 04\/10 <strong>Audi<\/strong> Q7 06\/15 <strong>Porsche<\/strong> Cayenne 02\/&#8211; <strong>Fren Disk \u00d6n Sol Standart<\/strong><br \/>\nOEM KODLARI: 95535140150 &#8211; 95535140151 &#8211; 7L6615301E &#8211; 7L6615301K<br \/>\n%100 <strong>Orjinal<\/strong> Zimmermann \u00fcr\u00fcn\u00fcd\u00fcr<br \/>\n<strong>Tak\u0131m<\/strong> Fiyat\u0131d\u0131r.<br \/>\nFiyatlar\u0131m\u0131za <strong>KDV<\/strong> dahildir<br \/>\nAd\u0131n\u0131za <strong>fatural\u0131<\/strong> olarak g\u00f6nderilecektir.<br \/>\n<strong>Kargo<\/strong> ta\u015f\u0131ma \u00fccreti <strong>al\u0131c\u0131ya<\/strong> aittir.<br \/>\nArac\u0131n\u0131za uyumlulu\u011fu i\u00e7in 0532 3252607 nolu telefona \u015fasi no bilginizi g\u00f6nderip sorgulatabilirsiniz.<\/p>\n","protected":false},"featured_media":22982,"comment_status":"open","ping_status":"closed","template":"","meta":{"_monsterinsights_skip_tracking":false,"_monsterinsights_sitenote_active":false,"_monsterinsights_sitenote_note":"","_monsterinsights_sitenote_category":0},"product_brand":[],"product_cat":[4489],"product_tag":[4550,4551,4548,4549,4546,4547,4555,4553,4552,4554],"class_list":{"0":"post-22980","1":"product","2":"type-product","3":"status-publish","4":"has-post-thumbnail","6":"product_cat-zimmermann","7":"product_tag-600-3226-20","8":"product_tag-4551","9":"product_tag-7l6615301e","10":"product_tag-7l6615301k","11":"product_tag-4546","12":"product_tag-4547","13":"product_tag-audi","14":"product_tag-audi-q7-06-15","15":"product_tag-fren-diski-on-sol-standart-vw-touareg-04-10","16":"product_tag-porsche-cayenne-02","18":"first","19":"instock","20":"taxable","21":"shipping-taxable","22":"purchasable","23":"product-type-simple"},"_links":{"self":[{"href":"https:\/\/parcavs.com\/index.php\/wp-json\/wp\/v2\/product\/22980","targetHints":{"allow":["GET"]}}],"collection":[{"href":"https:\/\/parcavs.com\/index.php\/wp-json\/wp\/v2\/product"}],"about":[{"href":"https:\/\/parcavs.com\/index.php\/wp-json\/wp\/v2\/types\/product"}],"replies":[{"embeddable":true,"href":"https:\/\/parcavs.com\/index.php\/wp-json\/wp\/v2\/comments?post=22980"}],"version-history":[{"count":3,"href":"https:\/\/parcavs.com\/index.php\/wp-json\/wp\/v2\/product\/22980\/revisions"}],"predecessor-version":[{"id":28616,"href":"https:\/\/parcavs.com\/index.php\/wp-json\/wp\/v2\/product\/22980\/revisions\/28616"}],"wp:featuredmedia":[{"embeddable":true,"href":"https:\/\/parcavs.com\/index.php\/wp-json\/wp\/v2\/media\/22982"}],"wp:attachment":[{"href":"https:\/\/parcavs.com\/index.php\/wp-json\/wp\/v2\/media?parent=22980"}],"wp:term":[{"taxonomy":"product_brand","embeddable":true,"href":"https:\/\/parcavs.com\/index.php\/wp-json\/wp\/v2\/product_brand?post=22980"},{"taxonomy":"product_cat","embeddable":true,"href":"https:\/\/parcavs.com\/index.php\/wp-json\/wp\/v2\/product_cat?post=22980"},{"taxonomy":"product_tag","embeddable":true,"href":"https:\/\/parcavs.com\/index.php\/wp-json\/wp\/v2\/product_tag?post=22980"}],"curies":[{"name":"wp","href":"https:\/\/api.w.org\/{rel}","templated":true}]}}