{"id":24066,"date":"2023-11-17T10:31:18","date_gmt":"2023-11-17T08:31:18","guid":{"rendered":"https:\/\/parcavs.com\/?post_type=product&#038;p=24066"},"modified":"2025-01-31T09:04:18","modified_gmt":"2025-01-31T07:04:18","slug":"hvlp-ustten-depo-boya-tabancasi-13-mm-2-el","status":"publish","type":"product","link":"https:\/\/parcavs.com\/index.php\/product\/hvlp-ustten-depo-boya-tabancasi-13-mm-2-el\/","title":{"rendered":"HVLP \u00dcstten Depo Boya Tabancas\u0131 1,3 mm (2. El)"},"content":{"rendered":"<p>\u00dcstten Depolu HVLP Boya Tabancas\u0131 1.3mm (\u0130kinci El)<br \/>\n2. El HVLP Boya Tabancas\u0131 600ml Depo 1.3 mm<br \/>\nAd\u0131n\u0131za fatural\u0131 olarak g\u00f6nderilecektir.<br \/>\nKargo ta\u015f\u0131ma \u00fccreti al\u0131c\u0131ya aittir.<br \/>\nAnla\u015fmal\u0131 oldu\u011fumuz kargo firmas\u0131 arac\u0131l\u0131\u011f\u0131yla<br \/>\n\u00dccret al\u0131c\u0131 olarak taraf\u0131n\u0131za g\u00f6nderilecektir.<\/p>\n<hr \/>\n<p><strong>Par\u00e7a Vesaire Hakk\u0131nda<\/strong><\/p>\n<p>Ba\u015fta IVECO, MAN, TATA, Mitsubishi, Subaru, HFK Kanuni, Karsan gibi markalar\u0131n orjinal ve yan sanayi par\u00e7alar\u0131n\u0131n ve \u0130klimsa klimalar\u0131n\u0131n T\u00fcrkiye genelinde online sat\u0131\u015f\u0131n\u0131n yap\u0131ld\u0131\u011f\u0131 bir al\u0131\u015fveri\u015f sitesi olarak 2021 y\u0131l\u0131nda faaliyetine ba\u015flam\u0131\u015ft\u0131r.<\/p>\n<p>\u0130lerleyen d\u00f6nemlerde di\u011fer otomotiv markalar\u0131n\u0131 ve otomotiv d\u0131\u015f\u0131 yedek par\u00e7a, makine, ikince el sanayi \u00fcr\u00fcnleri ve servis aparatlar\u0131n\u0131 da ihtiva edecek \u015fekilde yap\u0131lanmay\u0131 hedeflemektedir. \u00d6nerileriniz ve i\u015fbirli\u011fi talepleriniz i\u00e7in bizimle irtibat kurabilirsiniz.<\/p>\n","protected":false},"excerpt":{"rendered":"<p>\u0130kinci El HVLP <strong>\u00dcstten Depo Boya Tabancas\u0131<\/strong> 1,3 mm<br \/>\n\u00dcstten Depolu <strong>HVLP Boya Tabancas\u0131<\/strong> 1.3mm (2. El)<br \/>\n<strong>HVLP<\/strong> Boya Tabancas\u0131<strong> 600ml Depo 1.3 mm<\/strong> (\u0130kinci El)<br \/>\nAd\u0131n\u0131za <strong>fatural\u0131<\/strong> olarak g\u00f6nderilecektir.<br \/>\n<strong>Kargo<\/strong> ta\u015f\u0131ma \u00fccreti <strong>al\u0131c\u0131ya<\/strong> aittir.<\/p>\n","protected":false},"featured_media":24074,"comment_status":"open","ping_status":"closed","template":"","meta":{"_monsterinsights_skip_tracking":false,"_monsterinsights_sitenote_active":false,"_monsterinsights_sitenote_note":"","_monsterinsights_sitenote_category":0},"product_brand":[],"product_cat":[41],"product_tag":[5048,5050,5045,5047,5049,5046],"class_list":{"0":"post-24066","1":"product","2":"type-product","3":"status-publish","4":"has-post-thumbnail","6":"product_cat-ikinci-el","7":"product_tag-1-3-mm-boya-tabancasi","8":"product_tag-2-el-boya-tabancasi","9":"product_tag-boya-tabancasi","10":"product_tag-hvlp-boya-tabancasi","11":"product_tag-ikinci-el-boya-tabancasi","12":"product_tag-ustten-depo-boya-tabancasi","14":"first","15":"outofstock","16":"sale","17":"taxable","18":"shipping-taxable","19":"purchasable","20":"product-type-simple"},"_links":{"self":[{"href":"https:\/\/parcavs.com\/index.php\/wp-json\/wp\/v2\/product\/24066","targetHints":{"allow":["GET"]}}],"collection":[{"href":"https:\/\/parcavs.com\/index.php\/wp-json\/wp\/v2\/product"}],"about":[{"href":"https:\/\/parcavs.com\/index.php\/wp-json\/wp\/v2\/types\/product"}],"replies":[{"embeddable":true,"href":"https:\/\/parcavs.com\/index.php\/wp-json\/wp\/v2\/comments?post=24066"}],"version-history":[{"count":1,"href":"https:\/\/parcavs.com\/index.php\/wp-json\/wp\/v2\/product\/24066\/revisions"}],"predecessor-version":[{"id":24070,"href":"https:\/\/parcavs.com\/index.php\/wp-json\/wp\/v2\/product\/24066\/revisions\/24070"}],"wp:featuredmedia":[{"embeddable":true,"href":"https:\/\/parcavs.com\/index.php\/wp-json\/wp\/v2\/media\/24074"}],"wp:attachment":[{"href":"https:\/\/parcavs.com\/index.php\/wp-json\/wp\/v2\/media?parent=24066"}],"wp:term":[{"taxonomy":"product_brand","embeddable":true,"href":"https:\/\/parcavs.com\/index.php\/wp-json\/wp\/v2\/product_brand?post=24066"},{"taxonomy":"product_cat","embeddable":true,"href":"https:\/\/parcavs.com\/index.php\/wp-json\/wp\/v2\/product_cat?post=24066"},{"taxonomy":"product_tag","embeddable":true,"href":"https:\/\/parcavs.com\/index.php\/wp-json\/wp\/v2\/product_tag?post=24066"}],"curies":[{"name":"wp","href":"https:\/\/api.w.org\/{rel}","templated":true}]}}