{"id":24364,"date":"2023-11-20T16:20:38","date_gmt":"2023-11-20T14:20:38","guid":{"rendered":"https:\/\/parcavs.com\/?post_type=product&#038;p=24364"},"modified":"2024-05-21T00:00:08","modified_gmt":"2024-05-20T21:00:08","slug":"renault-kangoo-1-9d-hava-filtresi-tirnakli-fh21401-af4012","status":"publish","type":"product","link":"https:\/\/parcavs.com\/index.php\/product\/renault-kangoo-1-9d-hava-filtresi-tirnakli-fh21401-af4012\/","title":{"rendered":"Renault Kangoo 1.9D Hava Filtresi T\u0131rnakl\u0131 FH21401 (AF4012)"},"content":{"rendered":"<p>FH21401 Renault Kangoo 1.9D Hava Filtresi T\u0131rnakl\u0131<br \/>\nFiltre Hava T\u0131rnakl\u0131 Renault<br \/>\n\u00dcretici Firma: FUJ\u0130 F\u0131lter FH21401<br \/>\nFiyatlar\u0131m\u0131za KDV \u00fccreti dahildir<br \/>\nAd\u0131n\u0131za fatural\u0131 olarak g\u00f6nderilecektir.<br \/>\nKargo ta\u015f\u0131ma \u00fccreti al\u0131c\u0131ya aittir.<br \/>\nAnla\u015fmal\u0131 oldu\u011fumuz kargo firmas\u0131 arac\u0131l\u0131\u011f\u0131yla<br \/>\n\u00dccret al\u0131c\u0131 olarak taraf\u0131n\u0131za g\u00f6nderilecektir.<\/p>\n<p>&nbsp;<\/p>\n","protected":false},"excerpt":{"rendered":"<p><strong>FH21401<\/strong> Renault <strong>Kangoo 1.9D<\/strong> Hava <strong>Filtresi T\u0131rnakl\u0131<\/strong><br \/>\n<strong>Filtre Hava T\u0131rnakl\u0131<\/strong> Renault<br \/>\n\u00dcretici Firma: <strong>FUJ\u0130 F\u0131lter FH21401<\/strong><br \/>\nFiyatlar\u0131m\u0131za <strong>KDV<\/strong> \u00fccreti dahildir<br \/>\nAd\u0131n\u0131za <strong>fatural\u0131<\/strong> olarak g\u00f6nderilecektir.<br \/>\n<strong>Kargo<\/strong> ta\u015f\u0131ma \u00fccreti <strong>al\u0131c\u0131ya<\/strong> aittir.<\/p>\n","protected":false},"featured_media":24365,"comment_status":"open","ping_status":"closed","template":"","meta":{"_monsterinsights_skip_tracking":false,"_monsterinsights_sitenote_active":false,"_monsterinsights_sitenote_note":"","_monsterinsights_sitenote_category":0},"product_brand":[],"product_cat":[15],"product_tag":[5204,5203,5201,5202,5200],"class_list":{"0":"post-24364","1":"product","2":"type-product","3":"status-publish","4":"has-post-thumbnail","6":"product_cat-diger","7":"product_tag-filtre-hava-tirnakli","8":"product_tag-hava-filtresi-tirnakli","9":"product_tag-kangoo","10":"product_tag-kangoo-1-9d","11":"product_tag-renault","13":"first","14":"instock","15":"taxable","16":"shipping-taxable","17":"purchasable","18":"product-type-simple"},"_links":{"self":[{"href":"https:\/\/parcavs.com\/index.php\/wp-json\/wp\/v2\/product\/24364","targetHints":{"allow":["GET"]}}],"collection":[{"href":"https:\/\/parcavs.com\/index.php\/wp-json\/wp\/v2\/product"}],"about":[{"href":"https:\/\/parcavs.com\/index.php\/wp-json\/wp\/v2\/types\/product"}],"replies":[{"embeddable":true,"href":"https:\/\/parcavs.com\/index.php\/wp-json\/wp\/v2\/comments?post=24364"}],"version-history":[{"count":1,"href":"https:\/\/parcavs.com\/index.php\/wp-json\/wp\/v2\/product\/24364\/revisions"}],"predecessor-version":[{"id":24367,"href":"https:\/\/parcavs.com\/index.php\/wp-json\/wp\/v2\/product\/24364\/revisions\/24367"}],"wp:featuredmedia":[{"embeddable":true,"href":"https:\/\/parcavs.com\/index.php\/wp-json\/wp\/v2\/media\/24365"}],"wp:attachment":[{"href":"https:\/\/parcavs.com\/index.php\/wp-json\/wp\/v2\/media?parent=24364"}],"wp:term":[{"taxonomy":"product_brand","embeddable":true,"href":"https:\/\/parcavs.com\/index.php\/wp-json\/wp\/v2\/product_brand?post=24364"},{"taxonomy":"product_cat","embeddable":true,"href":"https:\/\/parcavs.com\/index.php\/wp-json\/wp\/v2\/product_cat?post=24364"},{"taxonomy":"product_tag","embeddable":true,"href":"https:\/\/parcavs.com\/index.php\/wp-json\/wp\/v2\/product_tag?post=24364"}],"curies":[{"name":"wp","href":"https:\/\/api.w.org\/{rel}","templated":true}]}}