{"id":24402,"date":"2023-11-21T12:09:32","date_gmt":"2023-11-21T10:09:32","guid":{"rendered":"https:\/\/parcavs.com\/?post_type=product&#038;p=24402"},"modified":"2024-05-22T00:00:09","modified_gmt":"2024-05-21T21:00:09","slug":"local-kislik-cam-seti-bugu-onleyici-yagmur-kaydirici-150ml","status":"publish","type":"product","link":"https:\/\/parcavs.com\/index.php\/product\/local-kislik-cam-seti-bugu-onleyici-yagmur-kaydirici-150ml\/","title":{"rendered":"Local K\u0131\u015fl\u0131k Cam Seti (Bu\u011fu \u00d6nleyici + Ya\u011fmur Kayd\u0131r\u0131c\u0131) 150ML"},"content":{"rendered":"<p>(Bu\u011fu \u00d6nleyici + Ya\u011fmur Kayd\u0131r\u0131c\u0131) Local K\u0131\u015fl\u0131k Cam Seti 150 ML<br \/>\nFiyatlar\u0131m\u0131za KDV \u00fccreti dahildir<br \/>\nAd\u0131n\u0131za fatural\u0131 olarak g\u00f6nderilecektir.<br \/>\nKargo ta\u015f\u0131ma \u00fccreti al\u0131c\u0131ya aittir.<br \/>\nAnla\u015fmal\u0131 oldu\u011fumuz kargo firmas\u0131 arac\u0131l\u0131\u011f\u0131yla<br \/>\n\u00dccret al\u0131c\u0131 olarak taraf\u0131n\u0131za g\u00f6nderilecektir.<\/p>\n<p>&nbsp;<\/p>\n","protected":false},"excerpt":{"rendered":"<p><strong>Local<\/strong> K\u0131\u015fl\u0131k <strong>Cam<\/strong> Seti (<strong>Bu\u011fu \u00d6nleyici<\/strong> + <strong>Ya\u011fmur<\/strong> <strong>Kayd\u0131r\u0131c\u0131<\/strong>)<br \/>\nFiyatlar\u0131m\u0131za <strong>KDV<\/strong> \u00fccreti dahildir<br \/>\nAd\u0131n\u0131za <strong>fatural\u0131<\/strong> olarak g\u00f6nderilecektir.<br \/>\n<strong>Kargo<\/strong> ta\u015f\u0131ma \u00fccreti <strong>al\u0131c\u0131ya<\/strong> aittir.<\/p>\n","protected":false},"featured_media":24403,"comment_status":"open","ping_status":"closed","template":"","meta":{"_monsterinsights_skip_tracking":false,"_monsterinsights_sitenote_active":false,"_monsterinsights_sitenote_note":"","_monsterinsights_sitenote_category":0},"product_brand":[],"product_cat":[15],"product_tag":[5227,5226,5225,5228],"class_list":{"0":"post-24402","1":"product","2":"type-product","3":"status-publish","4":"has-post-thumbnail","6":"product_cat-diger","7":"product_tag-bugu-onleyici","8":"product_tag-kislik-cam-seti","9":"product_tag-local","10":"product_tag-yagmur-kaydirici","12":"first","13":"instock","14":"taxable","15":"shipping-taxable","16":"purchasable","17":"product-type-simple"},"_links":{"self":[{"href":"https:\/\/parcavs.com\/index.php\/wp-json\/wp\/v2\/product\/24402","targetHints":{"allow":["GET"]}}],"collection":[{"href":"https:\/\/parcavs.com\/index.php\/wp-json\/wp\/v2\/product"}],"about":[{"href":"https:\/\/parcavs.com\/index.php\/wp-json\/wp\/v2\/types\/product"}],"replies":[{"embeddable":true,"href":"https:\/\/parcavs.com\/index.php\/wp-json\/wp\/v2\/comments?post=24402"}],"version-history":[{"count":1,"href":"https:\/\/parcavs.com\/index.php\/wp-json\/wp\/v2\/product\/24402\/revisions"}],"predecessor-version":[{"id":24404,"href":"https:\/\/parcavs.com\/index.php\/wp-json\/wp\/v2\/product\/24402\/revisions\/24404"}],"wp:featuredmedia":[{"embeddable":true,"href":"https:\/\/parcavs.com\/index.php\/wp-json\/wp\/v2\/media\/24403"}],"wp:attachment":[{"href":"https:\/\/parcavs.com\/index.php\/wp-json\/wp\/v2\/media?parent=24402"}],"wp:term":[{"taxonomy":"product_brand","embeddable":true,"href":"https:\/\/parcavs.com\/index.php\/wp-json\/wp\/v2\/product_brand?post=24402"},{"taxonomy":"product_cat","embeddable":true,"href":"https:\/\/parcavs.com\/index.php\/wp-json\/wp\/v2\/product_cat?post=24402"},{"taxonomy":"product_tag","embeddable":true,"href":"https:\/\/parcavs.com\/index.php\/wp-json\/wp\/v2\/product_tag?post=24402"}],"curies":[{"name":"wp","href":"https:\/\/api.w.org\/{rel}","templated":true}]}}