{"id":24485,"date":"2023-11-22T13:29:37","date_gmt":"2023-11-22T11:29:37","guid":{"rendered":"https:\/\/parcavs.com\/?post_type=product&#038;p=24485"},"modified":"2025-07-19T00:00:07","modified_gmt":"2025-07-18T21:00:07","slug":"mitsubishi-fdc308hes3-salon-tipi-klima-2-el","status":"publish","type":"product","link":"https:\/\/parcavs.com\/index.php\/product\/mitsubishi-fdc308hes3-salon-tipi-klima-2-el\/","title":{"rendered":"Mitsubishi FDC308HES3 Salon Tipi Klima (2.El)"},"content":{"rendered":"<p>2. El Mitsubishi FDC308HES3 Salon Tipi Klima<br \/>\n\u0130kinci El Mitsubishi FDC308HES3 Salon Tipi Klima<br \/>\nRenk: A\u00e7\u0131k Sar\u0131<br \/>\nSo\u011futma Kapasitesi: 48000 BTU<br \/>\nIs\u0131tma Kapasitesi: 48000 BTU<br \/>\nNet Boyutu (EnxY\u00fckseklikxDerinlik): 540 x 1776 x 455<br \/>\nNet A\u011f\u0131rl\u0131k i\u00e7 \u00fcnite: 52 kg D\u0131\u015f \u00fcnite:96 kg<br \/>\nSes Seviyesi: 54 dB<br \/>\nEER So\u011futma (i\u00e7): 7,10<br \/>\nCOP Is\u0131tma (\u0130\u00e7): 8,00<br \/>\nIs\u0131tma : A<br \/>\nSo\u011futma: A<br \/>\nFiyatlar\u0131m\u0131za KDV \u00fccreti dahildir<br \/>\nAd\u0131n\u0131za fatural\u0131 olarak g\u00f6nderilecektir.<br \/>\nKargo ta\u015f\u0131ma \u00fccreti al\u0131c\u0131ya aittir.<br \/>\nAnla\u015fmal\u0131 oldu\u011fumuz kargo firmas\u0131 arac\u0131l\u0131\u011f\u0131yla<br \/>\n\u00dccret al\u0131c\u0131 olarak taraf\u0131n\u0131za g\u00f6nderilecektir.<\/p>\n<p>&nbsp;<\/p>\n","protected":false},"excerpt":{"rendered":"<p><strong>2. El<\/strong> Mitsubishi <strong>FDC308HES3<\/strong> Salon Tipi Klima<br \/>\n\u0130kinci El <strong>Mitsubishi<\/strong> FDC308HES3<strong> Salon Tipi Klima<\/strong><br \/>\nRenk: <strong>A\u00e7\u0131k Sar\u0131<\/strong><br \/>\nSo\u011futma Kapasitesi: <strong>48000 BTU<\/strong><br \/>\nIs\u0131tma Kapasitesi: <strong>48000 BTU<\/strong><br \/>\nNet Boyutu (EnxY\u00fckseklikxDerinlik):<strong> 540 x 1776 x 455<\/strong><br \/>\nNet A\u011f\u0131rl\u0131k i\u00e7 \u00fcnite: <strong>52 kg<\/strong> D\u0131\u015f \u00fcnite: <strong>96 kg<\/strong><br \/>\nSes Seviyesi:<strong> 54 dB<\/strong><br \/>\nEER So\u011futma (i\u00e7): <strong>7,10<\/strong><br \/>\nCOP Is\u0131tma (\u0130\u00e7):<strong> 8,00<\/strong><br \/>\nIs\u0131tma : <strong>A<\/strong><br \/>\nSo\u011futma: <strong>A<\/strong><br \/>\nFiyatlar\u0131m\u0131za <strong>KDV<\/strong> \u00fccreti dahildir<br \/>\nAd\u0131n\u0131za <strong>fatural\u0131<\/strong> olarak g\u00f6nderilecektir.<br \/>\n<strong>Kargo<\/strong> ta\u015f\u0131ma \u00fccreti <strong>al\u0131c\u0131ya<\/strong> aittir.<\/p>\n","protected":false},"featured_media":24488,"comment_status":"open","ping_status":"closed","template":"","meta":{"_monsterinsights_skip_tracking":false,"_monsterinsights_sitenote_active":false,"_monsterinsights_sitenote_note":"","_monsterinsights_sitenote_category":0},"product_brand":[],"product_cat":[41],"product_tag":[5267,5266,253,5258],"class_list":{"0":"post-24485","1":"product","2":"type-product","3":"status-publish","4":"has-post-thumbnail","6":"product_cat-ikinci-el","7":"product_tag-48000-btu","8":"product_tag-fdc308hes3","9":"product_tag-mitsubishi","10":"product_tag-salon-tipi-klima","12":"first","13":"instock","14":"taxable","15":"shipping-taxable","16":"purchasable","17":"product-type-simple"},"_links":{"self":[{"href":"https:\/\/parcavs.com\/index.php\/wp-json\/wp\/v2\/product\/24485","targetHints":{"allow":["GET"]}}],"collection":[{"href":"https:\/\/parcavs.com\/index.php\/wp-json\/wp\/v2\/product"}],"about":[{"href":"https:\/\/parcavs.com\/index.php\/wp-json\/wp\/v2\/types\/product"}],"replies":[{"embeddable":true,"href":"https:\/\/parcavs.com\/index.php\/wp-json\/wp\/v2\/comments?post=24485"}],"version-history":[{"count":1,"href":"https:\/\/parcavs.com\/index.php\/wp-json\/wp\/v2\/product\/24485\/revisions"}],"predecessor-version":[{"id":24496,"href":"https:\/\/parcavs.com\/index.php\/wp-json\/wp\/v2\/product\/24485\/revisions\/24496"}],"wp:featuredmedia":[{"embeddable":true,"href":"https:\/\/parcavs.com\/index.php\/wp-json\/wp\/v2\/media\/24488"}],"wp:attachment":[{"href":"https:\/\/parcavs.com\/index.php\/wp-json\/wp\/v2\/media?parent=24485"}],"wp:term":[{"taxonomy":"product_brand","embeddable":true,"href":"https:\/\/parcavs.com\/index.php\/wp-json\/wp\/v2\/product_brand?post=24485"},{"taxonomy":"product_cat","embeddable":true,"href":"https:\/\/parcavs.com\/index.php\/wp-json\/wp\/v2\/product_cat?post=24485"},{"taxonomy":"product_tag","embeddable":true,"href":"https:\/\/parcavs.com\/index.php\/wp-json\/wp\/v2\/product_tag?post=24485"}],"curies":[{"name":"wp","href":"https:\/\/api.w.org\/{rel}","templated":true}]}}