{"id":24498,"date":"2023-11-22T13:51:29","date_gmt":"2023-11-22T11:51:29","guid":{"rendered":"https:\/\/parcavs.com\/?post_type=product&#038;p=24498"},"modified":"2024-05-23T00:00:10","modified_gmt":"2024-05-22T21:00:10","slug":"midea-mca-24hr-kaset-tipi-klima-2-el","status":"publish","type":"product","link":"https:\/\/parcavs.com\/index.php\/product\/midea-mca-24hr-kaset-tipi-klima-2-el\/","title":{"rendered":"Midea MCA-24HR Kaset Tipi Klima (2.El)"},"content":{"rendered":"<p>2. El Midea MCA-24HR Kaset Tipi Klima<br \/>\n\u0130kinci El Midea MCA-24HR Kaset Tipi Klima<br \/>\nRenk: A\u00e7\u0131k Sar\u0131<br \/>\nSo\u011futma Kapasitesi: 24000 BTU<br \/>\nIs\u0131tma Kapasitesi: 28000 BTU<br \/>\nNet Boyutu (EnxY\u00fckseklikxDerinlik): 540 x 1776 x 455<br \/>\nNet A\u011f\u0131rl\u0131k i\u00e7 \u00fcnite: 36 kg D\u0131\u015f \u00fcnite: 74 kg<br \/>\nSes Seviyesi: 43 dB<br \/>\nEER So\u011futma (i\u00e7): 7.04 kW<br \/>\nCOP Is\u0131tma (\u0130\u00e7): 8.03 kW<br \/>\nFiyatlar\u0131m\u0131za KDV \u00fccreti dahildir<br \/>\nAd\u0131n\u0131za fatural\u0131 olarak g\u00f6nderilecektir.<br \/>\nKargo ta\u015f\u0131ma \u00fccreti al\u0131c\u0131ya aittir.<br \/>\nAnla\u015fmal\u0131 oldu\u011fumuz kargo firmas\u0131 arac\u0131l\u0131\u011f\u0131yla<br \/>\n\u00dccret al\u0131c\u0131 olarak taraf\u0131n\u0131za g\u00f6nderilecektir.<\/p>\n<p>&nbsp;<\/p>\n","protected":false},"excerpt":{"rendered":"<p>2. El Midea MCA-24HR Kaset Tipi Klima<br \/>\n\u0130kinci El Midea MCA-24HR Kaset Tipi Klima<br \/>\nRenk: A\u00e7\u0131k Sar\u0131<br \/>\nSo\u011futma Kapasitesi: 24000 BTU<br \/>\nIs\u0131tma Kapasitesi: 28000 BTU<br \/>\nNet Boyutu (EnxY\u00fckseklikxDerinlik): 540 x 1776 x 455<br \/>\nNet A\u011f\u0131rl\u0131k i\u00e7 \u00fcnite: 36 kg D\u0131\u015f \u00fcnite: 74 kg<br \/>\nSes Seviyesi: 43 dB<br \/>\nEER So\u011futma (i\u00e7): 7.04 kW<br \/>\nCOP Is\u0131tma (\u0130\u00e7): 8.03 kW<br \/>\nFiyatlar\u0131m\u0131za KDV \u00fccreti dahildir<br \/>\nAd\u0131n\u0131za fatural\u0131 olarak g\u00f6nderilecektir.<br \/>\nKargo ta\u015f\u0131ma \u00fccreti al\u0131c\u0131ya aittir.<\/p>\n","protected":false},"featured_media":24499,"comment_status":"open","ping_status":"closed","template":"","meta":{"_monsterinsights_skip_tracking":false,"_monsterinsights_sitenote_active":false,"_monsterinsights_sitenote_note":"","_monsterinsights_sitenote_category":0},"product_brand":[],"product_cat":[41],"product_tag":[],"class_list":{"0":"post-24498","1":"product","2":"type-product","3":"status-publish","4":"has-post-thumbnail","6":"product_cat-ikinci-el","8":"first","9":"instock","10":"taxable","11":"shipping-taxable","12":"purchasable","13":"product-type-simple"},"_links":{"self":[{"href":"https:\/\/parcavs.com\/index.php\/wp-json\/wp\/v2\/product\/24498","targetHints":{"allow":["GET"]}}],"collection":[{"href":"https:\/\/parcavs.com\/index.php\/wp-json\/wp\/v2\/product"}],"about":[{"href":"https:\/\/parcavs.com\/index.php\/wp-json\/wp\/v2\/types\/product"}],"replies":[{"embeddable":true,"href":"https:\/\/parcavs.com\/index.php\/wp-json\/wp\/v2\/comments?post=24498"}],"version-history":[{"count":2,"href":"https:\/\/parcavs.com\/index.php\/wp-json\/wp\/v2\/product\/24498\/revisions"}],"predecessor-version":[{"id":24549,"href":"https:\/\/parcavs.com\/index.php\/wp-json\/wp\/v2\/product\/24498\/revisions\/24549"}],"wp:featuredmedia":[{"embeddable":true,"href":"https:\/\/parcavs.com\/index.php\/wp-json\/wp\/v2\/media\/24499"}],"wp:attachment":[{"href":"https:\/\/parcavs.com\/index.php\/wp-json\/wp\/v2\/media?parent=24498"}],"wp:term":[{"taxonomy":"product_brand","embeddable":true,"href":"https:\/\/parcavs.com\/index.php\/wp-json\/wp\/v2\/product_brand?post=24498"},{"taxonomy":"product_cat","embeddable":true,"href":"https:\/\/parcavs.com\/index.php\/wp-json\/wp\/v2\/product_cat?post=24498"},{"taxonomy":"product_tag","embeddable":true,"href":"https:\/\/parcavs.com\/index.php\/wp-json\/wp\/v2\/product_tag?post=24498"}],"curies":[{"name":"wp","href":"https:\/\/api.w.org\/{rel}","templated":true}]}}