{"id":24892,"date":"2023-11-29T15:05:45","date_gmt":"2023-11-29T13:05:45","guid":{"rendered":"https:\/\/parcavs.com\/?post_type=product&#038;p=24892"},"modified":"2024-05-30T00:00:06","modified_gmt":"2024-05-29T21:00:06","slug":"kanca-kucuk-tip-iskence-35-cm-2-el","status":"publish","type":"product","link":"https:\/\/parcavs.com\/index.php\/product\/kanca-kucuk-tip-iskence-35-cm-2-el\/","title":{"rendered":"Kanca K\u00fc\u00e7\u00fck Tip \u0130\u015fkence 35 Cm. (2. El)"},"content":{"rendered":"<p>Kanca K\u00fc\u00e7\u00fck Tip \u0130\u015fkence 35 Cm. (2. El)<br \/>\n\u0130kinci El Kanca K\u00fc\u00e7\u00fck Tip \u0130\u015fkence 35 Cm.<br \/>\n2. El K\u00fc\u00e7\u00fck Tip \u0130\u015fkence 35 Cm. Kanca<br \/>\n\u00dcretici Firma: KANCA<br \/>\nPar\u00e7a s\u0131k\u0131\u015ft\u0131rma \u00f6l\u00e7\u00fcs\u00fc (A) : 350 mm<br \/>\nKafa \u00e7al\u0131\u015fma uzunlu\u011fu (\u00e7ene derinli\u011fi) (B) :80 mm<br \/>\nSap vidas\u0131 hareket alan\u0131 (C) :128 mm<br \/>\nProfil geni\u015fli\u011fi (H) : 25 mm<br \/>\nProfil kal\u0131nl\u0131\u011f\u0131 (S) : 6 mm<br \/>\nUzunluk: 430 mm<br \/>\nA\u011f\u0131rl\u0131k : 900gr<br \/>\nFiyatlar\u0131m\u0131za KDV \u00fccreti dahildir<br \/>\nAd\u0131n\u0131za fatural\u0131 olarak g\u00f6nderilecektir.<br \/>\nKargo ta\u015f\u0131ma \u00fccreti al\u0131c\u0131ya aittir.<br \/>\nAnla\u015fmal\u0131 oldu\u011fumuz kargo firmas\u0131 arac\u0131l\u0131\u011f\u0131yla<br \/>\n\u00dccret al\u0131c\u0131 olarak taraf\u0131n\u0131za g\u00f6nderilecektir.<\/p>\n<hr \/>\n<p><strong>Par\u00e7a Vesaire Hakk\u0131nda<\/strong><\/p>\n<p>Ba\u015fta IVECO, MAN, TATA, Mitsubishi, Subaru, HFK Kanuni, Karsan gibi markalar\u0131n orjinal ve yan sanayi par\u00e7alar\u0131n\u0131n ve \u0130klimsa klimalar\u0131n\u0131n T\u00fcrkiye genelinde online sat\u0131\u015f\u0131n\u0131n yap\u0131ld\u0131\u011f\u0131 bir al\u0131\u015fveri\u015f sitesi olarak 2021 y\u0131l\u0131nda faaliyetine ba\u015flam\u0131\u015ft\u0131r.<\/p>\n<p>\u0130lerleyen d\u00f6nemlerde di\u011fer otomotiv markalar\u0131n\u0131 ve otomotiv d\u0131\u015f\u0131 yedek par\u00e7a, makine,\u00a0ikince el sanayi \u00fcr\u00fcnleri ve servis aparatlar\u0131n\u0131 da ihtiva edecek \u015fekilde yap\u0131lanmay\u0131 hedeflemektedir. \u00d6nerileriniz ve i\u015fbirli\u011fi talepleriniz i\u00e7in bizimle irtibat kurabilirsiniz.<\/p>\n","protected":false},"excerpt":{"rendered":"<p><strong>\u0130kinci El<\/strong> Kanca K\u00fc\u00e7\u00fck Tip \u0130\u015fkence<strong> 35 Cm.<\/strong><br \/>\n2. El <strong>K\u00fc\u00e7\u00fck Tip \u0130\u015fkence<\/strong> 35 Cm.Kanca<br \/>\n\u00dcretici Firma: <strong>KANCA<\/strong><br \/>\nFiyatlar\u0131m\u0131za <strong>KDV<\/strong> \u00fccreti dahildir<br \/>\nAd\u0131n\u0131za <strong>fatural\u0131<\/strong> olarak g\u00f6nderilecektir.<br \/>\n<strong>Kargo<\/strong> ta\u015f\u0131ma \u00fccreti <strong>al\u0131c\u0131ya<\/strong> aittir.<\/p>\n","protected":false},"featured_media":24893,"comment_status":"open","ping_status":"closed","template":"","meta":{"_monsterinsights_skip_tracking":false,"_monsterinsights_sitenote_active":false,"_monsterinsights_sitenote_note":"","_monsterinsights_sitenote_category":0},"product_brand":[],"product_cat":[50],"product_tag":[5475,5476,5477,5474],"class_list":{"0":"post-24892","1":"product","2":"type-product","3":"status-publish","4":"has-post-thumbnail","6":"product_cat-aparat-ozel-takim","7":"product_tag-2-el-kucuk-tip-iskence","8":"product_tag-ikinci-el-kucuk-tip-iskence","9":"product_tag-kanca-kucuk-tip-iskence-35-cm-2-el","10":"product_tag-kucuk-tip-iskence","12":"first","13":"instock","14":"taxable","15":"shipping-taxable","16":"purchasable","17":"product-type-simple"},"_links":{"self":[{"href":"https:\/\/parcavs.com\/index.php\/wp-json\/wp\/v2\/product\/24892","targetHints":{"allow":["GET"]}}],"collection":[{"href":"https:\/\/parcavs.com\/index.php\/wp-json\/wp\/v2\/product"}],"about":[{"href":"https:\/\/parcavs.com\/index.php\/wp-json\/wp\/v2\/types\/product"}],"replies":[{"embeddable":true,"href":"https:\/\/parcavs.com\/index.php\/wp-json\/wp\/v2\/comments?post=24892"}],"version-history":[{"count":1,"href":"https:\/\/parcavs.com\/index.php\/wp-json\/wp\/v2\/product\/24892\/revisions"}],"predecessor-version":[{"id":24894,"href":"https:\/\/parcavs.com\/index.php\/wp-json\/wp\/v2\/product\/24892\/revisions\/24894"}],"wp:featuredmedia":[{"embeddable":true,"href":"https:\/\/parcavs.com\/index.php\/wp-json\/wp\/v2\/media\/24893"}],"wp:attachment":[{"href":"https:\/\/parcavs.com\/index.php\/wp-json\/wp\/v2\/media?parent=24892"}],"wp:term":[{"taxonomy":"product_brand","embeddable":true,"href":"https:\/\/parcavs.com\/index.php\/wp-json\/wp\/v2\/product_brand?post=24892"},{"taxonomy":"product_cat","embeddable":true,"href":"https:\/\/parcavs.com\/index.php\/wp-json\/wp\/v2\/product_cat?post=24892"},{"taxonomy":"product_tag","embeddable":true,"href":"https:\/\/parcavs.com\/index.php\/wp-json\/wp\/v2\/product_tag?post=24892"}],"curies":[{"name":"wp","href":"https:\/\/api.w.org\/{rel}","templated":true}]}}