{"id":24929,"date":"2023-11-30T11:34:43","date_gmt":"2023-11-30T09:34:43","guid":{"rendered":"https:\/\/parcavs.com\/?post_type=product&#038;p=24929"},"modified":"2024-05-31T00:00:47","modified_gmt":"2024-05-30T21:00:47","slug":"bmw-20-pin-rev-3-0-uzatma-teshis-kablosu-obd2","status":"publish","type":"product","link":"https:\/\/parcavs.com\/index.php\/product\/bmw-20-pin-rev-3-0-uzatma-teshis-kablosu-obd2\/","title":{"rendered":"BMW 20 pin Rev.3.0 Uzatma Te\u015fhis Kablosu Obd2"},"content":{"rendered":"<p>Obd2 BMW 20 pin Rev.3.0 Uzatma Te\u015fhis Kablosu<br \/>\nObd2 uzatma kablosu BMW i\u00e7in 20 pin 16PIN Di\u015fi Konnekt\u00f6r BMW i\u00e7in 20PIN<br \/>\nBMW i\u00e7in OBD2 OBD 2 Di\u015fi 16Pin Adapt\u00f6r Kablosuna 20 Pin&#8217;dir.<br \/>\n20 Pin aray\u00fczl\u00fc BMW ara\u00e7lar\u0131na ba\u011flaman\u0131z\u0131 sa\u011flar<br \/>\nFiyatlar\u0131m\u0131za KDV \u00fccreti dahildir<br \/>\nAd\u0131n\u0131za fatural\u0131 olarak g\u00f6nderilecektir.<br \/>\nKargo ta\u015f\u0131ma \u00fccreti al\u0131c\u0131ya aittir.<br \/>\nAnla\u015fmal\u0131 oldu\u011fumuz kargo firmas\u0131 arac\u0131l\u0131\u011f\u0131yla<br \/>\n\u00dccret al\u0131c\u0131 olarak taraf\u0131n\u0131za g\u00f6nderilecektir.<\/p>\n<p>&nbsp;<\/p>\n","protected":false},"excerpt":{"rendered":"<p><strong>Obd2<\/strong> BMW <strong>20 pin Rev.3.0<\/strong> <strong>Uzatma Te\u015fhis Kablosu<\/strong><br \/>\nObd2 uzatma kablosu<strong> BMW i\u00e7in 20 pin<\/strong>\u00a0 16PIN Di\u015fi Konnekt\u00f6r<strong> BMW i\u00e7in 20PIN<\/strong><br \/>\n<strong>BMW<\/strong> i\u00e7in OBD2 OBD 2 Di\u015fi 16Pin Adapt\u00f6r Kablosuna 20 Pin&#8217;dir.<br \/>\n20 Pin aray\u00fczl\u00fc <strong>BMW<\/strong> ara\u00e7lar\u0131na ba\u011flaman\u0131z\u0131 sa\u011flar<br \/>\nFiyatlar\u0131m\u0131za <strong>KDV<\/strong> \u00fccreti dahildir<br \/>\nAd\u0131n\u0131za <strong>fatural\u0131<\/strong> olarak g\u00f6nderilecektir.<br \/>\n<strong>Kargo<\/strong> ta\u015f\u0131ma \u00fccreti <strong>al\u0131c\u0131ya<\/strong> aittir.<\/p>\n","protected":false},"featured_media":24930,"comment_status":"open","ping_status":"closed","template":"","meta":{"_monsterinsights_skip_tracking":false,"_monsterinsights_sitenote_active":false,"_monsterinsights_sitenote_note":"","_monsterinsights_sitenote_category":0},"product_brand":[],"product_cat":[41],"product_tag":[5497,5496,5498],"class_list":{"0":"post-24929","1":"product","2":"type-product","3":"status-publish","4":"has-post-thumbnail","6":"product_cat-ikinci-el","7":"product_tag-20-pin-rev-3-0","8":"product_tag-bmw","9":"product_tag-uzatma-teshis-kablosu","11":"first","12":"instock","13":"taxable","14":"shipping-taxable","15":"purchasable","16":"product-type-simple"},"_links":{"self":[{"href":"https:\/\/parcavs.com\/index.php\/wp-json\/wp\/v2\/product\/24929","targetHints":{"allow":["GET"]}}],"collection":[{"href":"https:\/\/parcavs.com\/index.php\/wp-json\/wp\/v2\/product"}],"about":[{"href":"https:\/\/parcavs.com\/index.php\/wp-json\/wp\/v2\/types\/product"}],"replies":[{"embeddable":true,"href":"https:\/\/parcavs.com\/index.php\/wp-json\/wp\/v2\/comments?post=24929"}],"version-history":[{"count":1,"href":"https:\/\/parcavs.com\/index.php\/wp-json\/wp\/v2\/product\/24929\/revisions"}],"predecessor-version":[{"id":24935,"href":"https:\/\/parcavs.com\/index.php\/wp-json\/wp\/v2\/product\/24929\/revisions\/24935"}],"wp:featuredmedia":[{"embeddable":true,"href":"https:\/\/parcavs.com\/index.php\/wp-json\/wp\/v2\/media\/24930"}],"wp:attachment":[{"href":"https:\/\/parcavs.com\/index.php\/wp-json\/wp\/v2\/media?parent=24929"}],"wp:term":[{"taxonomy":"product_brand","embeddable":true,"href":"https:\/\/parcavs.com\/index.php\/wp-json\/wp\/v2\/product_brand?post=24929"},{"taxonomy":"product_cat","embeddable":true,"href":"https:\/\/parcavs.com\/index.php\/wp-json\/wp\/v2\/product_cat?post=24929"},{"taxonomy":"product_tag","embeddable":true,"href":"https:\/\/parcavs.com\/index.php\/wp-json\/wp\/v2\/product_tag?post=24929"}],"curies":[{"name":"wp","href":"https:\/\/api.w.org\/{rel}","templated":true}]}}