{"id":25227,"date":"2023-12-06T11:35:10","date_gmt":"2023-12-06T09:35:10","guid":{"rendered":"https:\/\/parcavs.com\/?post_type=product&#038;p=25227"},"modified":"2024-06-07T00:00:00","modified_gmt":"2024-06-06T21:00:00","slug":"sabit-bilyali-rulman-tek-sirali-6203nke","status":"publish","type":"product","link":"https:\/\/parcavs.com\/index.php\/product\/sabit-bilyali-rulman-tek-sirali-6203nke\/","title":{"rendered":"Sabit Bilyal\u0131 Rulman Tek S\u0131ral\u0131 6203NKE"},"content":{"rendered":"<p>6203NKE Sabit Bilyal\u0131 Rulman Tek S\u0131ral\u0131<br \/>\nTek S\u0131ral\u0131 Rulman Bilyal\u0131 Sabit<br \/>\n\u00dcretici Firma: Nach\u0131 6203NKE<br \/>\nFiyatlar\u0131m\u0131za KDV \u00fccreti dahildir<br \/>\nAd\u0131n\u0131za fatural\u0131 olarak g\u00f6nderilecektir.<br \/>\nKargo ta\u015f\u0131ma \u00fccreti al\u0131c\u0131ya aittir.<br \/>\nAnla\u015fmal\u0131 oldu\u011fumuz kargo firmas\u0131 arac\u0131l\u0131\u011f\u0131yla<br \/>\n\u00dccret al\u0131c\u0131 olarak taraf\u0131n\u0131za g\u00f6nderilecektir.<\/p>\n<p>&nbsp;<\/p>\n","protected":false},"excerpt":{"rendered":"<p><strong>6203NKE<\/strong> Sabit <strong>Bilyal\u0131 Rulman Tek S\u0131ral\u0131<\/strong><br \/>\n<strong>Tek S\u0131ral\u0131 Rulman Bilyal\u0131<\/strong> Sabit<br \/>\n\u00dcretici Firma: <strong>Nach\u0131 6203NKE (Japan)<\/strong><br \/>\nFiyatlar\u0131m\u0131za <strong>KDV<\/strong> \u00fccreti dahildir<br \/>\nAd\u0131n\u0131za <strong>fatural\u0131<\/strong> olarak g\u00f6nderilecektir.<br \/>\n<strong>Kargo<\/strong> ta\u015f\u0131ma \u00fccreti <strong>al\u0131c\u0131ya<\/strong> aittir.<\/p>\n","protected":false},"featured_media":25228,"comment_status":"open","ping_status":"closed","template":"","meta":{"_monsterinsights_skip_tracking":false,"_monsterinsights_sitenote_active":false,"_monsterinsights_sitenote_note":"","_monsterinsights_sitenote_category":0},"product_brand":[],"product_cat":[15],"product_tag":[5661,5659,5660],"class_list":{"0":"post-25227","1":"product","2":"type-product","3":"status-publish","4":"has-post-thumbnail","6":"product_cat-diger","7":"product_tag-nachi-6203nke","8":"product_tag-sabit-bilyali-rulman-tek-sirali","9":"product_tag-tek-sirali-rulman-bilyali-sabit","11":"first","12":"instock","13":"taxable","14":"shipping-taxable","15":"purchasable","16":"product-type-simple"},"_links":{"self":[{"href":"https:\/\/parcavs.com\/index.php\/wp-json\/wp\/v2\/product\/25227","targetHints":{"allow":["GET"]}}],"collection":[{"href":"https:\/\/parcavs.com\/index.php\/wp-json\/wp\/v2\/product"}],"about":[{"href":"https:\/\/parcavs.com\/index.php\/wp-json\/wp\/v2\/types\/product"}],"replies":[{"embeddable":true,"href":"https:\/\/parcavs.com\/index.php\/wp-json\/wp\/v2\/comments?post=25227"}],"version-history":[{"count":1,"href":"https:\/\/parcavs.com\/index.php\/wp-json\/wp\/v2\/product\/25227\/revisions"}],"predecessor-version":[{"id":25229,"href":"https:\/\/parcavs.com\/index.php\/wp-json\/wp\/v2\/product\/25227\/revisions\/25229"}],"wp:featuredmedia":[{"embeddable":true,"href":"https:\/\/parcavs.com\/index.php\/wp-json\/wp\/v2\/media\/25228"}],"wp:attachment":[{"href":"https:\/\/parcavs.com\/index.php\/wp-json\/wp\/v2\/media?parent=25227"}],"wp:term":[{"taxonomy":"product_brand","embeddable":true,"href":"https:\/\/parcavs.com\/index.php\/wp-json\/wp\/v2\/product_brand?post=25227"},{"taxonomy":"product_cat","embeddable":true,"href":"https:\/\/parcavs.com\/index.php\/wp-json\/wp\/v2\/product_cat?post=25227"},{"taxonomy":"product_tag","embeddable":true,"href":"https:\/\/parcavs.com\/index.php\/wp-json\/wp\/v2\/product_tag?post=25227"}],"curies":[{"name":"wp","href":"https:\/\/api.w.org\/{rel}","templated":true}]}}