{"id":25290,"date":"2023-12-07T14:38:37","date_gmt":"2023-12-07T12:38:37","guid":{"rendered":"https:\/\/parcavs.com\/?post_type=product&#038;p=25290"},"modified":"2024-06-08T00:00:13","modified_gmt":"2024-06-07T21:00:13","slug":"dodge-as-950-stop-lambasi-kablolu-10015","status":"publish","type":"product","link":"https:\/\/parcavs.com\/index.php\/product\/dodge-as-950-stop-lambasi-kablolu-10015\/","title":{"rendered":"Dodge AS 950 Stop Lambas\u0131 Kablolu 10015"},"content":{"rendered":"<p>10015 Dodge AS 950 Stop Lambas\u0131 Kablolu<br \/>\nLamba Stop Dodge<br \/>\n\u00dcretici Firma: Asfar 10015<br \/>\nFiyatlar\u0131m\u0131za KDV \u00fccreti dahildir<br \/>\nAd\u0131n\u0131za fatural\u0131 olarak g\u00f6nderilecektir.<br \/>\nKargo ta\u015f\u0131ma \u00fccreti al\u0131c\u0131ya aittir.<br \/>\nAnla\u015fmal\u0131 oldu\u011fumuz kargo firmas\u0131 arac\u0131l\u0131\u011f\u0131yla<br \/>\n\u00dccret al\u0131c\u0131 olarak taraf\u0131n\u0131za g\u00f6nderilecektir.<\/p>\n<p>&nbsp;<\/p>\n","protected":false},"excerpt":{"rendered":"<p><strong>10015<\/strong> Dodge<strong> AS 950<\/strong> Stop<strong> Lambas\u0131 Kablolu<\/strong><br \/>\n<strong>Lamba Stop<\/strong> Dodge<br \/>\n\u00dcretici Firma: <strong>Asfar 10015<\/strong><br \/>\nFiyatlar\u0131m\u0131za <strong>KDV<\/strong> \u00fccreti dahildir<br \/>\nAd\u0131n\u0131za <strong>fatural\u0131<\/strong> olarak g\u00f6nderilecektir.<br \/>\n<strong>Kargo<\/strong> ta\u015f\u0131ma \u00fccreti <strong>al\u0131c\u0131ya<\/strong> aittir.<\/p>\n<p>Not: G\u00f6rselde 2 vida yeri k\u0131r\u0131k ve sadece 1 adet stop lambas\u0131 mevcuttur set de\u011fildir. Fiyat o \u015fekilde revize edilmi\u015ftir.<\/p>\n","protected":false},"featured_media":25291,"comment_status":"open","ping_status":"closed","template":"","meta":{"_monsterinsights_skip_tracking":false,"_monsterinsights_sitenote_active":false,"_monsterinsights_sitenote_note":"","_monsterinsights_sitenote_category":0},"product_brand":[],"product_cat":[15],"product_tag":[5689,4975,5327,5690],"class_list":{"0":"post-25290","1":"product","2":"type-product","3":"status-publish","4":"has-post-thumbnail","6":"product_cat-diger","7":"product_tag-as-950","8":"product_tag-dodge","9":"product_tag-lamba-stop","10":"product_tag-stop-lambasi-kablolu","12":"first","13":"instock","14":"taxable","15":"shipping-taxable","16":"purchasable","17":"product-type-simple"},"_links":{"self":[{"href":"https:\/\/parcavs.com\/index.php\/wp-json\/wp\/v2\/product\/25290","targetHints":{"allow":["GET"]}}],"collection":[{"href":"https:\/\/parcavs.com\/index.php\/wp-json\/wp\/v2\/product"}],"about":[{"href":"https:\/\/parcavs.com\/index.php\/wp-json\/wp\/v2\/types\/product"}],"replies":[{"embeddable":true,"href":"https:\/\/parcavs.com\/index.php\/wp-json\/wp\/v2\/comments?post=25290"}],"version-history":[{"count":1,"href":"https:\/\/parcavs.com\/index.php\/wp-json\/wp\/v2\/product\/25290\/revisions"}],"predecessor-version":[{"id":25293,"href":"https:\/\/parcavs.com\/index.php\/wp-json\/wp\/v2\/product\/25290\/revisions\/25293"}],"wp:featuredmedia":[{"embeddable":true,"href":"https:\/\/parcavs.com\/index.php\/wp-json\/wp\/v2\/media\/25291"}],"wp:attachment":[{"href":"https:\/\/parcavs.com\/index.php\/wp-json\/wp\/v2\/media?parent=25290"}],"wp:term":[{"taxonomy":"product_brand","embeddable":true,"href":"https:\/\/parcavs.com\/index.php\/wp-json\/wp\/v2\/product_brand?post=25290"},{"taxonomy":"product_cat","embeddable":true,"href":"https:\/\/parcavs.com\/index.php\/wp-json\/wp\/v2\/product_cat?post=25290"},{"taxonomy":"product_tag","embeddable":true,"href":"https:\/\/parcavs.com\/index.php\/wp-json\/wp\/v2\/product_tag?post=25290"}],"curies":[{"name":"wp","href":"https:\/\/api.w.org\/{rel}","templated":true}]}}