{"id":25588,"date":"2023-12-13T09:44:31","date_gmt":"2023-12-13T07:44:31","guid":{"rendered":"https:\/\/parcavs.com\/?post_type=product&#038;p=25588"},"modified":"2025-09-25T13:42:02","modified_gmt":"2025-09-25T10:42:02","slug":"motometer-takograf-cizelge-diskleri-125-km-saat-100-adet-5176012506","status":"publish","type":"product","link":"https:\/\/parcavs.com\/index.php\/product\/motometer-takograf-cizelge-diskleri-125-km-saat-100-adet-5176012506\/","title":{"rendered":"Motometer Takograf \u00c7izelge Diskleri 125 km\/saat 100 adet 5176012506"},"content":{"rendered":"<p>5176012506 Motometer Takograf \u00c7izelge Diskleri 125 km\/saat 100 adet<br \/>\n\u00c7izelge Diskleri Takograf<br \/>\n\u00dcretici Firma : Motometer (Germany)<br \/>\nFiyatlar\u0131m\u0131za KDV \u00fccreti dahildir<br \/>\nAd\u0131n\u0131za fatural\u0131 olarak g\u00f6nderilecektir.<br \/>\nKargo ta\u015f\u0131ma \u00fccreti al\u0131c\u0131ya aittir.<br \/>\nAnla\u015fmal\u0131 oldu\u011fumuz kargo firmas\u0131 arac\u0131l\u0131\u011f\u0131yla<br \/>\n\u00dccret al\u0131c\u0131 olarak taraf\u0131n\u0131za g\u00f6nderilecektir.<\/p>\n","protected":false},"excerpt":{"rendered":"<p><strong>5176012506<\/strong> Motometer <strong>Takograf<\/strong> \u00c7izelge Diskleri <strong>125 km\/saat 100 adet<\/strong><br \/>\n<strong>\u00c7izelge Diskleri<\/strong> Takograf<br \/>\n\u00dcretici Firma :<strong> Motometer (Germany)<\/strong><br \/>\nFiyatlar\u0131m\u0131za <strong>KDV<\/strong> \u00fccreti dahildir<br \/>\nAd\u0131n\u0131za <strong>fatural\u0131<\/strong> olarak g\u00f6nderilecektir.<br \/>\n<strong>Kargo<\/strong> ta\u015f\u0131ma \u00fccreti <strong>al\u0131c\u0131ya<\/strong> aittir.<\/p>\n","protected":false},"featured_media":25591,"comment_status":"open","ping_status":"closed","template":"","meta":{"_monsterinsights_skip_tracking":false,"_monsterinsights_sitenote_active":false,"_monsterinsights_sitenote_note":"","_monsterinsights_sitenote_category":0},"product_brand":[],"product_cat":[15],"product_tag":[5844,5847,5845,5848,5846],"class_list":{"0":"post-25588","1":"product","2":"type-product","3":"status-publish","4":"has-post-thumbnail","6":"product_cat-diger","7":"product_tag-5844","8":"product_tag-cizelge-diskleri-takograf","9":"product_tag-motometer","10":"product_tag-motometer-takograf-cizelge-diskleri-125-km-saat-100-adet","11":"product_tag-takograf-cizelge-diskleri","13":"first","14":"outofstock","15":"taxable","16":"shipping-taxable","17":"purchasable","18":"product-type-simple"},"_links":{"self":[{"href":"https:\/\/parcavs.com\/index.php\/wp-json\/wp\/v2\/product\/25588","targetHints":{"allow":["GET"]}}],"collection":[{"href":"https:\/\/parcavs.com\/index.php\/wp-json\/wp\/v2\/product"}],"about":[{"href":"https:\/\/parcavs.com\/index.php\/wp-json\/wp\/v2\/types\/product"}],"replies":[{"embeddable":true,"href":"https:\/\/parcavs.com\/index.php\/wp-json\/wp\/v2\/comments?post=25588"}],"version-history":[{"count":1,"href":"https:\/\/parcavs.com\/index.php\/wp-json\/wp\/v2\/product\/25588\/revisions"}],"predecessor-version":[{"id":25592,"href":"https:\/\/parcavs.com\/index.php\/wp-json\/wp\/v2\/product\/25588\/revisions\/25592"}],"wp:featuredmedia":[{"embeddable":true,"href":"https:\/\/parcavs.com\/index.php\/wp-json\/wp\/v2\/media\/25591"}],"wp:attachment":[{"href":"https:\/\/parcavs.com\/index.php\/wp-json\/wp\/v2\/media?parent=25588"}],"wp:term":[{"taxonomy":"product_brand","embeddable":true,"href":"https:\/\/parcavs.com\/index.php\/wp-json\/wp\/v2\/product_brand?post=25588"},{"taxonomy":"product_cat","embeddable":true,"href":"https:\/\/parcavs.com\/index.php\/wp-json\/wp\/v2\/product_cat?post=25588"},{"taxonomy":"product_tag","embeddable":true,"href":"https:\/\/parcavs.com\/index.php\/wp-json\/wp\/v2\/product_tag?post=25588"}],"curies":[{"name":"wp","href":"https:\/\/api.w.org\/{rel}","templated":true}]}}