{"id":25802,"date":"2023-12-15T14:59:28","date_gmt":"2023-12-15T12:59:28","guid":{"rendered":"https:\/\/parcavs.com\/?post_type=product&#038;p=25802"},"modified":"2026-05-11T02:49:58","modified_gmt":"2026-05-10T23:49:58","slug":"orjinal-peugeot-citroen-c3-c-elysee-fan-vantilator-motor-sogutma-aksami-9801666680","status":"publish","type":"product","link":"https:\/\/parcavs.com\/index.php\/product\/orjinal-peugeot-citroen-c3-c-elysee-fan-vantilator-motor-sogutma-aksami-9801666680\/","title":{"rendered":"Orjinal Peugeot Citroen C3 C Elysee Fan Vantilat\u00f6r Motor So\u011futma Aksam\u0131 9801666680"},"content":{"rendered":"<p>9801666680 Orjinal Peugeot Citroen C3 C Elysee Fan Vantilat\u00f6r Motor So\u011futma Aksam\u0131<br \/>\nMotor So\u011futma Fan Vantilat\u00f6r Aksam\u0131 Peugeot Citroen<br \/>\n%100 Orjinal Peugeot Citroen Yedek Par\u00e7a<br \/>\nFiyatlar\u0131m\u0131za KDV \u00fccreti dahildir<br \/>\nAd\u0131n\u0131za fatural\u0131 olarak g\u00f6nderilecektir.<br \/>\nKargo ta\u015f\u0131ma \u00fccreti al\u0131c\u0131ya aittir.<br \/>\nAnla\u015fmal\u0131 oldu\u011fumuz kargo firmas\u0131 arac\u0131l\u0131\u011f\u0131yla<br \/>\n\u00dccret al\u0131c\u0131 olarak taraf\u0131n\u0131za g\u00f6nderilecektir.<\/p>\n<p>&nbsp;<\/p>\n","protected":false},"excerpt":{"rendered":"<p><strong>9801666680<\/strong> Orjinal <strong>Peugeot<\/strong> Citroen <strong>C3<\/strong> C Elysee <strong>Fan Vantilat\u00f6r Motor So\u011futma Aksam\u0131<\/strong><br \/>\n<strong>Motor So\u011futma Fan Vantilat\u00f6r Aksam\u0131<\/strong> Peugeot <strong>Citroen<\/strong><br \/>\n%100 <strong>Orjinal<\/strong> Peugeot <strong>Citroen\u00a0<\/strong><br \/>\nFiyatlar\u0131m\u0131za <strong>KDV<\/strong> \u00fccreti dahildir<br \/>\nAd\u0131n\u0131za <strong>fatural\u0131<\/strong> olarak g\u00f6nderilecektir.<br \/>\n<strong>Kargo<\/strong> ta\u015f\u0131ma \u00fccreti <strong>al\u0131c\u0131ya<\/strong> aittir.<\/p>\n","protected":false},"featured_media":25803,"comment_status":"open","ping_status":"closed","template":"","meta":{"_monsterinsights_skip_tracking":false,"_monsterinsights_sitenote_active":false,"_monsterinsights_sitenote_note":"","_monsterinsights_sitenote_category":0},"product_brand":[],"product_cat":[15],"product_tag":[18583,18582,18581,5145,5966,5967,5146],"class_list":{"0":"post-25802","1":"product","2":"type-product","3":"status-publish","4":"has-post-thumbnail","6":"product_cat-diger","7":"product_tag-18583","8":"product_tag-c-elysee","9":"product_tag-c3","10":"product_tag-citroen","11":"product_tag-fan-vantilator-motor-sogutma-aksami","12":"product_tag-motor-sogutma-fan-vantilator-aksami","13":"product_tag-peugeot","15":"first","16":"instock","17":"taxable","18":"shipping-taxable","19":"purchasable","20":"product-type-simple"},"_links":{"self":[{"href":"https:\/\/parcavs.com\/index.php\/wp-json\/wp\/v2\/product\/25802","targetHints":{"allow":["GET"]}}],"collection":[{"href":"https:\/\/parcavs.com\/index.php\/wp-json\/wp\/v2\/product"}],"about":[{"href":"https:\/\/parcavs.com\/index.php\/wp-json\/wp\/v2\/types\/product"}],"replies":[{"embeddable":true,"href":"https:\/\/parcavs.com\/index.php\/wp-json\/wp\/v2\/comments?post=25802"}],"version-history":[{"count":3,"href":"https:\/\/parcavs.com\/index.php\/wp-json\/wp\/v2\/product\/25802\/revisions"}],"predecessor-version":[{"id":40031,"href":"https:\/\/parcavs.com\/index.php\/wp-json\/wp\/v2\/product\/25802\/revisions\/40031"}],"wp:featuredmedia":[{"embeddable":true,"href":"https:\/\/parcavs.com\/index.php\/wp-json\/wp\/v2\/media\/25803"}],"wp:attachment":[{"href":"https:\/\/parcavs.com\/index.php\/wp-json\/wp\/v2\/media?parent=25802"}],"wp:term":[{"taxonomy":"product_brand","embeddable":true,"href":"https:\/\/parcavs.com\/index.php\/wp-json\/wp\/v2\/product_brand?post=25802"},{"taxonomy":"product_cat","embeddable":true,"href":"https:\/\/parcavs.com\/index.php\/wp-json\/wp\/v2\/product_cat?post=25802"},{"taxonomy":"product_tag","embeddable":true,"href":"https:\/\/parcavs.com\/index.php\/wp-json\/wp\/v2\/product_tag?post=25802"}],"curies":[{"name":"wp","href":"https:\/\/api.w.org\/{rel}","templated":true}]}}