{"id":26301,"date":"2023-12-25T13:13:51","date_gmt":"2023-12-25T11:13:51","guid":{"rendered":"https:\/\/parcavs.com\/?post_type=product&#038;p=26301"},"modified":"2024-06-26T00:00:14","modified_gmt":"2024-06-25T21:00:14","slug":"man-f2000-l2000-saft-aski-takimi-81394106013","status":"publish","type":"product","link":"https:\/\/parcavs.com\/index.php\/product\/man-f2000-l2000-saft-aski-takimi-81394106013\/","title":{"rendered":"Man F2000 L2000 \u015eaft Ask\u0131 Tak\u0131m\u0131 81394106013"},"content":{"rendered":"<p>81394106013 Man F2000 L2000 \u015eaft Ask\u0131 Tak\u0131m\u0131<br \/>\nPervane \u015eaft\u0131 Ta\u015f\u0131y\u0131c\u0131s\u0131 Man<br \/>\n\u00dcretici Firma : Kanca KNC.AB.20503<br \/>\nFiyatlar\u0131m\u0131za KDV \u00fccreti dahildir<br \/>\nAd\u0131n\u0131za fatural\u0131 olarak g\u00f6nderilecektir.<br \/>\nKargo ta\u015f\u0131ma \u00fccreti al\u0131c\u0131ya aittir.<br \/>\nAnla\u015fmal\u0131 oldu\u011fumuz kargo firmas\u0131 arac\u0131l\u0131\u011f\u0131yla<br \/>\n\u00dccret al\u0131c\u0131 olarak taraf\u0131n\u0131za g\u00f6nderilecektir.<\/p>\n<p>&nbsp;<\/p>\n","protected":false},"excerpt":{"rendered":"<p><strong>81394106013<\/strong> Man <strong>F2000<\/strong> L2000<strong> \u015eaft Ask\u0131 Tak\u0131m\u0131\u00a0<\/strong><br \/>\n<strong>Pervane \u015eaft\u0131 Ta\u015f\u0131y\u0131c\u0131s\u0131<\/strong> Man<br \/>\n\u00dcretici Firma :<strong> Kanca KNC.AB.20503<\/strong><br \/>\nFiyatlar\u0131m\u0131za <strong>KDV<\/strong> \u00fccreti dahildir<br \/>\nAd\u0131n\u0131za <strong>fatural\u0131<\/strong> olarak g\u00f6nderilecektir.<br \/>\n<strong>Kargo<\/strong> ta\u015f\u0131ma \u00fccreti <strong>al\u0131c\u0131ya<\/strong> aittir.<\/p>\n","protected":false},"featured_media":26305,"comment_status":"open","ping_status":"closed","template":"","meta":{"_monsterinsights_skip_tracking":false,"_monsterinsights_sitenote_active":false,"_monsterinsights_sitenote_note":"","_monsterinsights_sitenote_category":0},"product_brand":[],"product_cat":[42],"product_tag":[6285,1795,6286,1822,96,6284,3223,6287],"class_list":{"0":"post-26301","1":"product","2":"type-product","3":"status-publish","4":"has-post-thumbnail","6":"product_cat-man-yedek-parca","7":"product_tag-6285","8":"product_tag-f2000","9":"product_tag-knc-ab-20503","10":"product_tag-l2000","11":"product_tag-man","12":"product_tag-pervane-safti-tasiyicisi","13":"product_tag-saft-aski","14":"product_tag-saft-aski-takimi","16":"first","17":"instock","18":"taxable","19":"shipping-taxable","20":"purchasable","21":"product-type-simple"},"_links":{"self":[{"href":"https:\/\/parcavs.com\/index.php\/wp-json\/wp\/v2\/product\/26301","targetHints":{"allow":["GET"]}}],"collection":[{"href":"https:\/\/parcavs.com\/index.php\/wp-json\/wp\/v2\/product"}],"about":[{"href":"https:\/\/parcavs.com\/index.php\/wp-json\/wp\/v2\/types\/product"}],"replies":[{"embeddable":true,"href":"https:\/\/parcavs.com\/index.php\/wp-json\/wp\/v2\/comments?post=26301"}],"version-history":[{"count":1,"href":"https:\/\/parcavs.com\/index.php\/wp-json\/wp\/v2\/product\/26301\/revisions"}],"predecessor-version":[{"id":26307,"href":"https:\/\/parcavs.com\/index.php\/wp-json\/wp\/v2\/product\/26301\/revisions\/26307"}],"wp:featuredmedia":[{"embeddable":true,"href":"https:\/\/parcavs.com\/index.php\/wp-json\/wp\/v2\/media\/26305"}],"wp:attachment":[{"href":"https:\/\/parcavs.com\/index.php\/wp-json\/wp\/v2\/media?parent=26301"}],"wp:term":[{"taxonomy":"product_brand","embeddable":true,"href":"https:\/\/parcavs.com\/index.php\/wp-json\/wp\/v2\/product_brand?post=26301"},{"taxonomy":"product_cat","embeddable":true,"href":"https:\/\/parcavs.com\/index.php\/wp-json\/wp\/v2\/product_cat?post=26301"},{"taxonomy":"product_tag","embeddable":true,"href":"https:\/\/parcavs.com\/index.php\/wp-json\/wp\/v2\/product_tag?post=26301"}],"curies":[{"name":"wp","href":"https:\/\/api.w.org\/{rel}","templated":true}]}}