{"id":26333,"date":"2023-12-25T15:17:19","date_gmt":"2023-12-25T13:17:19","guid":{"rendered":"https:\/\/parcavs.com\/?post_type=product&#038;p=26333"},"modified":"2024-06-26T00:00:14","modified_gmt":"2024-06-25T21:00:14","slug":"man-tga-lions-m90-rotil-sag-81953016144","status":"publish","type":"product","link":"https:\/\/parcavs.com\/index.php\/product\/man-tga-lions-m90-rotil-sag-81953016144\/","title":{"rendered":"MAN TGA LION&#8217;S M90 Rotil Sa\u011f 81953016144"},"content":{"rendered":"<p>81953016144 MAN TGA LION&#8217;S M90 Rotil Sa\u011f<br \/>\nBilyal\u0131 Mafsal, M90<br \/>\n\u00dcretici Firma : AYD<br \/>\nFiyatlar\u0131m\u0131za KDV \u00fccreti dahildir<br \/>\nAd\u0131n\u0131za fatural\u0131 olarak g\u00f6nderilecektir.<br \/>\nKargo ta\u015f\u0131ma \u00fccreti al\u0131c\u0131ya aittir.<br \/>\nAnla\u015fmal\u0131 oldu\u011fumuz kargo firmas\u0131 arac\u0131l\u0131\u011f\u0131yla<br \/>\n\u00dccret al\u0131c\u0131 olarak taraf\u0131n\u0131za g\u00f6nderilecektir.<\/p>\n<hr \/>\n<p>&nbsp;<\/p>\n","protected":false},"excerpt":{"rendered":"<p><strong>81953016144 MAN<\/strong> TGA LION&#8217;S M90 Rotil Sa\u011f<br \/>\nBilyal\u0131 Mafsal, <strong>M90<\/strong><br \/>\n\u00dcretici Firma : <strong>AYD<\/strong><br \/>\n<strong>Fiyatlar\u0131m\u0131za<\/strong> KDV \u00fccreti dahildir<br \/>\nAd\u0131n\u0131za <strong>fatural\u0131<\/strong> olarak g\u00f6nderilecektir.<br \/>\n<strong>Kargo<\/strong> ta\u015f\u0131ma \u00fccreti <strong>al\u0131c\u0131ya<\/strong> aittir.<\/p>\n","protected":false},"featured_media":26337,"comment_status":"open","ping_status":"closed","template":"","meta":{"_monsterinsights_skip_tracking":false,"_monsterinsights_sitenote_active":false,"_monsterinsights_sitenote_note":"","_monsterinsights_sitenote_category":0},"product_brand":[],"product_cat":[42],"product_tag":[6304],"class_list":{"0":"post-26333","1":"product","2":"type-product","3":"status-publish","4":"has-post-thumbnail","6":"product_cat-man-yedek-parca","7":"product_tag-6304","9":"first","10":"instock","11":"taxable","12":"shipping-taxable","13":"purchasable","14":"product-type-simple"},"_links":{"self":[{"href":"https:\/\/parcavs.com\/index.php\/wp-json\/wp\/v2\/product\/26333","targetHints":{"allow":["GET"]}}],"collection":[{"href":"https:\/\/parcavs.com\/index.php\/wp-json\/wp\/v2\/product"}],"about":[{"href":"https:\/\/parcavs.com\/index.php\/wp-json\/wp\/v2\/types\/product"}],"replies":[{"embeddable":true,"href":"https:\/\/parcavs.com\/index.php\/wp-json\/wp\/v2\/comments?post=26333"}],"version-history":[{"count":1,"href":"https:\/\/parcavs.com\/index.php\/wp-json\/wp\/v2\/product\/26333\/revisions"}],"predecessor-version":[{"id":26338,"href":"https:\/\/parcavs.com\/index.php\/wp-json\/wp\/v2\/product\/26333\/revisions\/26338"}],"wp:featuredmedia":[{"embeddable":true,"href":"https:\/\/parcavs.com\/index.php\/wp-json\/wp\/v2\/media\/26337"}],"wp:attachment":[{"href":"https:\/\/parcavs.com\/index.php\/wp-json\/wp\/v2\/media?parent=26333"}],"wp:term":[{"taxonomy":"product_brand","embeddable":true,"href":"https:\/\/parcavs.com\/index.php\/wp-json\/wp\/v2\/product_brand?post=26333"},{"taxonomy":"product_cat","embeddable":true,"href":"https:\/\/parcavs.com\/index.php\/wp-json\/wp\/v2\/product_cat?post=26333"},{"taxonomy":"product_tag","embeddable":true,"href":"https:\/\/parcavs.com\/index.php\/wp-json\/wp\/v2\/product_tag?post=26333"}],"curies":[{"name":"wp","href":"https:\/\/api.w.org\/{rel}","templated":true}]}}