{"id":26730,"date":"2023-12-30T13:38:14","date_gmt":"2023-12-30T11:38:14","guid":{"rendered":"https:\/\/parcavs.com\/?post_type=product&#038;p=26730"},"modified":"2024-09-11T10:39:31","modified_gmt":"2024-09-11T07:39:31","slug":"achr-60203112-yakit-pompasi-hyundai-era-3-bar-135-l-h-311121a600","status":"publish","type":"product","link":"https:\/\/parcavs.com\/index.php\/product\/achr-60203112-yakit-pompasi-hyundai-era-3-bar-135-l-h-311121a600\/","title":{"rendered":"ACHR 60203112 Yak\u0131t Pompas\u0131 Hyundai Era 3 Bar 135 L H 311121A600"},"content":{"rendered":"<p>311121A600 ACHR 60203112 Yak\u0131t Pompas\u0131 Hyundai Era 3 Bar 135 L H<br \/>\nCivic, Toyota, Marea Yak\u0131t Pompas\u0131 2002-2007 model b\u00fct\u00fcn ara\u00e7lara uyar.<br \/>\n\u00dcretici Firma: ACHR<br \/>\nFiyatlar\u0131m\u0131za KDV \u00fccreti dahildir<br \/>\nAd\u0131n\u0131za fatural\u0131 olarak g\u00f6nderilecektir.<br \/>\nKargo ta\u015f\u0131ma \u00fccreti al\u0131c\u0131ya aittir.<br \/>\nAnla\u015fmal\u0131 oldu\u011fumuz kargo firmas\u0131 arac\u0131l\u0131\u011f\u0131yla<br \/>\n\u00dccret al\u0131c\u0131 olarak taraf\u0131n\u0131za g\u00f6nderilecektir.<\/p>\n<hr \/>\n<p>&nbsp;<\/p>\n","protected":false},"excerpt":{"rendered":"<p>311121A600 ACHR 60203112 Yak\u0131t Pompas\u0131 Hyundai Era 3 Bar 135 L H<br \/>\nCivic, Toyota, Marea Yak\u0131t Pompas\u0131<br \/>\n\u00dcretici Firma: ACHR<br \/>\nFiyatlar\u0131m\u0131za KDV \u00fccreti dahildir<br \/>\nAd\u0131n\u0131za fatural\u0131 olarak g\u00f6nderilecektir.<br \/>\nKargo ta\u015f\u0131ma \u00fccreti al\u0131c\u0131ya aittir.<br \/>\nAnla\u015fmal\u0131 oldu\u011fumuz kargo firmas\u0131 arac\u0131l\u0131\u011f\u0131yla<br \/>\n\u00dccret al\u0131c\u0131 olarak taraf\u0131n\u0131za g\u00f6nderilecektir.<\/p>\n<p>&nbsp;<\/p>\n","protected":false},"featured_media":26732,"comment_status":"open","ping_status":"closed","template":"","meta":{"_monsterinsights_skip_tracking":false,"_monsterinsights_sitenote_active":false,"_monsterinsights_sitenote_note":"","_monsterinsights_sitenote_category":0},"product_brand":[],"product_cat":[15],"product_tag":[6587,6585,6586],"class_list":{"0":"post-26730","1":"product","2":"type-product","3":"status-publish","4":"has-post-thumbnail","6":"product_cat-diger","7":"product_tag-311121a600","8":"product_tag-achr-60203112","9":"product_tag-yakit-pompasi-hyundai-era-3-bar-135-l-h","11":"first","12":"instock","13":"taxable","14":"shipping-taxable","15":"purchasable","16":"product-type-simple"},"_links":{"self":[{"href":"https:\/\/parcavs.com\/index.php\/wp-json\/wp\/v2\/product\/26730","targetHints":{"allow":["GET"]}}],"collection":[{"href":"https:\/\/parcavs.com\/index.php\/wp-json\/wp\/v2\/product"}],"about":[{"href":"https:\/\/parcavs.com\/index.php\/wp-json\/wp\/v2\/types\/product"}],"replies":[{"embeddable":true,"href":"https:\/\/parcavs.com\/index.php\/wp-json\/wp\/v2\/comments?post=26730"}],"version-history":[{"count":3,"href":"https:\/\/parcavs.com\/index.php\/wp-json\/wp\/v2\/product\/26730\/revisions"}],"predecessor-version":[{"id":36024,"href":"https:\/\/parcavs.com\/index.php\/wp-json\/wp\/v2\/product\/26730\/revisions\/36024"}],"wp:featuredmedia":[{"embeddable":true,"href":"https:\/\/parcavs.com\/index.php\/wp-json\/wp\/v2\/media\/26732"}],"wp:attachment":[{"href":"https:\/\/parcavs.com\/index.php\/wp-json\/wp\/v2\/media?parent=26730"}],"wp:term":[{"taxonomy":"product_brand","embeddable":true,"href":"https:\/\/parcavs.com\/index.php\/wp-json\/wp\/v2\/product_brand?post=26730"},{"taxonomy":"product_cat","embeddable":true,"href":"https:\/\/parcavs.com\/index.php\/wp-json\/wp\/v2\/product_cat?post=26730"},{"taxonomy":"product_tag","embeddable":true,"href":"https:\/\/parcavs.com\/index.php\/wp-json\/wp\/v2\/product_tag?post=26730"}],"curies":[{"name":"wp","href":"https:\/\/api.w.org\/{rel}","templated":true}]}}