{"id":2802,"date":"2021-04-01T14:44:51","date_gmt":"2021-04-01T11:44:51","guid":{"rendered":"https:\/\/parcavs.com\/?post_type=product&#038;p=2802"},"modified":"2025-03-25T00:00:12","modified_gmt":"2025-03-24T22:00:12","slug":"sigma-sgm09invdmx-sl-exclusive-inverter-duvar-tipi-klima-9000-btu","status":"publish","type":"product","link":"https:\/\/parcavs.com\/index.php\/product\/sigma-sgm09invdmx-sl-exclusive-inverter-duvar-tipi-klima-9000-btu\/","title":{"rendered":"Sigma SGM09INVDMX-SL Exclusive Inverter Duvar Tipi Klima 9000 BTU"},"content":{"rendered":"<p>Sigma SGM09INVDMX-SL Exclusive 9000 BTU Inverter Duvar Tipi Klima \u00d6zellikleri<br \/>\nRenk: G\u00fcm\u00fc\u015f<br \/>\nKapasite\/ Is\u0131tma 10.920 (2730-14330) BTU\/h<br \/>\nKapasite\/ So\u011futma 8.870 (2730-10920) BTU\/h<br \/>\nSEER (Ortalama) 8.5<br \/>\nSCOP (Ortalama) 4.6<br \/>\nG\u00fc\u00e7 Kayna\u011f\u0131\/ \u0130\u00e7 \u00dcniteden 220 &#8211; 240 V, 1 Faz, 50 Hz. V, Faz, Hz<br \/>\nEnerji S\u0131n\u0131f\u0131\/ Is\u0131tma (Ortalama) A+<br \/>\nEnerji S\u0131n\u0131f\u0131\/ So\u011futma (Ortalama) A+++\/A++<br \/>\nEnerji T\u00fcketimi\/ Is\u0131tma 0.80 (0.3-1.6) kW<br \/>\nEnerji T\u00fcketimi\/ So\u011futma 0.65 (0.2-1.5) kW<br \/>\n\u00c7al\u0131\u015fma Ak\u0131m\u0131\/ So\u011futma 7,2 A<br \/>\nHava Debisi\/ \u0130\u00e7 \u00dcnite 600 m3\/h<br \/>\nSes Seviyesi\/ \u0130\u00e7 \u00dcnite (Y\/O\/D) 38\/32\/25\/16 dB(A)<br \/>\nSes Seviyesi\/ D\u0131\u015f \u00dcnite 47 dB(A)<br \/>\nBoyutlar (GxYxD)\/ D\u0131\u015f \u00dcnite 800\/280\/553 mm<br \/>\nBoyutlar (GxYxD)\/ \u0130\u00e7 \u00dcnite 856\/197\/300 mm<br \/>\nNet A\u011f\u0131rl\u0131k\/ D\u0131\u015f \u00dcnite 27.6 kg<br \/>\nNet A\u011f\u0131rl\u0131k\/ \u0130\u00e7 \u00dcnite 9.5 kg<br \/>\nBa\u011flant\u0131 Boru \u00c7aplar\u0131\/ Gaz 9.52(3\/8&#8243;) mm(inch)<br \/>\nBa\u011flant\u0131 Boru \u00c7aplar\u0131\/ S\u0131v\u0131 6.35(1\/4&#8243;) mm(inch)<br \/>\nMaksimum Borulama Uzunlu\u011fu 20 m<br \/>\nMaksimum Kot Fark\u0131 10 m<br \/>\nD\u0131\u015f Ortam \u00c7al\u0131\u015fma S\u0131cakl\u0131k Aral\u0131\u011f\u0131\/ Is\u0131tma -20\/24 \u00b0 C<br \/>\nD\u0131\u015f Ortam \u00c7al\u0131\u015fma S\u0131cakl\u0131k Aral\u0131\u011f\u0131\/ So\u011futma -20\/43 \u00b0 C<br \/>\nFiyatlar\u0131m\u0131za KDV \u00fccreti dahildir<br \/>\nAd\u0131n\u0131za fatural\u0131 olarak g\u00f6nderilecektir.<br \/>\n\u00dccretsiz kargo ve \u00dccretsiz montaj<\/p>\n","protected":false},"excerpt":{"rendered":"<p>Sigma SGM09INVDMX-SL Exclusive 9000 BTU Inverter Duvar Tipi Klima \u00d6zellikleri<br \/>\nRenk: G\u00fcm\u00fc\u015f<br \/>\nKapasite\/ Is\u0131tma 10.920 (2730-14330) BTU\/h<br \/>\nKapasite\/ So\u011futma 8.870 (2730-10920) BTU\/h<br \/>\nSEER (Ortalama) 8.5<br \/>\nSCOP (Ortalama) 4.6<br \/>\nG\u00fc\u00e7 Kayna\u011f\u0131\/ \u0130\u00e7 \u00dcniteden 220 &#8211; 240 V, 1 Faz, 50 Hz. V, Faz, Hz<br \/>\nEnerji S\u0131n\u0131f\u0131\/ Is\u0131tma (Ortalama) A+<br \/>\nEnerji S\u0131n\u0131f\u0131\/ So\u011futma (Ortalama) A+++\/A++<br \/>\nEnerji T\u00fcketimi\/ Is\u0131tma 0.80 (0.3-1.6) kW<br \/>\nEnerji T\u00fcketimi\/ So\u011futma 0.65 (0.2-1.5) kW<br \/>\n\u00c7al\u0131\u015fma Ak\u0131m\u0131\/ So\u011futma 7,2 A<br \/>\nHava Debisi\/ \u0130\u00e7 \u00dcnite 600 m3\/h<br \/>\nSes Seviyesi\/ \u0130\u00e7 \u00dcnite (Y\/O\/D) 38\/32\/25\/16 dB(A)<br \/>\nSes Seviyesi\/ D\u0131\u015f \u00dcnite 47 dB(A)<br \/>\nBoyutlar (GxYxD)\/ D\u0131\u015f \u00dcnite 800\/280\/553 mm<br \/>\nBoyutlar (GxYxD)\/ \u0130\u00e7 \u00dcnite 856\/197\/300 mm<br \/>\nNet A\u011f\u0131rl\u0131k\/ D\u0131\u015f \u00dcnite 27.6 kg<br \/>\nNet A\u011f\u0131rl\u0131k\/ \u0130\u00e7 \u00dcnite 9.5 kg<br \/>\nBa\u011flant\u0131 Boru \u00c7aplar\u0131\/ Gaz 9.52(3\/8&#8243;) mm(inch)<br \/>\nBa\u011flant\u0131 Boru \u00c7aplar\u0131\/ S\u0131v\u0131 6.35(1\/4&#8243;) mm(inch)<br \/>\nMaksimum Borulama Uzunlu\u011fu 20 m<br \/>\nMaksimum Kot Fark\u0131 10 m<br \/>\nD\u0131\u015f Ortam \u00c7al\u0131\u015fma S\u0131cakl\u0131k Aral\u0131\u011f\u0131\/ Is\u0131tma -20\/24 \u00b0 C<br \/>\nD\u0131\u015f Ortam \u00c7al\u0131\u015fma S\u0131cakl\u0131k Aral\u0131\u011f\u0131\/ So\u011futma -20\/43 \u00b0 C<br \/>\nFiyatlar\u0131m\u0131za KDV \u00fccreti dahildir<br \/>\nAd\u0131n\u0131za fatural\u0131 olarak g\u00f6nderilecektir.<br \/>\n\u00dccretsiz kargo ve \u00dccretsiz montaj<\/p>\n","protected":false},"featured_media":2803,"comment_status":"open","ping_status":"closed","template":"","meta":{"_monsterinsights_skip_tracking":false,"_monsterinsights_sitenote_active":false,"_monsterinsights_sitenote_note":"","_monsterinsights_sitenote_category":0},"product_brand":[],"product_cat":[40],"product_tag":[275,278,258,74,280,276],"class_list":{"0":"post-2802","1":"product","2":"type-product","3":"status-publish","4":"has-post-thumbnail","6":"product_cat-klima","7":"product_tag-9000btu","8":"product_tag-exclusive","9":"product_tag-inverter","10":"product_tag-klima","11":"product_tag-sgm09invdmx-sl","12":"product_tag-sigma","14":"first","15":"instock","16":"taxable","17":"shipping-taxable","18":"purchasable","19":"product-type-simple"},"_links":{"self":[{"href":"https:\/\/parcavs.com\/index.php\/wp-json\/wp\/v2\/product\/2802","targetHints":{"allow":["GET"]}}],"collection":[{"href":"https:\/\/parcavs.com\/index.php\/wp-json\/wp\/v2\/product"}],"about":[{"href":"https:\/\/parcavs.com\/index.php\/wp-json\/wp\/v2\/types\/product"}],"replies":[{"embeddable":true,"href":"https:\/\/parcavs.com\/index.php\/wp-json\/wp\/v2\/comments?post=2802"}],"version-history":[{"count":5,"href":"https:\/\/parcavs.com\/index.php\/wp-json\/wp\/v2\/product\/2802\/revisions"}],"predecessor-version":[{"id":36495,"href":"https:\/\/parcavs.com\/index.php\/wp-json\/wp\/v2\/product\/2802\/revisions\/36495"}],"wp:featuredmedia":[{"embeddable":true,"href":"https:\/\/parcavs.com\/index.php\/wp-json\/wp\/v2\/media\/2803"}],"wp:attachment":[{"href":"https:\/\/parcavs.com\/index.php\/wp-json\/wp\/v2\/media?parent=2802"}],"wp:term":[{"taxonomy":"product_brand","embeddable":true,"href":"https:\/\/parcavs.com\/index.php\/wp-json\/wp\/v2\/product_brand?post=2802"},{"taxonomy":"product_cat","embeddable":true,"href":"https:\/\/parcavs.com\/index.php\/wp-json\/wp\/v2\/product_cat?post=2802"},{"taxonomy":"product_tag","embeddable":true,"href":"https:\/\/parcavs.com\/index.php\/wp-json\/wp\/v2\/product_tag?post=2802"}],"curies":[{"name":"wp","href":"https:\/\/api.w.org\/{rel}","templated":true}]}}