{"id":2813,"date":"2021-04-01T15:35:51","date_gmt":"2021-04-01T12:35:51","guid":{"rendered":"https:\/\/parcavs.com\/?post_type=product&#038;p=2813"},"modified":"2024-01-26T09:52:39","modified_gmt":"2024-01-26T07:52:39","slug":"sigma-sgm18invdmr-inverter-duvar-tipi-klima-a-18000-btu","status":"publish","type":"product","link":"https:\/\/parcavs.com\/index.php\/product\/sigma-sgm18invdmr-inverter-duvar-tipi-klima-a-18000-btu\/","title":{"rendered":"Sigma SGM18INVDMR Comfort Inverter Duvar Tipi Klima A++ 18000 BTU"},"content":{"rendered":"<p>Sigma Comfort SGM18INVDMR 18000 BTU Inverter Duvar Tipi Klima<\/p>\n<p>Klima Tipi: Duvar<br \/>\nIs\u0131tma Kapasitesi: 15695 BTU<br \/>\nMarka: Sigma<br \/>\nEnerji S\u0131n\u0131f\u0131-Is\u0131tma A++<br \/>\nEnerji S\u0131n\u0131f\u0131-So\u011futma A++<br \/>\nRenk: Beyaz<\/p>\n","protected":false},"excerpt":{"rendered":"<p>Sigma Comfort SGM18INVDMR 18000 BTU Inverter Duvar Tipi Klima \u00d6zellikleri<\/p>\n<p>Klima Tipi: Duvar<br \/>\nIs\u0131tma Kapasitesi: 18000 Btu<br \/>\nMarka: Sigma<br \/>\nEnerji S\u0131n\u0131f\u0131-Is\u0131tma A++<br \/>\nEnerji S\u0131n\u0131f\u0131-So\u011futma A++<br \/>\nRenk: Beyaz<br \/>\nFiyatlar\u0131m\u0131za KDV ve kargo \u00fccreti dahildir.<\/p>\n","protected":false},"featured_media":2814,"comment_status":"open","ping_status":"closed","template":"","meta":{"_monsterinsights_skip_tracking":false,"_monsterinsights_sitenote_active":false,"_monsterinsights_sitenote_note":"","_monsterinsights_sitenote_category":0},"product_brand":[],"product_cat":[40],"product_tag":[2923,284,2924,258,74,283,276],"class_list":{"0":"post-2813","1":"product","2":"type-product","3":"status-publish","4":"has-post-thumbnail","6":"product_cat-klima","7":"product_tag-18000-btu","8":"product_tag-comfort","9":"product_tag-duvar-tipi-inverter-klima","10":"product_tag-inverter","11":"product_tag-klima","12":"product_tag-sgm18invdmr","13":"product_tag-sigma","15":"first","16":"outofstock","17":"taxable","18":"shipping-taxable","19":"purchasable","20":"product-type-simple"},"_links":{"self":[{"href":"https:\/\/parcavs.com\/index.php\/wp-json\/wp\/v2\/product\/2813","targetHints":{"allow":["GET"]}}],"collection":[{"href":"https:\/\/parcavs.com\/index.php\/wp-json\/wp\/v2\/product"}],"about":[{"href":"https:\/\/parcavs.com\/index.php\/wp-json\/wp\/v2\/types\/product"}],"replies":[{"embeddable":true,"href":"https:\/\/parcavs.com\/index.php\/wp-json\/wp\/v2\/comments?post=2813"}],"version-history":[{"count":5,"href":"https:\/\/parcavs.com\/index.php\/wp-json\/wp\/v2\/product\/2813\/revisions"}],"predecessor-version":[{"id":9454,"href":"https:\/\/parcavs.com\/index.php\/wp-json\/wp\/v2\/product\/2813\/revisions\/9454"}],"wp:featuredmedia":[{"embeddable":true,"href":"https:\/\/parcavs.com\/index.php\/wp-json\/wp\/v2\/media\/2814"}],"wp:attachment":[{"href":"https:\/\/parcavs.com\/index.php\/wp-json\/wp\/v2\/media?parent=2813"}],"wp:term":[{"taxonomy":"product_brand","embeddable":true,"href":"https:\/\/parcavs.com\/index.php\/wp-json\/wp\/v2\/product_brand?post=2813"},{"taxonomy":"product_cat","embeddable":true,"href":"https:\/\/parcavs.com\/index.php\/wp-json\/wp\/v2\/product_cat?post=2813"},{"taxonomy":"product_tag","embeddable":true,"href":"https:\/\/parcavs.com\/index.php\/wp-json\/wp\/v2\/product_tag?post=2813"}],"curies":[{"name":"wp","href":"https:\/\/api.w.org\/{rel}","templated":true}]}}