{"id":2822,"date":"2021-04-01T16:22:17","date_gmt":"2021-04-01T13:22:17","guid":{"rendered":"https:\/\/parcavs.com\/?post_type=product&#038;p=2822"},"modified":"2023-03-11T12:13:30","modified_gmt":"2023-03-11T10:13:30","slug":"sigma-comfort-sgm24invdmr-inverter-duvar-tipi-klima-24000-btu-a","status":"publish","type":"product","link":"https:\/\/parcavs.com\/index.php\/product\/sigma-comfort-sgm24invdmr-inverter-duvar-tipi-klima-24000-btu-a\/","title":{"rendered":"Sigma Comfort SGM24INVDMR Inverter Duvar Tipi Klima 24000 Btu A++"},"content":{"rendered":"<p>Sigma Comfort SGM24INVDMR 24000 Btu A++ Inverter Duvar Tipi Klima<\/p>\n<p>Klima Tipi: Duvar<br \/>\nIs\u0131tma Kapasitesi: 24000 Btu<br \/>\nKlima Teknolojisi: Inverter<br \/>\nMarka: Sigma<br \/>\nEnerji S\u0131n\u0131f\u0131-Is\u0131tma A++<br \/>\nEnerji S\u0131n\u0131f\u0131-So\u011futma A++<\/p>\n","protected":false},"excerpt":{"rendered":"<p>Sigma Comfort SGM24INVDMR 24000 Btu A++ Inverter Duvar Tipi Klima \u00d6zellikleri<\/p>\n<p>Klima Tipi: Duvar<br \/>\nIs\u0131tma Kapasitesi: 24000 Btu<br \/>\nKlima Teknolojisi: Inverter<br \/>\nMarka: Sigma<br \/>\nEnerji S\u0131n\u0131f\u0131-Is\u0131tma A++<br \/>\nEnerji S\u0131n\u0131f\u0131-So\u011futma A++<br \/>\nFiyatlar\u0131m\u0131za KDV ve kargo \u00fccreti dahildir.<\/p>\n","protected":false},"featured_media":2823,"comment_status":"open","ping_status":"closed","template":"","meta":{"_monsterinsights_skip_tracking":false,"_monsterinsights_sitenote_active":false,"_monsterinsights_sitenote_note":"","_monsterinsights_sitenote_category":0},"product_brand":[],"product_cat":[40],"product_tag":[264,284,254,258,74,286,276],"class_list":{"0":"post-2822","1":"product","2":"type-product","3":"status-publish","4":"has-post-thumbnail","6":"product_cat-klima","7":"product_tag-24000btu","8":"product_tag-comfort","9":"product_tag-duvar","10":"product_tag-inverter","11":"product_tag-klima","12":"product_tag-sgm24invdmr","13":"product_tag-sigma","15":"first","16":"outofstock","17":"taxable","18":"shipping-taxable","19":"purchasable","20":"product-type-simple"},"_links":{"self":[{"href":"https:\/\/parcavs.com\/index.php\/wp-json\/wp\/v2\/product\/2822","targetHints":{"allow":["GET"]}}],"collection":[{"href":"https:\/\/parcavs.com\/index.php\/wp-json\/wp\/v2\/product"}],"about":[{"href":"https:\/\/parcavs.com\/index.php\/wp-json\/wp\/v2\/types\/product"}],"replies":[{"embeddable":true,"href":"https:\/\/parcavs.com\/index.php\/wp-json\/wp\/v2\/comments?post=2822"}],"version-history":[{"count":3,"href":"https:\/\/parcavs.com\/index.php\/wp-json\/wp\/v2\/product\/2822\/revisions"}],"predecessor-version":[{"id":7974,"href":"https:\/\/parcavs.com\/index.php\/wp-json\/wp\/v2\/product\/2822\/revisions\/7974"}],"wp:featuredmedia":[{"embeddable":true,"href":"https:\/\/parcavs.com\/index.php\/wp-json\/wp\/v2\/media\/2823"}],"wp:attachment":[{"href":"https:\/\/parcavs.com\/index.php\/wp-json\/wp\/v2\/media?parent=2822"}],"wp:term":[{"taxonomy":"product_brand","embeddable":true,"href":"https:\/\/parcavs.com\/index.php\/wp-json\/wp\/v2\/product_brand?post=2822"},{"taxonomy":"product_cat","embeddable":true,"href":"https:\/\/parcavs.com\/index.php\/wp-json\/wp\/v2\/product_cat?post=2822"},{"taxonomy":"product_tag","embeddable":true,"href":"https:\/\/parcavs.com\/index.php\/wp-json\/wp\/v2\/product_tag?post=2822"}],"curies":[{"name":"wp","href":"https:\/\/api.w.org\/{rel}","templated":true}]}}