{"id":2831,"date":"2021-04-02T09:33:47","date_gmt":"2021-04-02T06:33:47","guid":{"rendered":"https:\/\/parcavs.com\/?post_type=product&#038;p=2831"},"modified":"2022-01-14T14:54:47","modified_gmt":"2022-01-14T12:54:47","slug":"sigma-plus-sgm24invdme-duvar-tipi-klima-24000-btu","status":"publish","type":"product","link":"https:\/\/parcavs.com\/index.php\/product\/sigma-plus-sgm24invdme-duvar-tipi-klima-24000-btu\/","title":{"rendered":"Sigma Plus SGM24INVDME Duvar Tipi Klima 24000 BTU"},"content":{"rendered":"<p>Sigma Plus SGM24INVDME 24000 BTU Duvar Tipi Klima<\/p>\n<p>Klima Tipi: Duvar<br \/>\nIs\u0131tma Kapasitesi: 24000 Btu<br \/>\nSo\u011futma Kapasitesi: 22860 Btu<br \/>\nMarka: Sigma<br \/>\nEnerji S\u0131n\u0131f\u0131-Is\u0131tma A++<\/p>\n","protected":false},"excerpt":{"rendered":"<p>Sigma Plus SGM24INVDME 24000 BTU Duvar Tipi Klima \u00d6zellikleri:<\/p>\n<p>Klima Tipi: Duvar<br \/>\nIs\u0131tma Kapasitesi: 24000 Btu<br \/>\nSo\u011futma Kapasitesi: 22860 Btu<br \/>\nMarka: Sigma<br \/>\nEnerji S\u0131n\u0131f\u0131-Is\u0131tma A++<\/p>\n<p>Fiyatlar\u0131m\u0131za KDV ve kargo \u00fccreti dahildir.<\/p>\n","protected":false},"featured_media":2832,"comment_status":"open","ping_status":"closed","template":"","meta":{"_monsterinsights_skip_tracking":false,"_monsterinsights_sitenote_active":false,"_monsterinsights_sitenote_note":"","_monsterinsights_sitenote_category":0},"product_brand":[],"product_cat":[40],"product_tag":[264,254,74,291,292,276],"class_list":{"0":"post-2831","1":"product","2":"type-product","3":"status-publish","4":"has-post-thumbnail","6":"product_cat-klima","7":"product_tag-24000btu","8":"product_tag-duvar","9":"product_tag-klima","10":"product_tag-plus","11":"product_tag-sgm24invdme","12":"product_tag-sigma","14":"first","15":"outofstock","16":"taxable","17":"shipping-taxable","18":"purchasable","19":"product-type-simple"},"_links":{"self":[{"href":"https:\/\/parcavs.com\/index.php\/wp-json\/wp\/v2\/product\/2831","targetHints":{"allow":["GET"]}}],"collection":[{"href":"https:\/\/parcavs.com\/index.php\/wp-json\/wp\/v2\/product"}],"about":[{"href":"https:\/\/parcavs.com\/index.php\/wp-json\/wp\/v2\/types\/product"}],"replies":[{"embeddable":true,"href":"https:\/\/parcavs.com\/index.php\/wp-json\/wp\/v2\/comments?post=2831"}],"version-history":[{"count":2,"href":"https:\/\/parcavs.com\/index.php\/wp-json\/wp\/v2\/product\/2831\/revisions"}],"predecessor-version":[{"id":8138,"href":"https:\/\/parcavs.com\/index.php\/wp-json\/wp\/v2\/product\/2831\/revisions\/8138"}],"wp:featuredmedia":[{"embeddable":true,"href":"https:\/\/parcavs.com\/index.php\/wp-json\/wp\/v2\/media\/2832"}],"wp:attachment":[{"href":"https:\/\/parcavs.com\/index.php\/wp-json\/wp\/v2\/media?parent=2831"}],"wp:term":[{"taxonomy":"product_brand","embeddable":true,"href":"https:\/\/parcavs.com\/index.php\/wp-json\/wp\/v2\/product_brand?post=2831"},{"taxonomy":"product_cat","embeddable":true,"href":"https:\/\/parcavs.com\/index.php\/wp-json\/wp\/v2\/product_cat?post=2831"},{"taxonomy":"product_tag","embeddable":true,"href":"https:\/\/parcavs.com\/index.php\/wp-json\/wp\/v2\/product_tag?post=2831"}],"curies":[{"name":"wp","href":"https:\/\/api.w.org\/{rel}","templated":true}]}}