{"id":28311,"date":"2024-01-27T09:27:43","date_gmt":"2024-01-27T07:27:43","guid":{"rendered":"https:\/\/parcavs.com\/?post_type=product&#038;p=28311"},"modified":"2025-05-14T00:00:11","modified_gmt":"2025-05-13T21:00:11","slug":"stebel-3lu-havali-korna-12v-8007850000411","status":"publish","type":"product","link":"https:\/\/parcavs.com\/index.php\/product\/stebel-3lu-havali-korna-12v-8007850000411\/","title":{"rendered":"Stebel 3&#8217;l\u00fc Haval\u0131 Korna 12V 8007850000411"},"content":{"rendered":"<p>8007850000411 Stebel 3&#8217;l\u00fc Haval\u0131 Korna 12V<br \/>\nKorna 3&#8217;l\u00fc Haval\u0131 Stebel<br \/>\n\u00dcretici Firma: Stebel \u0130taly<br \/>\n. R\u00f6le kutu i\u00e7erisinde mevcuttur.<br \/>\n. Temel Frekans: 530 and 700 Hz \u00b15%.<br \/>\n. Ses Bas\u0131n\u00e7 Seviyesi: 115 dB(A)<br \/>\n. Ses Reaksiyon S\u00fcresi: 120 msec<br \/>\n. Dayan\u0131kl\u0131l\u0131k Testi: 50.000 on\/off.<br \/>\n. \u00dcr\u00fcn Ebat: 150x112x95 mm<br \/>\nFiyatlar\u0131m\u0131za KDV \u00fccreti dahildir<br \/>\nAd\u0131n\u0131za fatural\u0131 olarak g\u00f6nderilecektir.<br \/>\nKargo ta\u015f\u0131ma \u00fccreti al\u0131c\u0131ya aittir.<br \/>\nAnla\u015fmal\u0131 oldu\u011fumuz kargo firmas\u0131 arac\u0131l\u0131\u011f\u0131yla<br \/>\n\u00dccret al\u0131c\u0131 olarak taraf\u0131n\u0131za g\u00f6nderilecektir.<\/p>\n<p>&nbsp;<\/p>\n<p>&nbsp;<\/p>\n","protected":false},"excerpt":{"rendered":"<p>8007850000411 <strong>Stebel<\/strong> 3&#8217;l\u00fc Haval\u0131 Korna 12V<br \/>\n<strong>Korna 3&#8217;l\u00fc Haval\u0131<\/strong> Stebel<br \/>\n\u00dcretici Firma: <strong>Stebel<\/strong> \u0130taly<br \/>\n. R\u00f6le kutu i\u00e7erisinde mevcuttur.<br \/>\n. Temel Frekans: 530 and 700 Hz \u00b15%.<br \/>\n. Ses Bas\u0131n\u00e7 Seviyesi: 115 dB(A)<br \/>\n. Ses Reaksiyon S\u00fcresi: 120 msec<br \/>\n. Dayan\u0131kl\u0131l\u0131k Testi: 50.000 on\/off.<br \/>\n. \u00dcr\u00fcn Ebat: 150x112x95 mm<br \/>\nFiyatlar\u0131m\u0131za <strong>KDV<\/strong> \u00fccreti dahildir<br \/>\nAd\u0131n\u0131za <strong>fatural\u0131<\/strong> olarak g\u00f6nderilecektir.<br \/>\n<strong>Kargo<\/strong> ta\u015f\u0131ma \u00fccreti <strong>al\u0131c\u0131ya<\/strong> aittir.<\/p>\n","protected":false},"featured_media":28312,"comment_status":"open","ping_status":"closed","template":"","meta":{"_monsterinsights_skip_tracking":false,"_monsterinsights_sitenote_active":false,"_monsterinsights_sitenote_note":"","_monsterinsights_sitenote_category":0},"product_brand":[],"product_cat":[15],"product_tag":[8004,8006,8005,8003],"class_list":{"0":"post-28311","1":"product","2":"type-product","3":"status-publish","4":"has-post-thumbnail","6":"product_cat-diger","7":"product_tag-3lu-havali-korna-12v","8":"product_tag-8006","9":"product_tag-korna-3lu-havali","10":"product_tag-stebel","12":"first","13":"outofstock","14":"taxable","15":"shipping-taxable","16":"purchasable","17":"product-type-simple"},"_links":{"self":[{"href":"https:\/\/parcavs.com\/index.php\/wp-json\/wp\/v2\/product\/28311","targetHints":{"allow":["GET"]}}],"collection":[{"href":"https:\/\/parcavs.com\/index.php\/wp-json\/wp\/v2\/product"}],"about":[{"href":"https:\/\/parcavs.com\/index.php\/wp-json\/wp\/v2\/types\/product"}],"replies":[{"embeddable":true,"href":"https:\/\/parcavs.com\/index.php\/wp-json\/wp\/v2\/comments?post=28311"}],"version-history":[{"count":1,"href":"https:\/\/parcavs.com\/index.php\/wp-json\/wp\/v2\/product\/28311\/revisions"}],"predecessor-version":[{"id":28313,"href":"https:\/\/parcavs.com\/index.php\/wp-json\/wp\/v2\/product\/28311\/revisions\/28313"}],"wp:featuredmedia":[{"embeddable":true,"href":"https:\/\/parcavs.com\/index.php\/wp-json\/wp\/v2\/media\/28312"}],"wp:attachment":[{"href":"https:\/\/parcavs.com\/index.php\/wp-json\/wp\/v2\/media?parent=28311"}],"wp:term":[{"taxonomy":"product_brand","embeddable":true,"href":"https:\/\/parcavs.com\/index.php\/wp-json\/wp\/v2\/product_brand?post=28311"},{"taxonomy":"product_cat","embeddable":true,"href":"https:\/\/parcavs.com\/index.php\/wp-json\/wp\/v2\/product_cat?post=28311"},{"taxonomy":"product_tag","embeddable":true,"href":"https:\/\/parcavs.com\/index.php\/wp-json\/wp\/v2\/product_tag?post=28311"}],"curies":[{"name":"wp","href":"https:\/\/api.w.org\/{rel}","templated":true}]}}