{"id":2849,"date":"2021-04-02T11:08:11","date_gmt":"2021-04-02T08:08:11","guid":{"rendered":"https:\/\/parcavs.com\/?post_type=product&#038;p=2849"},"modified":"2025-03-25T00:00:12","modified_gmt":"2025-03-24T22:00:12","slug":"sigma-exclusive-sgm12invdmx-sl-inverter-duvar-tipi-klima-12000-btu","status":"publish","type":"product","link":"https:\/\/parcavs.com\/index.php\/product\/sigma-exclusive-sgm12invdmx-sl-inverter-duvar-tipi-klima-12000-btu\/","title":{"rendered":"Sigma Exclusive SGM12INVDMX-SL Inverter Duvar Tipi Klima 12000 BTU"},"content":{"rendered":"<p>Sigma Exclusive SGM12INVDMX-SL 12000 BTU Inverter Duvar Tipi Klima<br \/>\nRenk: G\u00fcm\u00fc\u015f<br \/>\nKapasite\/ Is\u0131tma 14.330 (3410-17740) BTU\/h<br \/>\nKapasite\/ So\u011futma 11.940 (3410-13650) BTU\/h<br \/>\nSEER (Ortalama) 8.5<br \/>\nSCOP (Ortalama) 4.6<br \/>\nG\u00fc\u00e7 Kayna\u011f\u0131\/ D\u0131\u015f \u00dcnite 220-240V,1Ph,50Hz V\/Ph\/Hz<br \/>\nEnerji S\u0131n\u0131f\u0131\/ Is\u0131tma (Ortalama) A+<br \/>\nEnerji S\u0131n\u0131f\u0131\/ So\u011futma (Ortalama) A++<br \/>\nEnerji T\u00fcketimi\/ Is\u0131tma 1.10 (0.5-1.6) kW<br \/>\nEnerji T\u00fcketimi\/ So\u011futma 0.88 (0.3-1.5) kW<br \/>\n\u00c7al\u0131\u015fma Ak\u0131m\u0131\/ So\u011futma 7.2 A<br \/>\nHava Debisi\/ \u0130\u00e7 \u00dcnite 650 m3\/h<br \/>\nSes Seviyesi\/ \u0130\u00e7 \u00dcnite (Y\/O\/D) 39\/33\/26\/17 dB(A)<br \/>\nSes Seviyesi\/ D\u0131\u015f \u00dcnite 48 dB(A)<br \/>\nBoyutlar (GxYxD)\/ D\u0131\u015f \u00dcnite 800\/275\/553 mm<br \/>\nBoyutlar (GxYxD)\/ \u0130\u00e7 \u00dcnite 856\/197\/300 mm<br \/>\nNet A\u011f\u0131rl\u0131k\/ D\u0131\u015f \u00dcnite 31.5 kg<br \/>\nNet A\u011f\u0131rl\u0131k\/ \u0130\u00e7 \u00dcnite 9.5 kg<br \/>\nBa\u011flant\u0131 Boru \u00c7aplar\u0131\/ Gaz 9,52(3\/8&#8243;) mm(inch)<br \/>\nBa\u011flant\u0131 Boru \u00c7aplar\u0131\/ S\u0131v\u0131 6.35(1\/4&#8243;) mm(inch)<br \/>\nMaksimum Borulama Uzunlu\u011fu 20 m<br \/>\nMaksimum Kot Fark\u0131 10 m<br \/>\nD\u0131\u015f Ortam \u00c7al\u0131\u015fma S\u0131cakl\u0131k Aral\u0131\u011f\u0131\/ Is\u0131tma -20\/24 \u00b0 C<br \/>\nD\u0131\u015f Ortam \u00c7al\u0131\u015fma S\u0131cakl\u0131k Aral\u0131\u011f\u0131\/ So\u011futma -20\/43 \u00b0 C<br \/>\nFiyatlar\u0131m\u0131za KDV \u00fccreti dahildir<br \/>\nAd\u0131n\u0131za fatural\u0131 olarak g\u00f6nderilecektir.<br \/>\n\u00dccretsiz kargo ve \u00dccretsiz montaj<\/p>\n","protected":false},"excerpt":{"rendered":"<p>Sigma Exclusive SGM12INVDMX-SL 12000 BTU Inverter Duvar Tipi Klima \u00d6zellikleri:<br \/>\nRenk: G\u00fcm\u00fc\u015f<br \/>\nKapasite\/ Is\u0131tma 14.330 (3410-17740) BTU\/h<br \/>\nKapasite\/ So\u011futma 11.940 (3410-13650) BTU\/h<br \/>\nSEER (Ortalama) 8.5<br \/>\nSCOP (Ortalama) 4.6<br \/>\nG\u00fc\u00e7 Kayna\u011f\u0131\/ D\u0131\u015f \u00dcnite 220-240V,1Ph,50Hz V\/Ph\/Hz<br \/>\nEnerji S\u0131n\u0131f\u0131\/ Is\u0131tma (Ortalama) A+<br \/>\nEnerji S\u0131n\u0131f\u0131\/ So\u011futma (Ortalama) A++<br \/>\nEnerji T\u00fcketimi\/ Is\u0131tma 1.10 (0.5-1.6) kW<br \/>\nEnerji T\u00fcketimi\/ So\u011futma 0.88 (0.3-1.5) kW<br \/>\n\u00c7al\u0131\u015fma Ak\u0131m\u0131\/ So\u011futma 7.2 A<br \/>\nHava Debisi\/ \u0130\u00e7 \u00dcnite 650 m3\/h<br \/>\nSes Seviyesi\/ \u0130\u00e7 \u00dcnite (Y\/O\/D) 39\/33\/26\/17 dB(A)<br \/>\nSes Seviyesi\/ D\u0131\u015f \u00dcnite 48 dB(A)<br \/>\nBoyutlar (GxYxD)\/ D\u0131\u015f \u00dcnite 800\/275\/553 mm<br \/>\nBoyutlar (GxYxD)\/ \u0130\u00e7 \u00dcnite 856\/197\/300 mm<br \/>\nNet A\u011f\u0131rl\u0131k\/ D\u0131\u015f \u00dcnite 31.5 kg<br \/>\nNet A\u011f\u0131rl\u0131k\/ \u0130\u00e7 \u00dcnite 9.5 kg<br \/>\nBa\u011flant\u0131 Boru \u00c7aplar\u0131\/ Gaz 9,52(3\/8&#8243;) mm(inch)<br \/>\nBa\u011flant\u0131 Boru \u00c7aplar\u0131\/ S\u0131v\u0131 6.35(1\/4&#8243;) mm(inch)<br \/>\nMaksimum Borulama Uzunlu\u011fu 20 m<br \/>\nMaksimum Kot Fark\u0131 10 m<br \/>\nD\u0131\u015f Ortam \u00c7al\u0131\u015fma S\u0131cakl\u0131k Aral\u0131\u011f\u0131\/ Is\u0131tma -20\/24 \u00b0 C<br \/>\nD\u0131\u015f Ortam \u00c7al\u0131\u015fma S\u0131cakl\u0131k Aral\u0131\u011f\u0131\/ So\u011futma -20\/43 \u00b0 C<br \/>\nFiyatlar\u0131m\u0131za KDV \u00fccreti dahildir<br \/>\nAd\u0131n\u0131za fatural\u0131 olarak g\u00f6nderilecektir.<br \/>\n\u00dccretsiz kargo ve \u00dccretsiz montaj<\/p>\n","protected":false},"featured_media":2851,"comment_status":"open","ping_status":"closed","template":"","meta":{"_monsterinsights_skip_tracking":false,"_monsterinsights_sitenote_active":false,"_monsterinsights_sitenote_note":"","_monsterinsights_sitenote_category":0},"product_brand":[],"product_cat":[40],"product_tag":[256,254,278,258,74,300,276],"class_list":{"0":"post-2849","1":"product","2":"type-product","3":"status-publish","4":"has-post-thumbnail","6":"product_cat-klima","7":"product_tag-12000btu","8":"product_tag-duvar","9":"product_tag-exclusive","10":"product_tag-inverter","11":"product_tag-klima","12":"product_tag-sgm12invdmx-sl","13":"product_tag-sigma","15":"first","16":"instock","17":"taxable","18":"shipping-taxable","19":"purchasable","20":"product-type-simple"},"_links":{"self":[{"href":"https:\/\/parcavs.com\/index.php\/wp-json\/wp\/v2\/product\/2849","targetHints":{"allow":["GET"]}}],"collection":[{"href":"https:\/\/parcavs.com\/index.php\/wp-json\/wp\/v2\/product"}],"about":[{"href":"https:\/\/parcavs.com\/index.php\/wp-json\/wp\/v2\/types\/product"}],"replies":[{"embeddable":true,"href":"https:\/\/parcavs.com\/index.php\/wp-json\/wp\/v2\/comments?post=2849"}],"version-history":[{"count":5,"href":"https:\/\/parcavs.com\/index.php\/wp-json\/wp\/v2\/product\/2849\/revisions"}],"predecessor-version":[{"id":36490,"href":"https:\/\/parcavs.com\/index.php\/wp-json\/wp\/v2\/product\/2849\/revisions\/36490"}],"wp:featuredmedia":[{"embeddable":true,"href":"https:\/\/parcavs.com\/index.php\/wp-json\/wp\/v2\/media\/2851"}],"wp:attachment":[{"href":"https:\/\/parcavs.com\/index.php\/wp-json\/wp\/v2\/media?parent=2849"}],"wp:term":[{"taxonomy":"product_brand","embeddable":true,"href":"https:\/\/parcavs.com\/index.php\/wp-json\/wp\/v2\/product_brand?post=2849"},{"taxonomy":"product_cat","embeddable":true,"href":"https:\/\/parcavs.com\/index.php\/wp-json\/wp\/v2\/product_cat?post=2849"},{"taxonomy":"product_tag","embeddable":true,"href":"https:\/\/parcavs.com\/index.php\/wp-json\/wp\/v2\/product_tag?post=2849"}],"curies":[{"name":"wp","href":"https:\/\/api.w.org\/{rel}","templated":true}]}}