{"id":28496,"date":"2024-01-30T15:56:16","date_gmt":"2024-01-30T13:56:16","guid":{"rendered":"https:\/\/parcavs.com\/?post_type=product&#038;p=28496"},"modified":"2024-07-31T00:00:16","modified_gmt":"2024-07-30T21:00:16","slug":"dacia-logan-sandero-2-sol-stop-lambasi-265550577r","status":"publish","type":"product","link":"https:\/\/parcavs.com\/index.php\/product\/dacia-logan-sandero-2-sol-stop-lambasi-265550577r\/","title":{"rendered":"Dacia Logan Sandero 2 Sol Stop lambas\u0131 265550577R"},"content":{"rendered":"<p>265550577R Dacia Logan Sandero 2 Sol Stop lambas\u0131<br \/>\nStop lambas\u0131 Sol Dacia<br \/>\n\u00dctretici Firma : Valeo<br \/>\nFiyatlar\u0131m\u0131za KDV \u00fccreti dahildir<br \/>\nAd\u0131n\u0131za fatural\u0131 olarak g\u00f6nderilecektir.<br \/>\nKargo ta\u015f\u0131ma \u00fccreti al\u0131c\u0131ya aittir.<br \/>\nAnla\u015fmal\u0131 oldu\u011fumuz kargo firmas\u0131 arac\u0131l\u0131\u011f\u0131yla<br \/>\n\u00dccret al\u0131c\u0131 olarak taraf\u0131n\u0131za g\u00f6nderilecektir.<\/p>\n","protected":false},"excerpt":{"rendered":"<p><strong>265550577R<\/strong> Dacia <strong>Logan<\/strong> Sandero 2 <strong>Sol Stop lambas\u0131<\/strong><br \/>\n<strong>Stop lambas\u0131 Sol<\/strong> Dacia<br \/>\n\u00dctretici Firma : <strong>Valeo<\/strong><br \/>\nFiyatlar\u0131m\u0131za <strong>KDV<\/strong> \u00fccreti dahildir<br \/>\nAd\u0131n\u0131za <strong>fatural\u0131<\/strong> olarak g\u00f6nderilecektir.<br \/>\n<strong>Kargo<\/strong> ta\u015f\u0131ma \u00fccreti <strong>al\u0131c\u0131ya<\/strong> aittir.<\/p>\n<p>Not: G\u00f6rselde K\u0131r\u0131k oldu\u011fu belirtilmi\u015ftir.Fiyat ona g\u00f6re ayarlanm\u0131\u015ft\u0131r.<\/p>\n","protected":false},"featured_media":28497,"comment_status":"open","ping_status":"closed","template":"","meta":{"_monsterinsights_skip_tracking":false,"_monsterinsights_sitenote_active":false,"_monsterinsights_sitenote_note":"","_monsterinsights_sitenote_category":0},"product_brand":[],"product_cat":[15],"product_tag":[8222,8219,8220,8221,903,3609],"class_list":{"0":"post-28496","1":"product","2":"type-product","3":"status-publish","4":"has-post-thumbnail","6":"product_cat-diger","7":"product_tag-265550577r","8":"product_tag-dacia","9":"product_tag-logan","10":"product_tag-sandero-2","11":"product_tag-sol-stop-lambasi","12":"product_tag-stop-lambasi-sol","14":"first","15":"instock","16":"taxable","17":"shipping-taxable","18":"purchasable","19":"product-type-simple"},"_links":{"self":[{"href":"https:\/\/parcavs.com\/index.php\/wp-json\/wp\/v2\/product\/28496","targetHints":{"allow":["GET"]}}],"collection":[{"href":"https:\/\/parcavs.com\/index.php\/wp-json\/wp\/v2\/product"}],"about":[{"href":"https:\/\/parcavs.com\/index.php\/wp-json\/wp\/v2\/types\/product"}],"replies":[{"embeddable":true,"href":"https:\/\/parcavs.com\/index.php\/wp-json\/wp\/v2\/comments?post=28496"}],"version-history":[{"count":2,"href":"https:\/\/parcavs.com\/index.php\/wp-json\/wp\/v2\/product\/28496\/revisions"}],"predecessor-version":[{"id":28501,"href":"https:\/\/parcavs.com\/index.php\/wp-json\/wp\/v2\/product\/28496\/revisions\/28501"}],"wp:featuredmedia":[{"embeddable":true,"href":"https:\/\/parcavs.com\/index.php\/wp-json\/wp\/v2\/media\/28497"}],"wp:attachment":[{"href":"https:\/\/parcavs.com\/index.php\/wp-json\/wp\/v2\/media?parent=28496"}],"wp:term":[{"taxonomy":"product_brand","embeddable":true,"href":"https:\/\/parcavs.com\/index.php\/wp-json\/wp\/v2\/product_brand?post=28496"},{"taxonomy":"product_cat","embeddable":true,"href":"https:\/\/parcavs.com\/index.php\/wp-json\/wp\/v2\/product_cat?post=28496"},{"taxonomy":"product_tag","embeddable":true,"href":"https:\/\/parcavs.com\/index.php\/wp-json\/wp\/v2\/product_tag?post=28496"}],"curies":[{"name":"wp","href":"https:\/\/api.w.org\/{rel}","templated":true}]}}