{"id":2853,"date":"2021-04-02T11:18:32","date_gmt":"2021-04-02T08:18:32","guid":{"rendered":"https:\/\/parcavs.com\/?post_type=product&#038;p=2853"},"modified":"2023-12-01T07:41:22","modified_gmt":"2023-12-01T05:41:22","slug":"sigma-plus-sgm18invdme-duvar-tipi-inverter-klima-18-000-btu","status":"publish","type":"product","link":"https:\/\/parcavs.com\/index.php\/product\/sigma-plus-sgm18invdme-duvar-tipi-inverter-klima-18-000-btu\/","title":{"rendered":"Sigma Plus SGM18INVDME Duvar Tipi Inverter Klima 18.000 BTU"},"content":{"rendered":"<p>Sigma Plus SGM18INVDME 18.000 BTU Duvar Tipi Inverter Klima<\/p>\n<p>Klima Tipi: Duvar<br \/>\nIs\u0131tma Kapasitesi: 18000 Btu<br \/>\nSo\u011futma Kapasitesi: 18000 Btu<br \/>\nKlima Teknolojisi: Inverter<br \/>\nMarka: Sigma<br \/>\nEnerji S\u0131n\u0131f\u0131-Is\u0131tma A+<br \/>\nEnerji S\u0131n\u0131f\u0131-So\u011futma A++<\/p>\n","protected":false},"excerpt":{"rendered":"<p>Sigma Plus SGM18INVDME 18.000 BTU Duvar Tipi Inverter Klima \u00d6zellikleri<\/p>\n<p>Klima Tipi: Duvar<br \/>\nIs\u0131tma Kapasitesi: 18000 Btu<br \/>\nSo\u011futma Kapasitesi: 18000 Btu<br \/>\nKlima Teknolojisi: Inverter<br \/>\nMarka: Sigma<br \/>\nEnerji S\u0131n\u0131f\u0131-Is\u0131tma A+<br \/>\nEnerji S\u0131n\u0131f\u0131-So\u011futma A++<\/p>\n<p>Fiyatlar\u0131m\u0131za KDV ve kargo \u00fccreti dahildir.<\/p>\n","protected":false},"featured_media":2855,"comment_status":"open","ping_status":"closed","template":"","meta":{"_monsterinsights_skip_tracking":false,"_monsterinsights_sitenote_active":false,"_monsterinsights_sitenote_note":"","_monsterinsights_sitenote_category":0},"product_brand":[],"product_cat":[40],"product_tag":[261,254,258,74,291,301,276],"class_list":{"0":"post-2853","1":"product","2":"type-product","3":"status-publish","4":"has-post-thumbnail","6":"product_cat-klima","7":"product_tag-18000btu","8":"product_tag-duvar","9":"product_tag-inverter","10":"product_tag-klima","11":"product_tag-plus","12":"product_tag-sgm18invdme","13":"product_tag-sigma","15":"first","16":"outofstock","17":"taxable","18":"shipping-taxable","19":"purchasable","20":"product-type-simple"},"_links":{"self":[{"href":"https:\/\/parcavs.com\/index.php\/wp-json\/wp\/v2\/product\/2853","targetHints":{"allow":["GET"]}}],"collection":[{"href":"https:\/\/parcavs.com\/index.php\/wp-json\/wp\/v2\/product"}],"about":[{"href":"https:\/\/parcavs.com\/index.php\/wp-json\/wp\/v2\/types\/product"}],"replies":[{"embeddable":true,"href":"https:\/\/parcavs.com\/index.php\/wp-json\/wp\/v2\/comments?post=2853"}],"version-history":[{"count":3,"href":"https:\/\/parcavs.com\/index.php\/wp-json\/wp\/v2\/product\/2853\/revisions"}],"predecessor-version":[{"id":7987,"href":"https:\/\/parcavs.com\/index.php\/wp-json\/wp\/v2\/product\/2853\/revisions\/7987"}],"wp:featuredmedia":[{"embeddable":true,"href":"https:\/\/parcavs.com\/index.php\/wp-json\/wp\/v2\/media\/2855"}],"wp:attachment":[{"href":"https:\/\/parcavs.com\/index.php\/wp-json\/wp\/v2\/media?parent=2853"}],"wp:term":[{"taxonomy":"product_brand","embeddable":true,"href":"https:\/\/parcavs.com\/index.php\/wp-json\/wp\/v2\/product_brand?post=2853"},{"taxonomy":"product_cat","embeddable":true,"href":"https:\/\/parcavs.com\/index.php\/wp-json\/wp\/v2\/product_cat?post=2853"},{"taxonomy":"product_tag","embeddable":true,"href":"https:\/\/parcavs.com\/index.php\/wp-json\/wp\/v2\/product_tag?post=2853"}],"curies":[{"name":"wp","href":"https:\/\/api.w.org\/{rel}","templated":true}]}}