{"id":28530,"date":"2024-01-31T14:29:09","date_gmt":"2024-01-31T12:29:09","guid":{"rendered":"https:\/\/parcavs.com\/?post_type=product&#038;p=28530"},"modified":"2024-08-01T00:00:06","modified_gmt":"2024-07-31T21:00:06","slug":"atom-far-fisi-lehimli-1-5-2-5-0-75mm-kablolu-8690001000776","status":"publish","type":"product","link":"https:\/\/parcavs.com\/index.php\/product\/atom-far-fisi-lehimli-1-5-2-5-0-75mm-kablolu-8690001000776\/","title":{"rendered":"Atom Far Fi\u015fi Lehimli 1.5-2.5 0.75mm Kablolu 8690001000776"},"content":{"rendered":"<p>8690001000776 Atom Far Fi\u015fi Lehimli 1.5-2.5 0.75mm Kablolu<br \/>\nLehimli Atom Far Fi\u015fi<br \/>\n\u00dcretici Firma: Mesa<br \/>\nFiyatlar\u0131m\u0131za KDV \u00fccreti dahildir<br \/>\nAd\u0131n\u0131za fatural\u0131 olarak g\u00f6nderilecektir.<br \/>\nKargo ta\u015f\u0131ma \u00fccreti al\u0131c\u0131ya aittir.<br \/>\nAnla\u015fmal\u0131 oldu\u011fumuz kargo firmas\u0131 arac\u0131l\u0131\u011f\u0131yla<br \/>\n\u00dccret al\u0131c\u0131 olarak taraf\u0131n\u0131za g\u00f6nderilecektir.<\/p>\n","protected":false},"excerpt":{"rendered":"<p><strong>8690001000776<\/strong> Atom <strong>Far<\/strong> Fi\u015fi Lehimli<strong> 1.5-2.5 0.75mm Kablolu<\/strong><br \/>\n<strong>Lehimli Atom Far<\/strong> Fi\u015fi<br \/>\n\u00dcretici Firma: <strong>Mesa<\/strong><br \/>\nFiyatlar\u0131m\u0131za <strong>KDV<\/strong> \u00fccreti dahildir<br \/>\nAd\u0131n\u0131za <strong>fatural\u0131<\/strong> olarak g\u00f6nderilecektir.<br \/>\n<strong>Kargo<\/strong> ta\u015f\u0131ma \u00fccreti <strong>al\u0131c\u0131ya<\/strong> aittir.<\/p>\n","protected":false},"featured_media":28531,"comment_status":"open","ping_status":"closed","template":"","meta":{"_monsterinsights_skip_tracking":false,"_monsterinsights_sitenote_active":false,"_monsterinsights_sitenote_note":"","_monsterinsights_sitenote_category":0},"product_brand":[],"product_cat":[15],"product_tag":[8245,1714,8242,8243,8244],"class_list":{"0":"post-28530","1":"product","2":"type-product","3":"status-publish","4":"has-post-thumbnail","6":"product_cat-diger","7":"product_tag-8245","8":"product_tag-atom-far","9":"product_tag-atom-far-fisi","10":"product_tag-atom-far-fisi-lehimli","11":"product_tag-atom-far-fisi-lehimli-1-5-2-5-0-75mm-kablolu","13":"first","14":"instock","15":"taxable","16":"shipping-taxable","17":"purchasable","18":"product-type-simple"},"_links":{"self":[{"href":"https:\/\/parcavs.com\/index.php\/wp-json\/wp\/v2\/product\/28530","targetHints":{"allow":["GET"]}}],"collection":[{"href":"https:\/\/parcavs.com\/index.php\/wp-json\/wp\/v2\/product"}],"about":[{"href":"https:\/\/parcavs.com\/index.php\/wp-json\/wp\/v2\/types\/product"}],"replies":[{"embeddable":true,"href":"https:\/\/parcavs.com\/index.php\/wp-json\/wp\/v2\/comments?post=28530"}],"version-history":[{"count":1,"href":"https:\/\/parcavs.com\/index.php\/wp-json\/wp\/v2\/product\/28530\/revisions"}],"predecessor-version":[{"id":28532,"href":"https:\/\/parcavs.com\/index.php\/wp-json\/wp\/v2\/product\/28530\/revisions\/28532"}],"wp:featuredmedia":[{"embeddable":true,"href":"https:\/\/parcavs.com\/index.php\/wp-json\/wp\/v2\/media\/28531"}],"wp:attachment":[{"href":"https:\/\/parcavs.com\/index.php\/wp-json\/wp\/v2\/media?parent=28530"}],"wp:term":[{"taxonomy":"product_brand","embeddable":true,"href":"https:\/\/parcavs.com\/index.php\/wp-json\/wp\/v2\/product_brand?post=28530"},{"taxonomy":"product_cat","embeddable":true,"href":"https:\/\/parcavs.com\/index.php\/wp-json\/wp\/v2\/product_cat?post=28530"},{"taxonomy":"product_tag","embeddable":true,"href":"https:\/\/parcavs.com\/index.php\/wp-json\/wp\/v2\/product_tag?post=28530"}],"curies":[{"name":"wp","href":"https:\/\/api.w.org\/{rel}","templated":true}]}}