{"id":28592,"date":"2024-02-01T16:57:40","date_gmt":"2024-02-01T14:57:40","guid":{"rendered":"https:\/\/parcavs.com\/?post_type=product&#038;p=28592"},"modified":"2024-08-02T00:00:11","modified_gmt":"2024-08-01T21:00:11","slug":"seger-kucuk-kafa-didit-korna-24-volt-kalin-ses-0020048","status":"publish","type":"product","link":"https:\/\/parcavs.com\/index.php\/product\/seger-kucuk-kafa-didit-korna-24-volt-kalin-ses-0020048\/","title":{"rendered":"Seger K\u00fc\u00e7\u00fck Kafa Didit Korna 24 Volt Kal\u0131n Ses 0020048"},"content":{"rendered":"<p>0020048 Seger K\u00fc\u00e7\u00fck Kafa Didit Korna 24 Volt Kal\u0131n Ses<br \/>\nKorna 24V 50F 435Hz Kal\u0131n Ses S\u0131vamal\u0131<br \/>\n\u00dcretici Firma: Seger<br \/>\nFiyatlar\u0131m\u0131za KDV \u00fccreti dahildir<br \/>\nAd\u0131n\u0131za fatural\u0131 olarak g\u00f6nderilecektir.<br \/>\nKargo ta\u015f\u0131ma \u00fccreti al\u0131c\u0131ya aittir.<br \/>\nAnla\u015fmal\u0131 oldu\u011fumuz kargo firmas\u0131 arac\u0131l\u0131\u011f\u0131yla<br \/>\n\u00dccret al\u0131c\u0131 olarak taraf\u0131n\u0131za g\u00f6nderilecektir.<\/p>\n","protected":false},"excerpt":{"rendered":"<p><strong>0020048<\/strong> Seger <strong>K\u00fc\u00e7\u00fck Kafa Didit Korna<\/strong> 24 Volt Kal\u0131n Ses<br \/>\n<strong>Korna<\/strong> 24V 50F <strong>435Hz<\/strong> Kal\u0131n<strong> Ses S\u0131vamal\u0131<\/strong><br \/>\n\u00dcretici Firma: <strong>Seger<\/strong><br \/>\nFiyatlar\u0131m\u0131za <strong>KDV<\/strong> \u00fccreti dahildir<br \/>\nAd\u0131n\u0131za <strong>fatural\u0131<\/strong> olarak g\u00f6nderilecektir.<br \/>\n<strong>Kargo<\/strong> ta\u015f\u0131ma \u00fccreti <strong>al\u0131c\u0131ya<\/strong> aittir.<\/p>\n","protected":false},"featured_media":28593,"comment_status":"open","ping_status":"closed","template":"","meta":{"_monsterinsights_skip_tracking":false,"_monsterinsights_sitenote_active":false,"_monsterinsights_sitenote_note":"","_monsterinsights_sitenote_category":0},"product_brand":[],"product_cat":[15],"product_tag":[8288,8287,8285,8286,8284,8289],"class_list":{"0":"post-28592","1":"product","2":"type-product","3":"status-publish","4":"has-post-thumbnail","6":"product_cat-diger","7":"product_tag-8288","8":"product_tag-korna-24v-50f-435hz-kalin-ses-sivamali","9":"product_tag-kucuk-kafa-didit-korna","10":"product_tag-kucuk-kafa-didit-korna-24-volt-kalin-ses","11":"product_tag-seger","12":"product_tag-seger-0020048","14":"first","15":"instock","16":"taxable","17":"shipping-taxable","18":"purchasable","19":"product-type-simple"},"_links":{"self":[{"href":"https:\/\/parcavs.com\/index.php\/wp-json\/wp\/v2\/product\/28592","targetHints":{"allow":["GET"]}}],"collection":[{"href":"https:\/\/parcavs.com\/index.php\/wp-json\/wp\/v2\/product"}],"about":[{"href":"https:\/\/parcavs.com\/index.php\/wp-json\/wp\/v2\/types\/product"}],"replies":[{"embeddable":true,"href":"https:\/\/parcavs.com\/index.php\/wp-json\/wp\/v2\/comments?post=28592"}],"version-history":[{"count":1,"href":"https:\/\/parcavs.com\/index.php\/wp-json\/wp\/v2\/product\/28592\/revisions"}],"predecessor-version":[{"id":28595,"href":"https:\/\/parcavs.com\/index.php\/wp-json\/wp\/v2\/product\/28592\/revisions\/28595"}],"wp:featuredmedia":[{"embeddable":true,"href":"https:\/\/parcavs.com\/index.php\/wp-json\/wp\/v2\/media\/28593"}],"wp:attachment":[{"href":"https:\/\/parcavs.com\/index.php\/wp-json\/wp\/v2\/media?parent=28592"}],"wp:term":[{"taxonomy":"product_brand","embeddable":true,"href":"https:\/\/parcavs.com\/index.php\/wp-json\/wp\/v2\/product_brand?post=28592"},{"taxonomy":"product_cat","embeddable":true,"href":"https:\/\/parcavs.com\/index.php\/wp-json\/wp\/v2\/product_cat?post=28592"},{"taxonomy":"product_tag","embeddable":true,"href":"https:\/\/parcavs.com\/index.php\/wp-json\/wp\/v2\/product_tag?post=28592"}],"curies":[{"name":"wp","href":"https:\/\/api.w.org\/{rel}","templated":true}]}}