{"id":28669,"date":"2024-02-02T13:54:29","date_gmt":"2024-02-02T11:54:29","guid":{"rendered":"https:\/\/parcavs.com\/?post_type=product&#038;p=28669"},"modified":"2024-08-03T00:00:09","modified_gmt":"2024-08-02T21:00:09","slug":"orjinal-skoda-fabia-arka-kapi-sag-ust-mentesesi-5j0833401c","status":"publish","type":"product","link":"https:\/\/parcavs.com\/index.php\/product\/orjinal-skoda-fabia-arka-kapi-sag-ust-mentesesi-5j0833401c\/","title":{"rendered":"Orjinal Skoda Fabia Arka Kap\u0131 Sa\u011f \u00dcst Mente\u015fesi 5J0833401C\u00a0"},"content":{"rendered":"<p>5J0833401C Orjinal Skoda Fabia Arka Kap\u0131 Sa\u011f \u00dcst Mente\u015fesi<br \/>\nSa\u011f \u00dcst Arka Kap\u0131 Mente\u015fe\u00a0 Skoda<br \/>\n%100 Orjinal Skoda Fabia Yedek Par\u00e7a<br \/>\nFiyatlar\u0131m\u0131za KDV \u00fccreti dahildir<br \/>\nAd\u0131n\u0131za fatural\u0131 olarak g\u00f6nderilecektir.<br \/>\nKargo ta\u015f\u0131ma \u00fccreti al\u0131c\u0131ya aittir.<br \/>\nAnla\u015fmal\u0131 oldu\u011fumuz kargo firmas\u0131 arac\u0131l\u0131\u011f\u0131yla<br \/>\n\u00dccret al\u0131c\u0131 olarak taraf\u0131n\u0131za g\u00f6nderilecektir.<\/p>\n","protected":false},"excerpt":{"rendered":"<p><strong>5J0833401C<\/strong> Orjinal <strong>Skoda<\/strong> Fabia <strong>Arka Kap\u0131 Sa\u011f \u00dcst Mente\u015fesi<\/strong><br \/>\n<strong>Sa\u011f \u00dcst Arka Kap\u0131 Mente\u015fe<\/strong> Skoda<br \/>\n%100 <strong>Orjinal<\/strong> Skoda <strong>Fabia<\/strong><br \/>\nFiyatlar\u0131m\u0131za <strong>KDV<\/strong> \u00fccreti dahildir<br \/>\nAd\u0131n\u0131za <strong>fatural\u0131<\/strong> olarak g\u00f6nderilecektir.<br \/>\n<strong>Kargo<\/strong> ta\u015f\u0131ma \u00fccreti <strong>al\u0131c\u0131ya<\/strong> aittir.<\/p>\n","protected":false},"featured_media":28670,"comment_status":"open","ping_status":"closed","template":"","meta":{"_monsterinsights_skip_tracking":false,"_monsterinsights_sitenote_active":false,"_monsterinsights_sitenote_note":"","_monsterinsights_sitenote_category":0},"product_brand":[],"product_cat":[15],"product_tag":[8325,8323,5565,8324,5564],"class_list":{"0":"post-28669","1":"product","2":"type-product","3":"status-publish","4":"has-post-thumbnail","6":"product_cat-diger","7":"product_tag-5j0833401c","8":"product_tag-arka-kapi-sag-ust-mentesesi","9":"product_tag-fabia","10":"product_tag-sag-ust-arka-kapi-mentese","11":"product_tag-skoda","13":"first","14":"instock","15":"taxable","16":"shipping-taxable","17":"purchasable","18":"product-type-simple"},"_links":{"self":[{"href":"https:\/\/parcavs.com\/index.php\/wp-json\/wp\/v2\/product\/28669","targetHints":{"allow":["GET"]}}],"collection":[{"href":"https:\/\/parcavs.com\/index.php\/wp-json\/wp\/v2\/product"}],"about":[{"href":"https:\/\/parcavs.com\/index.php\/wp-json\/wp\/v2\/types\/product"}],"replies":[{"embeddable":true,"href":"https:\/\/parcavs.com\/index.php\/wp-json\/wp\/v2\/comments?post=28669"}],"version-history":[{"count":1,"href":"https:\/\/parcavs.com\/index.php\/wp-json\/wp\/v2\/product\/28669\/revisions"}],"predecessor-version":[{"id":28673,"href":"https:\/\/parcavs.com\/index.php\/wp-json\/wp\/v2\/product\/28669\/revisions\/28673"}],"wp:featuredmedia":[{"embeddable":true,"href":"https:\/\/parcavs.com\/index.php\/wp-json\/wp\/v2\/media\/28670"}],"wp:attachment":[{"href":"https:\/\/parcavs.com\/index.php\/wp-json\/wp\/v2\/media?parent=28669"}],"wp:term":[{"taxonomy":"product_brand","embeddable":true,"href":"https:\/\/parcavs.com\/index.php\/wp-json\/wp\/v2\/product_brand?post=28669"},{"taxonomy":"product_cat","embeddable":true,"href":"https:\/\/parcavs.com\/index.php\/wp-json\/wp\/v2\/product_cat?post=28669"},{"taxonomy":"product_tag","embeddable":true,"href":"https:\/\/parcavs.com\/index.php\/wp-json\/wp\/v2\/product_tag?post=28669"}],"curies":[{"name":"wp","href":"https:\/\/api.w.org\/{rel}","templated":true}]}}