{"id":28692,"date":"2024-02-02T16:43:55","date_gmt":"2024-02-02T14:43:55","guid":{"rendered":"https:\/\/parcavs.com\/?post_type=product&#038;p=28692"},"modified":"2024-08-03T00:00:10","modified_gmt":"2024-08-02T21:00:10","slug":"kaptan-kursun-aku-kutup-basi-915","status":"publish","type":"product","link":"https:\/\/parcavs.com\/index.php\/product\/kaptan-kursun-aku-kutup-basi-915\/","title":{"rendered":"Kaptan Kur\u015fun Ak\u00fc Kutup Ba\u015f\u0131 915"},"content":{"rendered":"<p>915 Kaptan Kur\u015fun Ak\u00fc Kutup Ba\u015f\u0131<br \/>\nKutup Ba\u015f\u0131 Kaptan<br \/>\n\u00dcretici Firma: Kaptan 915<br \/>\nFiyatlar\u0131m\u0131za KDV \u00fccreti dahildir<br \/>\nAd\u0131n\u0131za fatural\u0131 olarak g\u00f6nderilecektir.<br \/>\nKargo ta\u015f\u0131ma \u00fccreti al\u0131c\u0131ya aittir.<br \/>\nAnla\u015fmal\u0131 oldu\u011fumuz kargo firmas\u0131 arac\u0131l\u0131\u011f\u0131yla<br \/>\n\u00dccret al\u0131c\u0131 olarak taraf\u0131n\u0131za g\u00f6nderilecektir.<\/p>\n<p>&nbsp;<\/p>\n","protected":false},"excerpt":{"rendered":"<p><strong>915<\/strong> Kaptan Kur\u015fun <strong>Ak\u00fc Kutup Ba\u015f\u0131<\/strong><br \/>\n<strong>Kutup Ba\u015f\u0131<\/strong> Kaptan<br \/>\n\u00dcretici Firma: <strong>Kaptan 915<\/strong><br \/>\nFiyatlar\u0131m\u0131za <strong>KDV<\/strong> \u00fccreti dahildir<br \/>\nAd\u0131n\u0131za <strong>fatural\u0131<\/strong> olarak g\u00f6nderilecektir.<br \/>\n<strong>Kargo<\/strong> ta\u015f\u0131ma \u00fccreti <strong>al\u0131c\u0131ya<\/strong> aittir.<\/p>\n","protected":false},"featured_media":28693,"comment_status":"open","ping_status":"closed","template":"","meta":{"_monsterinsights_skip_tracking":false,"_monsterinsights_sitenote_active":false,"_monsterinsights_sitenote_note":"","_monsterinsights_sitenote_category":0},"product_brand":[],"product_cat":[15],"product_tag":[8345,8341,8342,8343,8344],"class_list":{"0":"post-28692","1":"product","2":"type-product","3":"status-publish","4":"has-post-thumbnail","6":"product_cat-diger","7":"product_tag-8345","8":"product_tag-kaptan","9":"product_tag-kaptan-915","10":"product_tag-kursun-aku-kutup-basi","11":"product_tag-kutup-basi","13":"first","14":"instock","15":"taxable","16":"shipping-taxable","17":"purchasable","18":"product-type-simple"},"_links":{"self":[{"href":"https:\/\/parcavs.com\/index.php\/wp-json\/wp\/v2\/product\/28692","targetHints":{"allow":["GET"]}}],"collection":[{"href":"https:\/\/parcavs.com\/index.php\/wp-json\/wp\/v2\/product"}],"about":[{"href":"https:\/\/parcavs.com\/index.php\/wp-json\/wp\/v2\/types\/product"}],"replies":[{"embeddable":true,"href":"https:\/\/parcavs.com\/index.php\/wp-json\/wp\/v2\/comments?post=28692"}],"version-history":[{"count":1,"href":"https:\/\/parcavs.com\/index.php\/wp-json\/wp\/v2\/product\/28692\/revisions"}],"predecessor-version":[{"id":28695,"href":"https:\/\/parcavs.com\/index.php\/wp-json\/wp\/v2\/product\/28692\/revisions\/28695"}],"wp:featuredmedia":[{"embeddable":true,"href":"https:\/\/parcavs.com\/index.php\/wp-json\/wp\/v2\/media\/28693"}],"wp:attachment":[{"href":"https:\/\/parcavs.com\/index.php\/wp-json\/wp\/v2\/media?parent=28692"}],"wp:term":[{"taxonomy":"product_brand","embeddable":true,"href":"https:\/\/parcavs.com\/index.php\/wp-json\/wp\/v2\/product_brand?post=28692"},{"taxonomy":"product_cat","embeddable":true,"href":"https:\/\/parcavs.com\/index.php\/wp-json\/wp\/v2\/product_cat?post=28692"},{"taxonomy":"product_tag","embeddable":true,"href":"https:\/\/parcavs.com\/index.php\/wp-json\/wp\/v2\/product_tag?post=28692"}],"curies":[{"name":"wp","href":"https:\/\/api.w.org\/{rel}","templated":true}]}}