{"id":28776,"date":"2024-02-05T10:56:58","date_gmt":"2024-02-05T08:56:58","guid":{"rendered":"https:\/\/parcavs.com\/?post_type=product&#038;p=28776"},"modified":"2024-08-06T00:00:07","modified_gmt":"2024-08-05T21:00:07","slug":"hyundai-i30-1-4-1-6-1-6-crdi-2-0-16v-kia-ceed-1-4-1-6-16v-1-6-crdi-2-0-16v-polen-filtresi-971331h000","status":"publish","type":"product","link":"https:\/\/parcavs.com\/index.php\/product\/hyundai-i30-1-4-1-6-1-6-crdi-2-0-16v-kia-ceed-1-4-1-6-16v-1-6-crdi-2-0-16v-polen-filtresi-971331h000\/","title":{"rendered":"Hyundai \u013030 1.4-1.6-1.6 CRD\u0130-2.0 16V Kia Ceed 1.4-1.6 16V 1.6 CRD\u0130-2.0 16V Polen Filtresi 971331H000"},"content":{"rendered":"<p>971331H000 Hyundai \u013030 1.4-1.6-1.6 CRD\u0130-2.0 16V Kia Ceed 1.4-1.6 16V 1.6 CRD\u0130-2.0 16V Polen Filtresi<br \/>\nFiltre Polen Hyundai Kia<br \/>\n\u00dcretici Firma: Eurofil<br \/>\nFiyatlar\u0131m\u0131za KDV \u00fccreti dahildir<br \/>\nAd\u0131n\u0131za fatural\u0131 olarak g\u00f6nderilecektir.<br \/>\nKargo ta\u015f\u0131ma \u00fccreti al\u0131c\u0131ya aittir.<br \/>\nAnla\u015fmal\u0131 oldu\u011fumuz kargo firmas\u0131 arac\u0131l\u0131\u011f\u0131yla<br \/>\n\u00dccret al\u0131c\u0131 olarak taraf\u0131n\u0131za g\u00f6nderilecektir.<\/p>\n","protected":false},"excerpt":{"rendered":"<p><strong>971331H000<\/strong> Hyundai <strong>\u013030<\/strong> 1.4-1.6-1.6 CRD\u0130-2.0 16V <strong>Kia<\/strong> Ceed 1.4-1.6 16V 1.6 CRD\u0130-2.0 16V <strong>Polen Filtresi<\/strong><br \/>\n<strong>Filtre Polen<\/strong> Hyundai <strong>Kia<\/strong><br \/>\n\u00dcretici Firma: <strong>Eurofil 971331H000\u00a0<\/strong><br \/>\nFiyatlar\u0131m\u0131za <strong>KDV<\/strong> \u00fccreti dahildir<br \/>\nAd\u0131n\u0131za <strong>fatural\u0131<\/strong> olarak g\u00f6nderilecektir.<br \/>\n<strong>Kargo<\/strong> ta\u015f\u0131ma \u00fccreti <strong>al\u0131c\u0131ya<\/strong> aittir.<\/p>\n","protected":false},"featured_media":28777,"comment_status":"open","ping_status":"closed","template":"","meta":{"_monsterinsights_skip_tracking":false,"_monsterinsights_sitenote_active":false,"_monsterinsights_sitenote_note":"","_monsterinsights_sitenote_category":0},"product_brand":[],"product_cat":[15],"product_tag":[8412,8414,8411,8413,3418,2929,8409,8410,6211,1106],"class_list":{"0":"post-28776","1":"product","2":"type-product","3":"status-publish","4":"has-post-thumbnail","6":"product_cat-diger","7":"product_tag-1-4-1-6-16v-1-6-crdi-2-0-16v","8":"product_tag-971331h000","9":"product_tag-ceed","10":"product_tag-eurofil","11":"product_tag-filtre-polen","12":"product_tag-hyundai","13":"product_tag-i30","14":"product_tag-i30-1-4-1-6-1-6-crdi-2-0-16v","15":"product_tag-kia","16":"product_tag-polen-filtresi","18":"first","19":"instock","20":"taxable","21":"shipping-taxable","22":"purchasable","23":"product-type-simple"},"_links":{"self":[{"href":"https:\/\/parcavs.com\/index.php\/wp-json\/wp\/v2\/product\/28776","targetHints":{"allow":["GET"]}}],"collection":[{"href":"https:\/\/parcavs.com\/index.php\/wp-json\/wp\/v2\/product"}],"about":[{"href":"https:\/\/parcavs.com\/index.php\/wp-json\/wp\/v2\/types\/product"}],"replies":[{"embeddable":true,"href":"https:\/\/parcavs.com\/index.php\/wp-json\/wp\/v2\/comments?post=28776"}],"version-history":[{"count":1,"href":"https:\/\/parcavs.com\/index.php\/wp-json\/wp\/v2\/product\/28776\/revisions"}],"predecessor-version":[{"id":28779,"href":"https:\/\/parcavs.com\/index.php\/wp-json\/wp\/v2\/product\/28776\/revisions\/28779"}],"wp:featuredmedia":[{"embeddable":true,"href":"https:\/\/parcavs.com\/index.php\/wp-json\/wp\/v2\/media\/28777"}],"wp:attachment":[{"href":"https:\/\/parcavs.com\/index.php\/wp-json\/wp\/v2\/media?parent=28776"}],"wp:term":[{"taxonomy":"product_brand","embeddable":true,"href":"https:\/\/parcavs.com\/index.php\/wp-json\/wp\/v2\/product_brand?post=28776"},{"taxonomy":"product_cat","embeddable":true,"href":"https:\/\/parcavs.com\/index.php\/wp-json\/wp\/v2\/product_cat?post=28776"},{"taxonomy":"product_tag","embeddable":true,"href":"https:\/\/parcavs.com\/index.php\/wp-json\/wp\/v2\/product_tag?post=28776"}],"curies":[{"name":"wp","href":"https:\/\/api.w.org\/{rel}","templated":true}]}}