{"id":28802,"date":"2024-02-05T13:21:49","date_gmt":"2024-02-05T11:21:49","guid":{"rendered":"https:\/\/parcavs.com\/?post_type=product&#038;p=28802"},"modified":"2024-08-06T00:00:08","modified_gmt":"2024-08-05T21:00:08","slug":"hejalux-24v-h4-75-70w-43t-tirnakli-halojen-ampul-13798","status":"publish","type":"product","link":"https:\/\/parcavs.com\/index.php\/product\/hejalux-24v-h4-75-70w-43t-tirnakli-halojen-ampul-13798\/","title":{"rendered":"Hejalux 24V H4 75 \/ 70W 43T T\u0131rnakl\u0131 Halojen Ampul 13798"},"content":{"rendered":"<p>13798 Hejalux 24V H4 75\/70W 43T T\u0131rnakl\u0131 Halojen Ampul<br \/>\nHalojen Ampul 24V 75\/70W<br \/>\n\u00dcretici Firma: Hejalux<br \/>\nFiyatlar\u0131m\u0131za KDV \u00fccreti dahildir<br \/>\nAd\u0131n\u0131za fatural\u0131 olarak g\u00f6nderilecektir.<br \/>\nKargo ta\u015f\u0131ma \u00fccreti al\u0131c\u0131ya aittir.<br \/>\nAnla\u015fmal\u0131 oldu\u011fumuz kargo firmas\u0131 arac\u0131l\u0131\u011f\u0131yla<br \/>\n\u00dccret al\u0131c\u0131 olarak taraf\u0131n\u0131za g\u00f6nderilecektir.<\/p>\n","protected":false},"excerpt":{"rendered":"<p><strong>13798<\/strong> Hejalux <strong>24V H4 75\/70W<\/strong> 43T <strong>T\u0131rnakl\u0131 Halojen Ampul<\/strong><br \/>\n<strong>Halojen Ampul<\/strong> 24V 75\/70W<br \/>\n\u00dcretici Firma: <strong>Hejalux<\/strong><br \/>\nFiyatlar\u0131m\u0131za <strong>KDV<\/strong> \u00fccreti dahildir<br \/>\nAd\u0131n\u0131za <strong>fatural\u0131<\/strong> olarak g\u00f6nderilecektir.<br \/>\n<strong>Kargo<\/strong> ta\u015f\u0131ma \u00fccreti <strong>al\u0131c\u0131ya<\/strong> aittir.<\/p>\n","protected":false},"featured_media":28804,"comment_status":"open","ping_status":"closed","template":"","meta":{"_monsterinsights_skip_tracking":false,"_monsterinsights_sitenote_active":false,"_monsterinsights_sitenote_note":"","_monsterinsights_sitenote_category":0},"product_brand":[],"product_cat":[15],"product_tag":[8440,8438,8439,8436,8437],"class_list":{"0":"post-28802","1":"product","2":"type-product","3":"status-publish","4":"has-post-thumbnail","6":"product_cat-diger","7":"product_tag-8440","8":"product_tag-24v-h4-75-70w-43t","9":"product_tag-halojen-ampul-24v-75-70w","10":"product_tag-hejalux","11":"product_tag-tirnakli-halojen-ampul","13":"first","14":"instock","15":"taxable","16":"shipping-taxable","17":"purchasable","18":"product-type-simple"},"_links":{"self":[{"href":"https:\/\/parcavs.com\/index.php\/wp-json\/wp\/v2\/product\/28802","targetHints":{"allow":["GET"]}}],"collection":[{"href":"https:\/\/parcavs.com\/index.php\/wp-json\/wp\/v2\/product"}],"about":[{"href":"https:\/\/parcavs.com\/index.php\/wp-json\/wp\/v2\/types\/product"}],"replies":[{"embeddable":true,"href":"https:\/\/parcavs.com\/index.php\/wp-json\/wp\/v2\/comments?post=28802"}],"version-history":[{"count":1,"href":"https:\/\/parcavs.com\/index.php\/wp-json\/wp\/v2\/product\/28802\/revisions"}],"predecessor-version":[{"id":28803,"href":"https:\/\/parcavs.com\/index.php\/wp-json\/wp\/v2\/product\/28802\/revisions\/28803"}],"wp:featuredmedia":[{"embeddable":true,"href":"https:\/\/parcavs.com\/index.php\/wp-json\/wp\/v2\/media\/28804"}],"wp:attachment":[{"href":"https:\/\/parcavs.com\/index.php\/wp-json\/wp\/v2\/media?parent=28802"}],"wp:term":[{"taxonomy":"product_brand","embeddable":true,"href":"https:\/\/parcavs.com\/index.php\/wp-json\/wp\/v2\/product_brand?post=28802"},{"taxonomy":"product_cat","embeddable":true,"href":"https:\/\/parcavs.com\/index.php\/wp-json\/wp\/v2\/product_cat?post=28802"},{"taxonomy":"product_tag","embeddable":true,"href":"https:\/\/parcavs.com\/index.php\/wp-json\/wp\/v2\/product_tag?post=28802"}],"curies":[{"name":"wp","href":"https:\/\/api.w.org\/{rel}","templated":true}]}}