{"id":28817,"date":"2024-02-05T14:50:05","date_gmt":"2024-02-05T12:50:05","guid":{"rendered":"https:\/\/parcavs.com\/?post_type=product&#038;p=28817"},"modified":"2024-08-06T00:00:08","modified_gmt":"2024-08-05T21:00:08","slug":"taiyi-h4-12v-60-55-watt-p45t-far-ampulu-tirnakli","status":"publish","type":"product","link":"https:\/\/parcavs.com\/index.php\/product\/taiyi-h4-12v-60-55-watt-p45t-far-ampulu-tirnakli\/","title":{"rendered":"Ta\u0131y\u0131 H4 12V 60\/55 Watt P45T Far Ampul\u00fc T\u0131rnakl\u0131"},"content":{"rendered":"<p>Ta\u0131y\u0131 H4 12V 60\/55 Watt P45T Far Ampul\u00fc T\u0131rnakl\u0131<br \/>\nFar Ampul\u00fc T\u0131rnakl\u0131 12V 60\/55 Watt<br \/>\n\u00dcretici Firma: Ta\u0131y\u0131<br \/>\nFiyatlar\u0131m\u0131za KDV \u00fccreti dahildir<br \/>\nAd\u0131n\u0131za fatural\u0131 olarak g\u00f6nderilecektir.<br \/>\nKargo ta\u015f\u0131ma \u00fccreti al\u0131c\u0131ya aittir.<br \/>\nAnla\u015fmal\u0131 oldu\u011fumuz kargo firmas\u0131 arac\u0131l\u0131\u011f\u0131yla<br \/>\n\u00dccret al\u0131c\u0131 olarak taraf\u0131n\u0131za g\u00f6nderilecektir.<\/p>\n","protected":false},"excerpt":{"rendered":"<p><strong>Ta\u0131y\u0131<\/strong> H4 <strong>12V 60\/55 Watt<\/strong> P45T<strong> Far Ampul\u00fc T\u0131rnakl\u0131<\/strong><br \/>\n<strong>Far Ampul\u00fc T\u0131rnakl\u0131<\/strong> 12V 60\/55 Watt<br \/>\n\u00dcretici Firma: <strong>Ta\u0131y\u0131<\/strong><br \/>\nFiyatlar\u0131m\u0131za <strong>KDV<\/strong> \u00fccreti dahildir<br \/>\nAd\u0131n\u0131za <strong>fatural\u0131<\/strong> olarak g\u00f6nderilecektir.<br \/>\n<strong>Kargo<\/strong> ta\u015f\u0131ma \u00fccreti <strong>al\u0131c\u0131ya<\/strong> aittir.<\/p>\n","protected":false},"featured_media":28818,"comment_status":"open","ping_status":"closed","template":"","meta":{"_monsterinsights_skip_tracking":false,"_monsterinsights_sitenote_active":false,"_monsterinsights_sitenote_note":"","_monsterinsights_sitenote_category":0},"product_brand":[],"product_cat":[15],"product_tag":[8448,8459,8458],"class_list":{"0":"post-28817","1":"product","2":"type-product","3":"status-publish","4":"has-post-thumbnail","6":"product_cat-diger","7":"product_tag-far-ampulu-tirnakli","8":"product_tag-h4-12v-60-55-watt","9":"product_tag-taiyi","11":"first","12":"instock","13":"taxable","14":"shipping-taxable","15":"purchasable","16":"product-type-simple"},"_links":{"self":[{"href":"https:\/\/parcavs.com\/index.php\/wp-json\/wp\/v2\/product\/28817","targetHints":{"allow":["GET"]}}],"collection":[{"href":"https:\/\/parcavs.com\/index.php\/wp-json\/wp\/v2\/product"}],"about":[{"href":"https:\/\/parcavs.com\/index.php\/wp-json\/wp\/v2\/types\/product"}],"replies":[{"embeddable":true,"href":"https:\/\/parcavs.com\/index.php\/wp-json\/wp\/v2\/comments?post=28817"}],"version-history":[{"count":2,"href":"https:\/\/parcavs.com\/index.php\/wp-json\/wp\/v2\/product\/28817\/revisions"}],"predecessor-version":[{"id":28889,"href":"https:\/\/parcavs.com\/index.php\/wp-json\/wp\/v2\/product\/28817\/revisions\/28889"}],"wp:featuredmedia":[{"embeddable":true,"href":"https:\/\/parcavs.com\/index.php\/wp-json\/wp\/v2\/media\/28818"}],"wp:attachment":[{"href":"https:\/\/parcavs.com\/index.php\/wp-json\/wp\/v2\/media?parent=28817"}],"wp:term":[{"taxonomy":"product_brand","embeddable":true,"href":"https:\/\/parcavs.com\/index.php\/wp-json\/wp\/v2\/product_brand?post=28817"},{"taxonomy":"product_cat","embeddable":true,"href":"https:\/\/parcavs.com\/index.php\/wp-json\/wp\/v2\/product_cat?post=28817"},{"taxonomy":"product_tag","embeddable":true,"href":"https:\/\/parcavs.com\/index.php\/wp-json\/wp\/v2\/product_tag?post=28817"}],"curies":[{"name":"wp","href":"https:\/\/api.w.org\/{rel}","templated":true}]}}